{"id":335674,"date":"2026-03-07T18:48:07","date_gmt":"2026-03-07T15:48:07","guid":{"rendered":"https:\/\/baldumarket.lt\/?post_type=product&#038;p=335674"},"modified":"2026-03-26T18:06:57","modified_gmt":"2026-03-26T15:06:57","slug":"piotr-b","status":"publish","type":"product","link":"https:\/\/baldumarket.lt\/lt\/product\/piotr-b\/","title":{"rendered":"Bald\u0173 sienel\u0117 PIOTR B"},"content":{"rendered":"<p>Plotis\/Auk\u0161tis\/Gylis: 240\/196\/53 cm<\/p>\n<p>PIOTR B jaunimo komplektas puikiai papildys bet kurio jauno \u017emogaus kambar\u012f. Unikalus dizainas suteiks stiliaus ir pabr\u0117\u0161 jaunatvi\u0161k\u0105 kambario charakter\u012f. Tai puikus sprendimas visiems, kurie vertina funkcionalum\u0105 savo vaik\u0173 erdv\u0117je. D\u0117l daugyb\u0117s stal\u010di\u0173 ir lentyn\u0173 baldai yra labai erdv\u016bs ir funkcional\u016bs.<br \/>\nMatmenys:<br \/>\n\u2013 Plotis 240 cm \/ Auk\u0161tis 196 cm \/ Gylis 53 cm<br \/>\nPapildoma informacija:<br \/>\n\u012e komplekt\u0105 \u012feina \u0161ie baldai (plotis\/auk\u0161tis\/gylis):<\/p>\n<p>\u2013 Spinta 80\/196\/53 cm su dviem apatin\u0117mis durel\u0117mis ir drabu\u017ei\u0173 pakaba,<\/p>\n<p>\u2013 Lentyn\u0173 blokas su lentynomis 160\/196\/53 cm; ni\u0161a televizoriui,<\/p>\n<p>\u2013 modernus 120 cm plo\u010dio ra\u0161omasis stalas su stal\u010diais,<\/p>\n<p>\u2013 baldai pagaminti i\u0161 16 mm storio laminuotos plok\u0161t\u0117s,<\/p>\n<p>\u2013 auk\u0161tos kokyb\u0117s plastikin\u0117s rankenos u\u017etikrina patvarum\u0105 ir naudojimo patogum\u0105.<\/p>\n<p>\u2013 baldai yra nauji, supakuoti \u012f savaranki\u0161kai surinkamas pakuotes,<\/p>\n<p>\u2013 pridedamos ai\u0161kios instrukcijos ir priedai.<\/p>","protected":false},"excerpt":{"rendered":"<p>Plotis\/Auk\u0161tis\/Gylis: 240\/196\/53 cm. Jaunimo komplektas PIOTR B puikiai papildys bet kurio jauno \u017emogaus kambar\u012f. Unikalus dizainas suteiks jam stiliaus ir pabr\u0117\u0161 jaunatvi\u0161k\u0105 kambario charakter\u012f. Tai puikus sprendimas visiems, kurie vertina funkcionalum\u0105 savo vaik\u0173 erdv\u0117je. Baldai yra labai erdv\u016bs ir funkcional\u016bs d\u0117l daugyb\u0117s [\u2026]<\/p>","protected":false},"featured_media":335719,"comment_status":"open","ping_status":"closed","template":"","meta":[],"product_brand":[],"product_cat":[9881,9879,9134],"product_tag":[],"class_list":{"0":"post-335674","1":"product","2":"type-product","3":"status-publish","4":"has-post-thumbnail","6":"product_cat-furniture-for-young-people-krajan","7":"product_cat-krajan","8":"product_cat-bedroom-sets","10":"first","11":"instock","12":"shipping-taxable","13":"purchasable","14":"product-type-variable","15":"wvs-archive-product-wrapper"},"_links":{"self":[{"href":"https:\/\/baldumarket.lt\/lt\/wp-json\/wp\/v2\/product\/335674","targetHints":{"allow":["GET"]}}],"collection":[{"href":"https:\/\/baldumarket.lt\/lt\/wp-json\/wp\/v2\/product"}],"about":[{"href":"https:\/\/baldumarket.lt\/lt\/wp-json\/wp\/v2\/types\/product"}],"replies":[{"embeddable":true,"href":"https:\/\/baldumarket.lt\/lt\/wp-json\/wp\/v2\/comments?post=335674"}],"wp:featuredmedia":[{"embeddable":true,"href":"https:\/\/baldumarket.lt\/lt\/wp-json\/wp\/v2\/media\/335719"}],"wp:attachment":[{"href":"https:\/\/baldumarket.lt\/lt\/wp-json\/wp\/v2\/media?parent=335674"}],"wp:term":[{"taxonomy":"product_brand","embeddable":true,"href":"https:\/\/baldumarket.lt\/lt\/wp-json\/wp\/v2\/product_brand?post=335674"},{"taxonomy":"product_cat","embeddable":true,"href":"https:\/\/baldumarket.lt\/lt\/wp-json\/wp\/v2\/product_cat?post=335674"},{"taxonomy":"product_tag","embeddable":true,"href":"https:\/\/baldumarket.lt\/lt\/wp-json\/wp\/v2\/product_tag?post=335674"}],"curies":[{"name":"wp","href":"https:\/\/api.w.org\/{rel}","templated":true}]}}