{"id":335670,"date":"2026-03-07T18:47:59","date_gmt":"2026-03-07T15:47:59","guid":{"rendered":"https:\/\/baldumarket.lt\/?post_type=product&#038;p=335670"},"modified":"2026-03-26T18:06:57","modified_gmt":"2026-03-26T15:06:57","slug":"pola","status":"publish","type":"product","link":"https:\/\/baldumarket.lt\/lt\/product\/pola\/","title":{"rendered":"Prie\u0161kambaris POLA"},"content":{"rendered":"<p>Informacija:<br \/>\nPlotis\/Auk\u0161tis\/Gylis: 160\/200\/40 cm<br \/>\nKairiosios lentynos plotis: 50 cm (su i\u0161traukiama strypu viduje)<\/p>\n<p>Vidurin\u0117s lentynos su pakaba plotis: 60 cm<\/p>\n<p>Komodos plotis: 50 cm<\/p>\n<p>Veidrodin\u0117 l\u0117k\u0161t\u0117: 109 x 43 cm<br \/>\nSpalva nuotraukoje: Sonoma<\/p>","protected":false},"excerpt":{"rendered":"<p>Informacija: Plotis\/Auk\u0161tis\/Gylis: 160\/200\/40 cm Kairiosios lentynos plotis: 50 cm (su i\u0161traukiamu strypu viduje) Vidurin\u0117s lentynos su pakaba plotis: 60 cm Komodos plotis: 50 cm Veidrodin\u0117s plok\u0161t\u0117s matmenys: 109 x 43 cm Spalva nuotraukoje: Sonoma<\/p>","protected":false},"featured_media":335710,"comment_status":"open","ping_status":"closed","template":"","meta":[],"product_brand":[],"product_cat":[9879,9884,1177],"product_tag":[],"class_list":{"0":"post-335670","1":"product","2":"type-product","3":"status-publish","4":"has-post-thumbnail","6":"product_cat-krajan","7":"product_cat-wardrobes-krajan","8":"product_cat-wardrobes","10":"first","11":"instock","12":"shipping-taxable","13":"purchasable","14":"product-type-variable","15":"wvs-archive-product-wrapper"},"_links":{"self":[{"href":"https:\/\/baldumarket.lt\/lt\/wp-json\/wp\/v2\/product\/335670","targetHints":{"allow":["GET"]}}],"collection":[{"href":"https:\/\/baldumarket.lt\/lt\/wp-json\/wp\/v2\/product"}],"about":[{"href":"https:\/\/baldumarket.lt\/lt\/wp-json\/wp\/v2\/types\/product"}],"replies":[{"embeddable":true,"href":"https:\/\/baldumarket.lt\/lt\/wp-json\/wp\/v2\/comments?post=335670"}],"wp:featuredmedia":[{"embeddable":true,"href":"https:\/\/baldumarket.lt\/lt\/wp-json\/wp\/v2\/media\/335710"}],"wp:attachment":[{"href":"https:\/\/baldumarket.lt\/lt\/wp-json\/wp\/v2\/media?parent=335670"}],"wp:term":[{"taxonomy":"product_brand","embeddable":true,"href":"https:\/\/baldumarket.lt\/lt\/wp-json\/wp\/v2\/product_brand?post=335670"},{"taxonomy":"product_cat","embeddable":true,"href":"https:\/\/baldumarket.lt\/lt\/wp-json\/wp\/v2\/product_cat?post=335670"},{"taxonomy":"product_tag","embeddable":true,"href":"https:\/\/baldumarket.lt\/lt\/wp-json\/wp\/v2\/product_tag?post=335670"}],"curies":[{"name":"wp","href":"https:\/\/api.w.org\/{rel}","templated":true}]}}