{"id":335666,"date":"2026-03-07T18:47:26","date_gmt":"2026-03-07T15:47:26","guid":{"rendered":"https:\/\/baldumarket.lt\/?post_type=product&#038;p=335666"},"modified":"2026-03-26T18:06:57","modified_gmt":"2026-03-26T15:06:57","slug":"edp-1-lentyna","status":"publish","type":"product","link":"https:\/\/baldumarket.lt\/lt\/product\/edp-1-lentyna\/","title":{"rendered":"EDEN EDP-1 lentyna"},"content":{"rendered":"<p>\u2013 EDP-1 lentyna \u2013 (150\/90\/32 cm)<br \/>\n\u2013 sistema i\u0161 vizualizacijos, pagaminta spalva: kaln\u0173 uosis \/ portlando uosis<\/p>","protected":false},"excerpt":{"rendered":"<p>\u2013 EDP-1 Lentyna \u2013 (150\/90\/32 cm) \u2013 sistema i\u0161 vizualizacijos, pagaminta i\u0161 kaln\u0173 uosio\/portlando uosio spalvos<\/p>","protected":false},"featured_media":335709,"comment_status":"open","ping_status":"closed","template":"","meta":[],"product_brand":[],"product_cat":[9929,9879,1174],"product_tag":[],"class_list":{"0":"post-335666","1":"product","2":"type-product","3":"status-publish","4":"has-post-thumbnail","6":"product_cat-furniture-system-eden","7":"product_cat-krajan","8":"product_cat-hanging-shelves","10":"first","11":"instock","12":"shipping-taxable","13":"purchasable","14":"product-type-variable","15":"wvs-archive-product-wrapper"},"_links":{"self":[{"href":"https:\/\/baldumarket.lt\/lt\/wp-json\/wp\/v2\/product\/335666","targetHints":{"allow":["GET"]}}],"collection":[{"href":"https:\/\/baldumarket.lt\/lt\/wp-json\/wp\/v2\/product"}],"about":[{"href":"https:\/\/baldumarket.lt\/lt\/wp-json\/wp\/v2\/types\/product"}],"replies":[{"embeddable":true,"href":"https:\/\/baldumarket.lt\/lt\/wp-json\/wp\/v2\/comments?post=335666"}],"wp:featuredmedia":[{"embeddable":true,"href":"https:\/\/baldumarket.lt\/lt\/wp-json\/wp\/v2\/media\/335709"}],"wp:attachment":[{"href":"https:\/\/baldumarket.lt\/lt\/wp-json\/wp\/v2\/media?parent=335666"}],"wp:term":[{"taxonomy":"product_brand","embeddable":true,"href":"https:\/\/baldumarket.lt\/lt\/wp-json\/wp\/v2\/product_brand?post=335666"},{"taxonomy":"product_cat","embeddable":true,"href":"https:\/\/baldumarket.lt\/lt\/wp-json\/wp\/v2\/product_cat?post=335666"},{"taxonomy":"product_tag","embeddable":true,"href":"https:\/\/baldumarket.lt\/lt\/wp-json\/wp\/v2\/product_tag?post=335666"}],"curies":[{"name":"wp","href":"https:\/\/api.w.org\/{rel}","templated":true}]}}