{"id":335662,"date":"2026-03-07T18:47:21","date_gmt":"2026-03-07T15:47:21","guid":{"rendered":"https:\/\/baldumarket.lt\/?post_type=product&#038;p=335662"},"modified":"2026-03-26T18:06:57","modified_gmt":"2026-03-26T15:06:57","slug":"edp-3-lentyna","status":"publish","type":"product","link":"https:\/\/baldumarket.lt\/lt\/product\/edp-3-lentyna\/","title":{"rendered":"EDEN EDP-3 lentyna"},"content":{"rendered":"<p>\u2013 EDP-3 lentyna \u2013 (150\/34\/24 cm)<br \/>\n\u2013 sistema i\u0161 vizualizacijos, pagaminta spalva: kaln\u0173 uosis \/ portlando uosis<\/p>","protected":false},"excerpt":{"rendered":"<p>\u2013 EDP-3 lentyna \u2013 (150\/34\/24 cm) \u2013 sistema i\u0161 vizualizacijos, pagaminta i\u0161 kaln\u0173 uosio \/ portlandmed\u017eio spalvos<\/p>","protected":false},"featured_media":335700,"comment_status":"open","ping_status":"closed","template":"","meta":[],"product_brand":[],"product_cat":[9929,9879,1174],"product_tag":[],"class_list":{"0":"post-335662","1":"product","2":"type-product","3":"status-publish","4":"has-post-thumbnail","6":"product_cat-furniture-system-eden","7":"product_cat-krajan","8":"product_cat-hanging-shelves","10":"first","11":"instock","12":"shipping-taxable","13":"purchasable","14":"product-type-variable","15":"wvs-archive-product-wrapper"},"_links":{"self":[{"href":"https:\/\/baldumarket.lt\/lt\/wp-json\/wp\/v2\/product\/335662","targetHints":{"allow":["GET"]}}],"collection":[{"href":"https:\/\/baldumarket.lt\/lt\/wp-json\/wp\/v2\/product"}],"about":[{"href":"https:\/\/baldumarket.lt\/lt\/wp-json\/wp\/v2\/types\/product"}],"replies":[{"embeddable":true,"href":"https:\/\/baldumarket.lt\/lt\/wp-json\/wp\/v2\/comments?post=335662"}],"wp:featuredmedia":[{"embeddable":true,"href":"https:\/\/baldumarket.lt\/lt\/wp-json\/wp\/v2\/media\/335700"}],"wp:attachment":[{"href":"https:\/\/baldumarket.lt\/lt\/wp-json\/wp\/v2\/media?parent=335662"}],"wp:term":[{"taxonomy":"product_brand","embeddable":true,"href":"https:\/\/baldumarket.lt\/lt\/wp-json\/wp\/v2\/product_brand?post=335662"},{"taxonomy":"product_cat","embeddable":true,"href":"https:\/\/baldumarket.lt\/lt\/wp-json\/wp\/v2\/product_cat?post=335662"},{"taxonomy":"product_tag","embeddable":true,"href":"https:\/\/baldumarket.lt\/lt\/wp-json\/wp\/v2\/product_tag?post=335662"}],"curies":[{"name":"wp","href":"https:\/\/api.w.org\/{rel}","templated":true}]}}