{"id":335658,"date":"2026-03-07T18:47:11","date_gmt":"2026-03-07T15:47:11","guid":{"rendered":"https:\/\/baldumarket.lt\/?post_type=product&#038;p=335658"},"modified":"2026-03-26T18:06:57","modified_gmt":"2026-03-26T15:06:57","slug":"onp-1-lentyna","status":"publish","type":"product","link":"https:\/\/baldumarket.lt\/lt\/product\/onp-1-lentyna\/","title":{"rendered":"ONYX ONP-1 lentyna"},"content":{"rendered":"<p>\u2013 ONP-1 lentyna \u2013 (160\/58\/23,6 cm)<br \/>\n\u2013 sistema i\u0161 vizualizacijos, pagaminta spalva: \u0105\u017euolas \u201eLancelot\u201c<\/p>","protected":false},"excerpt":{"rendered":"<p>\u2013 ONP-1 Lentyna \u2013 (160\/58\/23,6 cm) \u2013 sistema i\u0161 vizualizacijos, pagaminta i\u0161 \u0105\u017euolo \u201eLancelot\u201c spalvos<\/p>","protected":false},"featured_media":335690,"comment_status":"open","ping_status":"closed","template":"","meta":[],"product_brand":[],"product_cat":[9941,9879,1174],"product_tag":[],"class_list":{"0":"post-335658","1":"product","2":"type-product","3":"status-publish","4":"has-post-thumbnail","6":"product_cat-furniture-system-onyx","7":"product_cat-krajan","8":"product_cat-hanging-shelves","10":"first","11":"instock","12":"shipping-taxable","13":"purchasable","14":"product-type-variable","15":"wvs-archive-product-wrapper"},"_links":{"self":[{"href":"https:\/\/baldumarket.lt\/lt\/wp-json\/wp\/v2\/product\/335658","targetHints":{"allow":["GET"]}}],"collection":[{"href":"https:\/\/baldumarket.lt\/lt\/wp-json\/wp\/v2\/product"}],"about":[{"href":"https:\/\/baldumarket.lt\/lt\/wp-json\/wp\/v2\/types\/product"}],"replies":[{"embeddable":true,"href":"https:\/\/baldumarket.lt\/lt\/wp-json\/wp\/v2\/comments?post=335658"}],"wp:featuredmedia":[{"embeddable":true,"href":"https:\/\/baldumarket.lt\/lt\/wp-json\/wp\/v2\/media\/335690"}],"wp:attachment":[{"href":"https:\/\/baldumarket.lt\/lt\/wp-json\/wp\/v2\/media?parent=335658"}],"wp:term":[{"taxonomy":"product_brand","embeddable":true,"href":"https:\/\/baldumarket.lt\/lt\/wp-json\/wp\/v2\/product_brand?post=335658"},{"taxonomy":"product_cat","embeddable":true,"href":"https:\/\/baldumarket.lt\/lt\/wp-json\/wp\/v2\/product_cat?post=335658"},{"taxonomy":"product_tag","embeddable":true,"href":"https:\/\/baldumarket.lt\/lt\/wp-json\/wp\/v2\/product_tag?post=335658"}],"curies":[{"name":"wp","href":"https:\/\/api.w.org\/{rel}","templated":true}]}}