{"id":335649,"date":"2026-03-07T18:46:27","date_gmt":"2026-03-07T15:46:27","guid":{"rendered":"https:\/\/baldumarket.lt\/?post_type=product&#038;p=335649"},"modified":"2026-03-26T18:06:57","modified_gmt":"2026-03-26T15:06:57","slug":"wip-1-lentyna","status":"publish","type":"product","link":"https:\/\/baldumarket.lt\/lt\/product\/wip-1-lentyna\/","title":{"rendered":"WIVA WIP-1 lentel\u0117"},"content":{"rendered":"<p>\u2013 WIP-1 lentyna \u2013 (160\/58\/23,6 cm)<br \/>\n\u2013 sistema i\u0161 vizualizacijos, apdailinta sidabriniu \u0105\u017euolu<\/p>","protected":false},"excerpt":{"rendered":"<p>amatininkas\/dab amatas<br \/>\nd\u0105b srebrny\/wellington<br \/>\nd\u0105b srebrny\/d\u0105b craft<br \/>\njesion g\u00f3rski\/dab craft<br \/>\njesion portland\/artasan<\/p>","protected":false},"featured_media":335687,"comment_status":"open","ping_status":"closed","template":"","meta":[],"product_brand":[],"product_cat":[9949,9879,1174],"product_tag":[],"class_list":{"0":"post-335649","1":"product","2":"type-product","3":"status-publish","4":"has-post-thumbnail","6":"product_cat-furniture-system-wiva","7":"product_cat-krajan","8":"product_cat-hanging-shelves","10":"first","11":"instock","12":"shipping-taxable","13":"purchasable","14":"product-type-variable","15":"wvs-archive-product-wrapper"},"_links":{"self":[{"href":"https:\/\/baldumarket.lt\/lt\/wp-json\/wp\/v2\/product\/335649","targetHints":{"allow":["GET"]}}],"collection":[{"href":"https:\/\/baldumarket.lt\/lt\/wp-json\/wp\/v2\/product"}],"about":[{"href":"https:\/\/baldumarket.lt\/lt\/wp-json\/wp\/v2\/types\/product"}],"replies":[{"embeddable":true,"href":"https:\/\/baldumarket.lt\/lt\/wp-json\/wp\/v2\/comments?post=335649"}],"wp:featuredmedia":[{"embeddable":true,"href":"https:\/\/baldumarket.lt\/lt\/wp-json\/wp\/v2\/media\/335687"}],"wp:attachment":[{"href":"https:\/\/baldumarket.lt\/lt\/wp-json\/wp\/v2\/media?parent=335649"}],"wp:term":[{"taxonomy":"product_brand","embeddable":true,"href":"https:\/\/baldumarket.lt\/lt\/wp-json\/wp\/v2\/product_brand?post=335649"},{"taxonomy":"product_cat","embeddable":true,"href":"https:\/\/baldumarket.lt\/lt\/wp-json\/wp\/v2\/product_cat?post=335649"},{"taxonomy":"product_tag","embeddable":true,"href":"https:\/\/baldumarket.lt\/lt\/wp-json\/wp\/v2\/product_tag?post=335649"}],"curies":[{"name":"wp","href":"https:\/\/api.w.org\/{rel}","templated":true}]}}