{"id":335641,"date":"2026-03-07T18:45:44","date_gmt":"2026-03-07T15:45:44","guid":{"rendered":"https:\/\/baldumarket.lt\/?post_type=product&#038;p=335641"},"modified":"2026-03-26T18:06:57","modified_gmt":"2026-03-26T15:06:57","slug":"fenix-fep-1-pakabinama-lentyna","status":"publish","type":"product","link":"https:\/\/baldumarket.lt\/lt\/product\/fenix-fep-1-pakabinama-lentyna\/","title":{"rendered":"FENIX FEP-1 pakabinama lentyna"},"content":{"rendered":"<p>Plotis\/Auk\u0161tis\/Gylis: 110\/20 cm<br \/>\nVizualizacijoje pavaizduota lentyna yra \u0161i\u0173 spalv\u0173: j.portland\/artisan<\/p>","protected":false},"excerpt":{"rendered":"<p>Plotis\/Auk\u0161tis\/Gylis: 110\/20 cm Vizualizacijoje pavaizduota lentyna yra \u0161i\u0173 spalv\u0173: j.portland\/artisan<\/p>","protected":false},"featured_media":335677,"comment_status":"open","ping_status":"closed","template":"","meta":[],"product_brand":[],"product_cat":[9932,9879,1174],"product_tag":[],"class_list":{"0":"post-335641","1":"product","2":"type-product","3":"status-publish","4":"has-post-thumbnail","6":"product_cat-furniture-system-phoenix","7":"product_cat-krajan","8":"product_cat-hanging-shelves","10":"first","11":"instock","12":"shipping-taxable","13":"purchasable","14":"product-type-variable","15":"wvs-archive-product-wrapper"},"_links":{"self":[{"href":"https:\/\/baldumarket.lt\/lt\/wp-json\/wp\/v2\/product\/335641","targetHints":{"allow":["GET"]}}],"collection":[{"href":"https:\/\/baldumarket.lt\/lt\/wp-json\/wp\/v2\/product"}],"about":[{"href":"https:\/\/baldumarket.lt\/lt\/wp-json\/wp\/v2\/types\/product"}],"replies":[{"embeddable":true,"href":"https:\/\/baldumarket.lt\/lt\/wp-json\/wp\/v2\/comments?post=335641"}],"wp:featuredmedia":[{"embeddable":true,"href":"https:\/\/baldumarket.lt\/lt\/wp-json\/wp\/v2\/media\/335677"}],"wp:attachment":[{"href":"https:\/\/baldumarket.lt\/lt\/wp-json\/wp\/v2\/media?parent=335641"}],"wp:term":[{"taxonomy":"product_brand","embeddable":true,"href":"https:\/\/baldumarket.lt\/lt\/wp-json\/wp\/v2\/product_brand?post=335641"},{"taxonomy":"product_cat","embeddable":true,"href":"https:\/\/baldumarket.lt\/lt\/wp-json\/wp\/v2\/product_cat?post=335641"},{"taxonomy":"product_tag","embeddable":true,"href":"https:\/\/baldumarket.lt\/lt\/wp-json\/wp\/v2\/product_tag?post=335641"}],"curies":[{"name":"wp","href":"https:\/\/api.w.org\/{rel}","templated":true}]}}