{"id":335602,"date":"2026-03-07T18:43:07","date_gmt":"2026-03-07T15:43:07","guid":{"rendered":"https:\/\/baldumarket.lt\/?post_type=product&#038;p=335602"},"modified":"2026-03-26T18:06:57","modified_gmt":"2026-03-26T15:06:57","slug":"fenix-fer-1-lentyna","status":"publish","type":"product","link":"https:\/\/baldumarket.lt\/lt\/product\/fenix-fer-1-lentyna\/","title":{"rendered":"FENIX FER-1 l\u0119\u0161is"},"content":{"rendered":"<p>Plotis\/Auk\u0161tis\/Gylis: 100\/150\/42 cm<br \/>\nVizualizacijoje pavaizduota lentyna yra \u0161i\u0173 spalv\u0173: j.portland\/artisan<\/p>","protected":false},"excerpt":{"rendered":"<p>Plotis\/Auk\u0161tis\/Gylis: 100\/150\/42 cm. Vizualizacijoje pavaizduota lentyna yra \u0161i\u0173 spalv\u0173: j.portland\/artisan.<\/p>","protected":false},"featured_media":335644,"comment_status":"open","ping_status":"closed","template":"","meta":[],"product_brand":[],"product_cat":[9932,9879,1987],"product_tag":[],"class_list":{"0":"post-335602","1":"product","2":"type-product","3":"status-publish","4":"has-post-thumbnail","6":"product_cat-furniture-system-phoenix","7":"product_cat-krajan","8":"product_cat-shelving-units","10":"first","11":"instock","12":"shipping-taxable","13":"purchasable","14":"product-type-variable","15":"wvs-archive-product-wrapper"},"_links":{"self":[{"href":"https:\/\/baldumarket.lt\/lt\/wp-json\/wp\/v2\/product\/335602","targetHints":{"allow":["GET"]}}],"collection":[{"href":"https:\/\/baldumarket.lt\/lt\/wp-json\/wp\/v2\/product"}],"about":[{"href":"https:\/\/baldumarket.lt\/lt\/wp-json\/wp\/v2\/types\/product"}],"replies":[{"embeddable":true,"href":"https:\/\/baldumarket.lt\/lt\/wp-json\/wp\/v2\/comments?post=335602"}],"wp:featuredmedia":[{"embeddable":true,"href":"https:\/\/baldumarket.lt\/lt\/wp-json\/wp\/v2\/media\/335644"}],"wp:attachment":[{"href":"https:\/\/baldumarket.lt\/lt\/wp-json\/wp\/v2\/media?parent=335602"}],"wp:term":[{"taxonomy":"product_brand","embeddable":true,"href":"https:\/\/baldumarket.lt\/lt\/wp-json\/wp\/v2\/product_brand?post=335602"},{"taxonomy":"product_cat","embeddable":true,"href":"https:\/\/baldumarket.lt\/lt\/wp-json\/wp\/v2\/product_cat?post=335602"},{"taxonomy":"product_tag","embeddable":true,"href":"https:\/\/baldumarket.lt\/lt\/wp-json\/wp\/v2\/product_tag?post=335602"}],"curies":[{"name":"wp","href":"https:\/\/api.w.org\/{rel}","templated":true}]}}