{"id":335587,"date":"2026-03-07T18:42:18","date_gmt":"2026-03-07T15:42:18","guid":{"rendered":"https:\/\/baldumarket.lt\/?post_type=product&#038;p=335587"},"modified":"2026-03-26T18:06:57","modified_gmt":"2026-03-26T15:06:57","slug":"ress","status":"publish","type":"product","link":"https:\/\/baldumarket.lt\/lt\/product\/ress\/","title":{"rendered":"Ress"},"content":{"rendered":"<p>Plotis\/Auk\u0161tis\/Gylis: 340\/210\/53 cm<br \/>\nRESS komplektas yra i\u0161skirtinai patrauklus, universalus, didelis ir modernus sieninis baldas. Puikiai suprojektuotas, labai patogus ir prakti\u0161kas naudoti. Pagamintas i\u0161 auk\u0161tos kokyb\u0117s laminuotos plok\u0161t\u0117s, jis tarnaus ilgus metus. Baldai puikiai tinka svetain\u0117ms ir poilsio kambariams. Baldai yra erdv\u016bs ir si\u016blomi \u012fvairi\u0173 spalv\u0173.<\/p>\n<p>Matmenys:<br \/>\n\u2013 Plotis 340 cm \/ Auk\u0161tis 210 cm \/ Gylis 53 cm<br \/>\nPapildoma informacija:<br \/>\n\u2013 16 mm storio laminuota plok\u0161t\u0117<\/p>\n<p>\u2013 Vitrinose standarti\u0161kai \u012frengtos laminuotos lentos lentynos,<\/p>\n<p>\u2013 Plastikin\u0117s rankenos u\u017etikrina patvarum\u0105 ir patogum\u0105,<\/p>\n<p>\u2013 Pla\u010dios MDF \u0161onin\u0117s juostel\u0117s suteikia baldams dar didesn\u012f stabilum\u0105.<\/p>\n<p>\u2013 Televizoriaus ni\u0161os plotis 150 cm<\/p>\n<p>\u2013 Baldai nauji, supakuoti \u012f savaranki\u0161kai surinkamas pakuotes, su ai\u0161kiomis instrukcijomis ir priedais.<\/p>\n<p>\u2013 sienin\u0117 spintel\u0117 i\u0161 vizualizacijos, pagaminta \u0161ios spalvos:<\/p>","protected":false},"excerpt":{"rendered":"<p>Plotis\/Auk\u0161tis\/Gylis: 340\/210\/53 cm. RESS komplektas yra i\u0161skirtinai patrauklus, universalus, didelis ir modernus sieninis baldas. Puikiai suprojektuotas, labai patogus ir prakti\u0161kas naudoti. Pagamintas i\u0161 auk\u0161tos kokyb\u0117s laminuotos plok\u0161t\u0117s, jis tarnaus ilgus metus. Baldai puikiai tinka svetain\u0117ms ir poilsio kambariams. Baldai yra erdv\u016bs ir si\u016blomi \u012fvairi\u0173 [\u2026]<\/p>","protected":false},"featured_media":335630,"comment_status":"open","ping_status":"closed","template":"","meta":[],"product_brand":[],"product_cat":[9879,2008],"product_tag":[],"class_list":{"0":"post-335587","1":"product","2":"type-product","3":"status-publish","4":"has-post-thumbnail","6":"product_cat-krajan","7":"product_cat-wall-units","9":"first","10":"instock","11":"shipping-taxable","12":"purchasable","13":"product-type-variable","14":"wvs-archive-product-wrapper"},"_links":{"self":[{"href":"https:\/\/baldumarket.lt\/lt\/wp-json\/wp\/v2\/product\/335587","targetHints":{"allow":["GET"]}}],"collection":[{"href":"https:\/\/baldumarket.lt\/lt\/wp-json\/wp\/v2\/product"}],"about":[{"href":"https:\/\/baldumarket.lt\/lt\/wp-json\/wp\/v2\/types\/product"}],"replies":[{"embeddable":true,"href":"https:\/\/baldumarket.lt\/lt\/wp-json\/wp\/v2\/comments?post=335587"}],"wp:featuredmedia":[{"embeddable":true,"href":"https:\/\/baldumarket.lt\/lt\/wp-json\/wp\/v2\/media\/335630"}],"wp:attachment":[{"href":"https:\/\/baldumarket.lt\/lt\/wp-json\/wp\/v2\/media?parent=335587"}],"wp:term":[{"taxonomy":"product_brand","embeddable":true,"href":"https:\/\/baldumarket.lt\/lt\/wp-json\/wp\/v2\/product_brand?post=335587"},{"taxonomy":"product_cat","embeddable":true,"href":"https:\/\/baldumarket.lt\/lt\/wp-json\/wp\/v2\/product_cat?post=335587"},{"taxonomy":"product_tag","embeddable":true,"href":"https:\/\/baldumarket.lt\/lt\/wp-json\/wp\/v2\/product_tag?post=335587"}],"curies":[{"name":"wp","href":"https:\/\/api.w.org\/{rel}","templated":true}]}}