{"id":335580,"date":"2026-03-07T18:41:41","date_gmt":"2026-03-07T15:41:41","guid":{"rendered":"https:\/\/baldumarket.lt\/?post_type=product&#038;p=335580"},"modified":"2026-03-26T18:06:57","modified_gmt":"2026-03-26T15:06:57","slug":"rex","status":"publish","type":"product","link":"https:\/\/baldumarket.lt\/lt\/product\/rex\/","title":{"rendered":"TV staliukas REX"},"content":{"rendered":"<p>Plotis\/Auk\u0161tis\/Gylis: 180\/45\/45 cm<br \/>\nModernaus charakterio ir dizaino REX televizorius puikiai tiks bet kurioje svetain\u0117je, poilsio zonoje ir kitur. Baldai pagaminti i\u0161 tvirtos 16 mm storio laminuotos plok\u0161t\u0117s. D\u0117l eleganti\u0161kos formos ir modernios i\u0161vaizdos jis neu\u017ego\u0161 jokio interjero, tod\u0117l puikiai tiks bet kurioje ma\u017eoje erdv\u0117je. REX televizorius si\u016blomas \u012fvairi\u0173 spalv\u0173.<br \/>\nBaldai nauji, supakuoti \u012f surinkimo pakuotes su ai\u0161kiomis instrukcijomis ir priedais. Matmenys:<br \/>\n\u2013 plotis 180 cm \/ auk\u0161tis 45 cm \/ gylis 45 cm<br \/>\nPapildoma informacija:<\/p>\n<p>Galimos spalvos: Artisan, \u0161okolado, Sonoma, triufeli\u0173, Wellington, Wotan, Wilton, tamsiai Lefkas<br \/>\nKorpuso apdaila: matin\u0117<br \/>\nPriekin\u0117 apdaila: matin\u0117<br \/>\nPlastikin\u0117s kojel\u0117s u\u017etikrina stabilum\u0105 ir ilgaam\u017ei\u0161kum\u0105<br \/>\nPagaminta i\u0161 laminuotos med\u017eio dro\u017eli\u0173 plok\u0161t\u0117s<br \/>\nTipas: laisvai pastatomas<\/p>","protected":false},"excerpt":{"rendered":"<p>Plotis\/Auk\u0161tis\/Gylis: 180\/45\/45 cm. REX televizorius, pasi\u017eymintis moderniu charakteriu ir dizainu, puikiai tiks bet kurioje svetain\u0117je, poilsio zonoje ir kitur. Baldai pagaminti i\u0161 tvirtos 16 mm storio laminuotos plok\u0161t\u0117s. D\u0117l eleganti\u0161kos formos ir modernios i\u0161vaizdos jie neu\u017ego\u0161 jokio interjero, tod\u0117l puikiai tiks [\u2026]<\/p>","protected":false},"featured_media":335629,"comment_status":"open","ping_status":"closed","template":"","meta":[],"product_brand":[],"product_cat":[9879,9880,9885,1175],"product_tag":[],"class_list":{"0":"post-335580","1":"product","2":"type-product","3":"status-publish","4":"has-post-thumbnail","6":"product_cat-krajan","7":"product_cat-classic-furniture-krajan","8":"product_cat-rtv-krajan","9":"product_cat-tv-stands","11":"first","12":"instock","13":"shipping-taxable","14":"purchasable","15":"product-type-variable","16":"wvs-archive-product-wrapper"},"_links":{"self":[{"href":"https:\/\/baldumarket.lt\/lt\/wp-json\/wp\/v2\/product\/335580","targetHints":{"allow":["GET"]}}],"collection":[{"href":"https:\/\/baldumarket.lt\/lt\/wp-json\/wp\/v2\/product"}],"about":[{"href":"https:\/\/baldumarket.lt\/lt\/wp-json\/wp\/v2\/types\/product"}],"replies":[{"embeddable":true,"href":"https:\/\/baldumarket.lt\/lt\/wp-json\/wp\/v2\/comments?post=335580"}],"wp:featuredmedia":[{"embeddable":true,"href":"https:\/\/baldumarket.lt\/lt\/wp-json\/wp\/v2\/media\/335629"}],"wp:attachment":[{"href":"https:\/\/baldumarket.lt\/lt\/wp-json\/wp\/v2\/media?parent=335580"}],"wp:term":[{"taxonomy":"product_brand","embeddable":true,"href":"https:\/\/baldumarket.lt\/lt\/wp-json\/wp\/v2\/product_brand?post=335580"},{"taxonomy":"product_cat","embeddable":true,"href":"https:\/\/baldumarket.lt\/lt\/wp-json\/wp\/v2\/product_cat?post=335580"},{"taxonomy":"product_tag","embeddable":true,"href":"https:\/\/baldumarket.lt\/lt\/wp-json\/wp\/v2\/product_tag?post=335580"}],"curies":[{"name":"wp","href":"https:\/\/api.w.org\/{rel}","templated":true}]}}