{"id":335578,"date":"2026-03-07T18:41:34","date_gmt":"2026-03-07T15:41:34","guid":{"rendered":"https:\/\/baldumarket.lt\/?post_type=product&#038;p=335578"},"modified":"2026-03-26T18:06:57","modified_gmt":"2026-03-26T15:06:57","slug":"rik","status":"publish","type":"product","link":"https:\/\/baldumarket.lt\/lt\/product\/rik\/","title":{"rendered":"RIK"},"content":{"rendered":"<p>Televizoriaus spintel\u0117 yra ma\u017eas, bet labai reikalingas baldas. Ji naudinga tiek ma\u017eose, tiek didel\u0117se svetain\u0117se. Ji atlieka ir praktin\u0119, ir estetin\u0119 funkcij\u0105, tarnaudama kaip gra\u017eus dekoratyvinis elementas. Ant jos taip pat galite pastatyti bet kokio dyd\u017eio televizori\u0173. Pakabinamose spintel\u0117se galima laikyti smulkius daiktus, tokius kaip stiklin\u0117s, fig\u016br\u0117l\u0117s ar knygos. Dar vienas \u0161ios sistemos privalumas \u2013 juodos kojel\u0117s, kurios palengvina valym\u0105 ir suteikia baldams lengvumo.<\/p>\n<p>Pastabos:<br \/>\nSpalvos nuotraukose gali \u0161iek tiek skirtis nuo tikr\u0173j\u0173 \u2013 taip yra d\u0117l turimos kompiuterin\u0117s \u012frangos \u012fvairov\u0117s ir jos individuali\u0173 nustatym\u0173, ypa\u010d monitoriaus ir vaizdo plok\u0161t\u0117s nustatym\u0173.<\/p>","protected":false},"excerpt":{"rendered":"<p>Televizoriaus spintel\u0117 yra ma\u017eas, bet labai reikalingas baldas. Ji naudinga tiek ma\u017eose, tiek didel\u0117se svetain\u0117se. Ji atlieka ir praktin\u0119, ir estetin\u0119 funkcij\u0105, tarnaudama kaip gra\u017eus dekoratyvinis elementas. Ant jos taip pat galite pastatyti bet kokio dyd\u017eio televizori\u0173. Pakabinamose spintel\u0117se galima laikyti smulkius daiktus, tokius kaip [\u2026]<\/p>","protected":false},"featured_media":335620,"comment_status":"open","ping_status":"closed","template":"","meta":[],"product_brand":[],"product_cat":[9879,2008],"product_tag":[],"class_list":{"0":"post-335578","1":"product","2":"type-product","3":"status-publish","4":"has-post-thumbnail","6":"product_cat-krajan","7":"product_cat-wall-units","9":"first","10":"instock","11":"shipping-taxable","12":"purchasable","13":"product-type-variable","14":"wvs-archive-product-wrapper"},"_links":{"self":[{"href":"https:\/\/baldumarket.lt\/lt\/wp-json\/wp\/v2\/product\/335578","targetHints":{"allow":["GET"]}}],"collection":[{"href":"https:\/\/baldumarket.lt\/lt\/wp-json\/wp\/v2\/product"}],"about":[{"href":"https:\/\/baldumarket.lt\/lt\/wp-json\/wp\/v2\/types\/product"}],"replies":[{"embeddable":true,"href":"https:\/\/baldumarket.lt\/lt\/wp-json\/wp\/v2\/comments?post=335578"}],"wp:featuredmedia":[{"embeddable":true,"href":"https:\/\/baldumarket.lt\/lt\/wp-json\/wp\/v2\/media\/335620"}],"wp:attachment":[{"href":"https:\/\/baldumarket.lt\/lt\/wp-json\/wp\/v2\/media?parent=335578"}],"wp:term":[{"taxonomy":"product_brand","embeddable":true,"href":"https:\/\/baldumarket.lt\/lt\/wp-json\/wp\/v2\/product_brand?post=335578"},{"taxonomy":"product_cat","embeddable":true,"href":"https:\/\/baldumarket.lt\/lt\/wp-json\/wp\/v2\/product_cat?post=335578"},{"taxonomy":"product_tag","embeddable":true,"href":"https:\/\/baldumarket.lt\/lt\/wp-json\/wp\/v2\/product_tag?post=335578"}],"curies":[{"name":"wp","href":"https:\/\/api.w.org\/{rel}","templated":true}]}}