{"id":335576,"date":"2026-03-07T18:41:30","date_gmt":"2026-03-07T15:41:30","guid":{"rendered":"https:\/\/baldumarket.lt\/?post_type=product&#038;p=335576"},"modified":"2026-03-26T18:06:57","modified_gmt":"2026-03-26T15:06:57","slug":"rio-b-22-m","status":"publish","type":"product","link":"https:\/\/baldumarket.lt\/lt\/product\/rio-b-22-m\/","title":{"rendered":"RIO B 2,2 m"},"content":{"rendered":"<p>Plotis \u2013 220 cm<br \/>\n\u201eRIO B\u201c virtuv\u0117 \u2013 tai paprastas, eleganti\u0161kas ir modernus virtuv\u0117s spinteli\u0173 komplektas, pagamintas labai populiariu stiliumi. \u0160\u012f komplekt\u0105 sudaro keturios atskiros spintel\u0117s, kurias galima laisvai konfig\u016bruoti, u\u017etikrinant maksimal\u0173 naudojimo patogum\u0105 ir i\u0161d\u0117stymo laisv\u0119. Virtuv\u0117s komplekte yra stalvir\u0161is.<\/p>\n<p>Baldai nauji, supakuoti \u012f surinkimo pakuotes, su ai\u0161kiomis instrukcijomis ir priedais. Vir\u0161utin\u0117s spintel\u0117s: 80 cm<\/p>\n<p>Apatin\u0117s spintel\u0117s: 60\u201380 cm<\/p>\n<p>Virtuv\u0117s stalvir\u0161is 1,6 m<br \/>\nMatmenys:<br \/>\n\u2013 Vir\u0161utin\u0117s spintel\u0117s: plotis 80 cm \/ auk\u0161tis 72 cm \/ gylis 30 cm<\/p>\n<p>\u2013 Apatini\u0173 spinteli\u0173 matmenys: plotis 220 cm \/ auk\u0161tis 82 cm \/ gylis 47 cm<br \/>\nPapildoma informacija:<\/p>\n<p>Spinteli\u0173 stalvir\u0161is supjaustomas 80\u201380 cm ilgio dalimis,<br \/>\nGalima u\u017esisakyti vis\u0105 stalvir\u0161\u012f,<br \/>\nStalvir\u0161io spalva: 28 mm storio,<br \/>\nKorpusas ir priekin\u0117 dalis pagaminti i\u0161 \u201c16\u201d laminuotos plok\u0161t\u0117s,<br \/>\nReguliuojami vyriai,<br \/>\nMETABOX metaliniai stal\u010di\u0173 b\u0117geliai,<br \/>\nVir\u0161utin\u0117s spintel\u0117s tvirtinamos ant reguliuojam\u0173 pakab\u0173 (pridedami ta\u0161kiniai tvirtinimo b\u0117geliai),<br \/>\nGalimos priekin\u0117s spintel\u0117s spalvos,<br \/>\nParuo\u0161t\u0173 virtuv\u0117s spinteli\u0173 komplekt\u0173 matmenys yra standartiniai. Apatini\u0173 spinteli\u0173 auk\u0161tis \u2013 82 cm, o stalvir\u0161io storis \u2013 apie 28 mm.<br \/>\nVizualizacijoje pavaizduota virtuv\u0117 yra apdailinta \u0161iomis spalvomis: korpusas: antracitas \/ fasadas: grafito spalvos \u201eWotan-top\u201c<br \/>\nVisi nuotraukose parodyti priedai, pvz., prietaisai, sienin\u0117 panel\u0117, gartraukiai, i\u0161traukiamieji gaubtai ir dekoratyviniai elementai, \u012f komplekt\u0105 ne\u012feina.<\/p>","protected":false},"excerpt":{"rendered":"<p>Plotis \u2013 220 cm. \u201eRIO B\u201c virtuv\u0117s spinteli\u0173 komplektas \u2013 tai paprastas, eleganti\u0161kas ir modernus virtuv\u0117s spinteli\u0173 komplektas, pagamintas labai populiariu stiliumi. \u0160\u012f komplekt\u0105 sudaro keturios atskiros spintel\u0117s, kurias galima laisvai konfig\u016bruoti, u\u017etikrinant maksimal\u0173 naudojimo patogum\u0105 ir i\u0161d\u0117stymo laisv\u0119. Virtuv\u0117s komplekte yra stalvir\u0161is. Baldai yra nauji, supakuoti \u012f savaranki\u0161kai surenkamas pakuotes, [\u2026]<\/p>","protected":false},"featured_media":335619,"comment_status":"open","ping_status":"closed","template":"","meta":[],"product_brand":[],"product_cat":[9879,1932],"product_tag":[],"class_list":{"0":"post-335576","1":"product","2":"type-product","3":"status-publish","4":"has-post-thumbnail","6":"product_cat-krajan","7":"product_cat-kitchen-sets","9":"first","10":"instock","11":"shipping-taxable","12":"purchasable","13":"product-type-variable","14":"wvs-archive-product-wrapper"},"_links":{"self":[{"href":"https:\/\/baldumarket.lt\/lt\/wp-json\/wp\/v2\/product\/335576","targetHints":{"allow":["GET"]}}],"collection":[{"href":"https:\/\/baldumarket.lt\/lt\/wp-json\/wp\/v2\/product"}],"about":[{"href":"https:\/\/baldumarket.lt\/lt\/wp-json\/wp\/v2\/types\/product"}],"replies":[{"embeddable":true,"href":"https:\/\/baldumarket.lt\/lt\/wp-json\/wp\/v2\/comments?post=335576"}],"wp:featuredmedia":[{"embeddable":true,"href":"https:\/\/baldumarket.lt\/lt\/wp-json\/wp\/v2\/media\/335619"}],"wp:attachment":[{"href":"https:\/\/baldumarket.lt\/lt\/wp-json\/wp\/v2\/media?parent=335576"}],"wp:term":[{"taxonomy":"product_brand","embeddable":true,"href":"https:\/\/baldumarket.lt\/lt\/wp-json\/wp\/v2\/product_brand?post=335576"},{"taxonomy":"product_cat","embeddable":true,"href":"https:\/\/baldumarket.lt\/lt\/wp-json\/wp\/v2\/product_cat?post=335576"},{"taxonomy":"product_tag","embeddable":true,"href":"https:\/\/baldumarket.lt\/lt\/wp-json\/wp\/v2\/product_tag?post=335576"}],"curies":[{"name":"wp","href":"https:\/\/api.w.org\/{rel}","templated":true}]}}