{"id":335566,"date":"2026-03-07T18:40:45","date_gmt":"2026-03-07T15:40:45","guid":{"rendered":"https:\/\/baldumarket.lt\/?post_type=product&#038;p=335566"},"modified":"2026-03-26T18:06:57","modified_gmt":"2026-03-26T15:06:57","slug":"roma","status":"publish","type":"product","link":"https:\/\/baldumarket.lt\/lt\/product\/roma\/","title":{"rendered":"TV staliukas ROMA"},"content":{"rendered":"<p>Plotis\/Auk\u0161tis\/Gylis: 170\/45\/45 cm<br \/>\nModernaus charakterio ir dizaino ROMA televizorius puikiai tiks bet kurioje svetain\u0117je, poilsio zonoje ir kitur. Baldai pagaminti i\u0161 tvirtos 16 mm storio laminuotos plok\u0161t\u0117s. D\u0117l eleganti\u0161kos formos ir modernios i\u0161vaizdos jie neu\u017ego\u0161 interjero, tod\u0117l puikiai tiks ma\u017eoje erdv\u0117je. ROMA televizorius si\u016blomas \u012fvairi\u0173 spalv\u0173.<br \/>\nBaldai nauji, supakuoti \u012f surinkimo pakuotes, su ai\u0161kiomis instrukcijomis ir priedais.<\/p>\n<p>Matmenys:<br \/>\n\u2013 plotis 170 cm \/ auk\u0161tis 45 cm \/ gylis 45 cm<br \/>\nPapildoma informacija:<\/p>\n<p>Galimos spalvos: Artisan, \u0161okolado, Sonoma, Bordo, Velingtono,<br \/>\nR\u0117mo apdaila: matin\u0117,<br \/>\nPriekin\u0117 apdaila: matin\u0117,<br \/>\nPagaminta i\u0161 laminuotos med\u017eio dro\u017eli\u0173 plok\u0161t\u0117s,<br \/>\nTipas: laisvai stovintis.<\/p>\n<p>stilius: modernus<\/p>","protected":false},"excerpt":{"rendered":"<p>Plotis\/Auk\u0161tis\/Gylis: 170\/45\/45 cm. \u0160iuolaiki\u0161ko dizaino ir charakterio ROMA televizorius puikiai tiks bet kurioje svetain\u0117je, poilsio zonoje ir kitur. Baldai pagaminti i\u0161 tvirtos 16 mm storio laminuotos plok\u0161t\u0117s. D\u0117l eleganti\u0161kos formos ir modernios i\u0161vaizdos jie neu\u017ego\u0161 interjero, tod\u0117l puikiai papildys [\u2026]<\/p>","protected":false},"featured_media":335607,"comment_status":"open","ping_status":"closed","template":"","meta":[],"product_brand":[],"product_cat":[9879,9880,9885,1175],"product_tag":[],"class_list":{"0":"post-335566","1":"product","2":"type-product","3":"status-publish","4":"has-post-thumbnail","6":"product_cat-krajan","7":"product_cat-classic-furniture-krajan","8":"product_cat-rtv-krajan","9":"product_cat-tv-stands","11":"first","12":"instock","13":"shipping-taxable","14":"purchasable","15":"product-type-variable","16":"wvs-archive-product-wrapper"},"_links":{"self":[{"href":"https:\/\/baldumarket.lt\/lt\/wp-json\/wp\/v2\/product\/335566","targetHints":{"allow":["GET"]}}],"collection":[{"href":"https:\/\/baldumarket.lt\/lt\/wp-json\/wp\/v2\/product"}],"about":[{"href":"https:\/\/baldumarket.lt\/lt\/wp-json\/wp\/v2\/types\/product"}],"replies":[{"embeddable":true,"href":"https:\/\/baldumarket.lt\/lt\/wp-json\/wp\/v2\/comments?post=335566"}],"wp:featuredmedia":[{"embeddable":true,"href":"https:\/\/baldumarket.lt\/lt\/wp-json\/wp\/v2\/media\/335607"}],"wp:attachment":[{"href":"https:\/\/baldumarket.lt\/lt\/wp-json\/wp\/v2\/media?parent=335566"}],"wp:term":[{"taxonomy":"product_brand","embeddable":true,"href":"https:\/\/baldumarket.lt\/lt\/wp-json\/wp\/v2\/product_brand?post=335566"},{"taxonomy":"product_cat","embeddable":true,"href":"https:\/\/baldumarket.lt\/lt\/wp-json\/wp\/v2\/product_cat?post=335566"},{"taxonomy":"product_tag","embeddable":true,"href":"https:\/\/baldumarket.lt\/lt\/wp-json\/wp\/v2\/product_tag?post=335566"}],"curies":[{"name":"wp","href":"https:\/\/api.w.org\/{rel}","templated":true}]}}