{"id":335562,"date":"2026-03-07T18:40:34","date_gmt":"2026-03-07T15:40:34","guid":{"rendered":"https:\/\/baldumarket.lt\/?post_type=product&#038;p=335562"},"modified":"2026-03-26T18:06:57","modified_gmt":"2026-03-26T15:06:57","slug":"rosa-b-27-m","status":"publish","type":"product","link":"https:\/\/baldumarket.lt\/lt\/product\/rosa-b-27-m\/","title":{"rendered":"ROSA B 2,7 m"},"content":{"rendered":"<p>Plotis \u2013 270 cm<br \/>\nROSA B virtuv\u0117 \u2013 tai paprastas, eleganti\u0161kas ir modernus virtuv\u0117s spinteli\u0173 komplektas, pagamintas labai populiariu stiliumi. \u0160\u012f komplekt\u0105 sudaro 7 atskiros spintel\u0117s, kurias galima laisvai konfig\u016bruoti, u\u017etikrinant maksimal\u0173 naudojimo patogum\u0105 ir i\u0161d\u0117stymo laisv\u0119. Virtuv\u0117s komplekte yra stalvir\u0161is.<\/p>\n<p>Baldai nauji, supakuoti \u012f surinkimo pakuotes, su ai\u0161kiomis instrukcijomis ir priedais. Vir\u0161utin\u0117s spintel\u0117s: 80-60-80 cm.<\/p>\n<p>Apatini\u0173 spinteli\u0173 auk\u0161tis: 80\u201360\u201380 cm<\/p>\n<p>Indaujos plotis: 50 cm<\/p>\n<p>Virtuv\u0117s stalvir\u0161is 2,2 m<br \/>\nMatmenys:<br \/>\n\u2013 Vir\u0161utin\u0117s spintel\u0117s: plotis 220 cm \/ auk\u0161tis 72 cm \/ gylis 30 cm<\/p>\n<p>\u2013 Apatini\u0173 spinteli\u0173 matmenys: plotis 220 cm \/ auk\u0161tis 82 cm \/ gylis 47 cm<\/p>\n<p>\u2013 Indauja: plotis 50 cm \/ auk\u0161tis 2,12 cm<br \/>\nPapildoma informacija:<\/p>\n<p>Spinteli\u0173 stalvir\u0161is pjaustomas 80-60-80 cm ilgio sekcijomis.<\/p>\n<p>Stalvir\u0161\u012f galima u\u017esisakyti kaip vis\u0105.<\/p>\n<p>Kriaukl\u0117s spintel\u0117 neturi stalvir\u0161io, bet j\u012f galima \u012fsigyti atskirai.<\/p>\n<p>Stalvir\u0161io spalva: 28 mm storio.<br \/>\nKorpusas ir priekin\u0117 dalis pagaminti i\u0161 \u201c16\u201d laminuotos plok\u0161t\u0117s.<br \/>\nReguliuojami vyriai.<br \/>\nMETABOX metaliniai stal\u010di\u0173 b\u0117geliai.<br \/>\nVir\u0161utin\u0117s spintel\u0117s tvirtinamos ant pakabinam\u0173 laikikli\u0173. Reguliuojamos (pridedami ta\u0161kiniai tvirtinimo b\u0117geliai).,<br \/>\nTvirtos plastikin\u0117s kojel\u0117s u\u017etikrina stabilum\u0105 ir ilgaam\u017ei\u0161kum\u0105;,<br \/>\nGalimos priekin\u0117s spalvos,<br \/>\nParuo\u0161t\u0173 komplekt\u0173 virtuv\u0117s spinteli\u0173 matmenys yra standartiniai. Apatini\u0173 spinteli\u0173 auk\u0161tis \u2013 82 cm, o stalvir\u0161io storis \u2013 apie 28 mm.<br \/>\nVizualizacijoje pavaizduota virtuv\u0117 yra apdailinta \u0161iomis spalvomis: korpusas: balta \/ priekis: apa\u010dia balta \u2013 vir\u0161us \u201eartisan\u201c.<br \/>\nVisi nuotraukose pavaizduoti priedai, pvz., prietaisai, sienin\u0117 panel\u0117, gartraukiai, i\u0161traukimo gaubtai ir dekoratyviniai elementai, \u012f komplekt\u0105 ne\u012feina.<\/p>","protected":false},"excerpt":{"rendered":"<p>Plotis \u2013 270 cm. ROSA B virtuv\u0117s spinteli\u0173 komplektas \u2013 tai paprastas, eleganti\u0161kas ir modernus, labai populiaraus stiliaus virtuv\u0117s spinteli\u0173 komplektas. \u0160\u012f komplekt\u0105 sudaro 7 atskiros spintel\u0117s, kurias galima laisvai konfig\u016bruoti, u\u017etikrinant maksimal\u0173 naudojimo patogum\u0105 ir i\u0161d\u0117stymo laisv\u0119. Virtuv\u0117s komplekte yra stalvir\u0161is. Baldai yra nauji, supakuoti \u012f savaranki\u0161kai surenkamas pakuotes, [\u2026]<\/p>","protected":false},"featured_media":335604,"comment_status":"open","ping_status":"closed","template":"","meta":[],"product_brand":[],"product_cat":[9879,1932],"product_tag":[],"class_list":{"0":"post-335562","1":"product","2":"type-product","3":"status-publish","4":"has-post-thumbnail","6":"product_cat-krajan","7":"product_cat-kitchen-sets","9":"first","10":"instock","11":"shipping-taxable","12":"purchasable","13":"product-type-variable","14":"wvs-archive-product-wrapper"},"_links":{"self":[{"href":"https:\/\/baldumarket.lt\/lt\/wp-json\/wp\/v2\/product\/335562","targetHints":{"allow":["GET"]}}],"collection":[{"href":"https:\/\/baldumarket.lt\/lt\/wp-json\/wp\/v2\/product"}],"about":[{"href":"https:\/\/baldumarket.lt\/lt\/wp-json\/wp\/v2\/types\/product"}],"replies":[{"embeddable":true,"href":"https:\/\/baldumarket.lt\/lt\/wp-json\/wp\/v2\/comments?post=335562"}],"wp:featuredmedia":[{"embeddable":true,"href":"https:\/\/baldumarket.lt\/lt\/wp-json\/wp\/v2\/media\/335604"}],"wp:attachment":[{"href":"https:\/\/baldumarket.lt\/lt\/wp-json\/wp\/v2\/media?parent=335562"}],"wp:term":[{"taxonomy":"product_brand","embeddable":true,"href":"https:\/\/baldumarket.lt\/lt\/wp-json\/wp\/v2\/product_brand?post=335562"},{"taxonomy":"product_cat","embeddable":true,"href":"https:\/\/baldumarket.lt\/lt\/wp-json\/wp\/v2\/product_cat?post=335562"},{"taxonomy":"product_tag","embeddable":true,"href":"https:\/\/baldumarket.lt\/lt\/wp-json\/wp\/v2\/product_tag?post=335562"}],"curies":[{"name":"wp","href":"https:\/\/api.w.org\/{rel}","templated":true}]}}