{"id":335546,"date":"2026-03-07T18:39:28","date_gmt":"2026-03-07T15:39:28","guid":{"rendered":"https:\/\/baldumarket.lt\/?post_type=product&#038;p=335546"},"modified":"2026-03-26T18:06:57","modified_gmt":"2026-03-26T15:06:57","slug":"roxi-ii-b","status":"publish","type":"product","link":"https:\/\/baldumarket.lt\/lt\/product\/roxi-ii-b\/","title":{"rendered":"Bald\u0173 sienel\u0117 ROXI II B"},"content":{"rendered":"<p>Plotis\/Auk\u0161tis\/Gylis: 290\/217\/53 cm<br \/>\n\u201eROXI II B\u201c komplektas \u2013 puikus pasirinkimas tiems, kurie ie\u0161ko klasikinio stiliaus visame kame. Sienin\u0117 spintel\u0117 turi daugyb\u0119 prakti\u0161k\u0173 daiktad\u0117\u017ei\u0173, kurios pad\u0117s i\u0161laikyti tvark\u0105, o atvir\u0173, stiklini\u0173 lentyn\u0173 d\u0117ka galite pabr\u0117\u017eti savo unikal\u0173 stili\u0173 stilingais aksesuarais. Baldai yra erdv\u016bs ir si\u016blomi \u012fvairi\u0173 spalv\u0173. Matmenys:<br \/>\n\u2013 plotis 290 cm \/ auk\u0161tis 217 cm \/ gylis 53 cm<br \/>\nPapildoma informacija:<br \/>\n\u2013 16 mm storio laminuota plok\u0161t\u0117, 22 mm vir\u0161us,<\/p>\n<p>\u2013 vitrinose standarti\u0161kai yra laminuotos plok\u0161t\u0117s lentynos,<\/p>\n<p>\u2013 plastikin\u0117s rankenos ir kojel\u0117s u\u017etikrina patvarum\u0105 ir patogum\u0105,<\/p>\n<p>\u2013 Televizoriaus ni\u0161os plotis 96,5 cm,<\/p>\n<p>\u2013 90\/217\/53 cm spinta su dviem stal\u010diais ir drabu\u017ei\u0173 pakaba,<\/p>\n<p>\u2013 baldai yra nauji, supakuoti \u012f savaranki\u0161kai surinkamas pakuotes, su ai\u0161kiomis instrukcijomis ir priedais.<\/p>\n<p>\u2013 vizualizacijoje pavaizduota sienin\u0117 spintel\u0117 yra apdailinta triufeli\u0173 \/ balta spalva<\/p>","protected":false},"excerpt":{"rendered":"<p><strong><span dir=\"auto\"><span class=\"\" dir=\"auto\">Matmenys:<\/span><\/span><\/strong><\/p>\n<p><span dir=\"auto\">\u2013 plotis 290 cm \/ auk\u0161tis 217 cm \/ gylis 53 cm<\/span><\/p>","protected":false},"featured_media":335584,"comment_status":"open","ping_status":"closed","template":"","meta":[],"product_brand":[],"product_cat":[9879,9880,2008],"product_tag":[],"class_list":{"0":"post-335546","1":"product","2":"type-product","3":"status-publish","4":"has-post-thumbnail","6":"product_cat-krajan","7":"product_cat-classic-furniture-krajan","8":"product_cat-wall-units","10":"first","11":"instock","12":"shipping-taxable","13":"purchasable","14":"product-type-variable","15":"wvs-archive-product-wrapper"},"_links":{"self":[{"href":"https:\/\/baldumarket.lt\/lt\/wp-json\/wp\/v2\/product\/335546","targetHints":{"allow":["GET"]}}],"collection":[{"href":"https:\/\/baldumarket.lt\/lt\/wp-json\/wp\/v2\/product"}],"about":[{"href":"https:\/\/baldumarket.lt\/lt\/wp-json\/wp\/v2\/types\/product"}],"replies":[{"embeddable":true,"href":"https:\/\/baldumarket.lt\/lt\/wp-json\/wp\/v2\/comments?post=335546"}],"wp:featuredmedia":[{"embeddable":true,"href":"https:\/\/baldumarket.lt\/lt\/wp-json\/wp\/v2\/media\/335584"}],"wp:attachment":[{"href":"https:\/\/baldumarket.lt\/lt\/wp-json\/wp\/v2\/media?parent=335546"}],"wp:term":[{"taxonomy":"product_brand","embeddable":true,"href":"https:\/\/baldumarket.lt\/lt\/wp-json\/wp\/v2\/product_brand?post=335546"},{"taxonomy":"product_cat","embeddable":true,"href":"https:\/\/baldumarket.lt\/lt\/wp-json\/wp\/v2\/product_cat?post=335546"},{"taxonomy":"product_tag","embeddable":true,"href":"https:\/\/baldumarket.lt\/lt\/wp-json\/wp\/v2\/product_tag?post=335546"}],"curies":[{"name":"wp","href":"https:\/\/api.w.org\/{rel}","templated":true}]}}