{"id":335541,"date":"2026-03-07T18:38:47","date_gmt":"2026-03-07T15:38:47","guid":{"rendered":"https:\/\/baldumarket.lt\/?post_type=product&#038;p=335541"},"modified":"2026-03-26T18:06:57","modified_gmt":"2026-03-26T15:06:57","slug":"roxi-ii-c","status":"publish","type":"product","link":"https:\/\/baldumarket.lt\/lt\/product\/roxi-ii-c\/","title":{"rendered":"Bald\u0173 sienel\u0117 ROXI II C"},"content":{"rendered":"<p>Plotis\/Auk\u0161tis\/Gylis: 290\/217\/53 cm<br \/>\n\u201eROXI II C\u201c komplektas \u2013 puikus pasirinkimas tiems, kurie ie\u0161ko klasikinio stiliaus visame kame. Sienin\u0117 spintel\u0117 turi daugyb\u0119 prakti\u0161k\u0173 daiktad\u0117\u017ei\u0173, kurios pad\u0117s i\u0161laikyti tvark\u0105, o atvir\u0173, stiklini\u0173 lentyn\u0173 d\u0117ka galite pabr\u0117\u017eti savo unikal\u0173 stili\u0173 stilingais aksesuarais. Baldai yra erdv\u016bs ir si\u016blomi \u012fvairi\u0173 spalv\u0173. Matmenys:<br \/>\n\u2013 Plotis 290 cm \/ Auk\u0161tis 217 cm \/ Gylis 53 cm<br \/>\nPapildoma informacija:<br \/>\n\u2013 16 mm storio laminuota plok\u0161t\u0117, 22 mm vir\u0161us,<\/p>\n<p>\u2013 MDF lentos priekin\u0117je pus\u0117je<\/p>\n<p>\u2013 Vitrinose standarti\u0161kai \u012frengtos laminuotos lentos lentynos,<\/p>\n<p>\u2013 Rankenos ir kojel\u0117s, pagamintos i\u0161 plastiko, u\u017etikrina patvarum\u0105 ir patogum\u0105,<\/p>\n<p>\u2013 Televizoriaus ni\u0161os plotis 96,5 cm,<\/p>\n<p>\u2013 Spinta 90\/217\/53 cm su dviem stal\u010diais ir drabu\u017ei\u0173 pakaba,<\/p>\n<p>\u2013 Baldai nauji, supakuoti \u012f savaranki\u0161kai surinkamas pakuotes, su ai\u0161kiomis instrukcijomis ir priedais.<\/p>\n<p>\u2013 Vizualizacijoje pavaizduota sienin\u0117 spintel\u0117 yra apdailinta \u201eArtisan\u201c \/ juodos grotel\u0117s spalva.<\/p>","protected":false},"excerpt":{"rendered":"<p><strong><span dir=\"auto\">Matmenys:<\/span><\/strong><\/p>\n<p><span dir=\"auto\">\u2013 plotis 290 cm \/ auk\u0161tis 217 cm \/ gylis 53 cm<\/span><\/p>","protected":false},"featured_media":335582,"comment_status":"open","ping_status":"closed","template":"","meta":[],"product_brand":[],"product_cat":[9879,9880,2008],"product_tag":[],"class_list":{"0":"post-335541","1":"product","2":"type-product","3":"status-publish","4":"has-post-thumbnail","6":"product_cat-krajan","7":"product_cat-classic-furniture-krajan","8":"product_cat-wall-units","10":"first","11":"instock","12":"shipping-taxable","13":"purchasable","14":"product-type-variable","15":"wvs-archive-product-wrapper"},"_links":{"self":[{"href":"https:\/\/baldumarket.lt\/lt\/wp-json\/wp\/v2\/product\/335541","targetHints":{"allow":["GET"]}}],"collection":[{"href":"https:\/\/baldumarket.lt\/lt\/wp-json\/wp\/v2\/product"}],"about":[{"href":"https:\/\/baldumarket.lt\/lt\/wp-json\/wp\/v2\/types\/product"}],"replies":[{"embeddable":true,"href":"https:\/\/baldumarket.lt\/lt\/wp-json\/wp\/v2\/comments?post=335541"}],"wp:featuredmedia":[{"embeddable":true,"href":"https:\/\/baldumarket.lt\/lt\/wp-json\/wp\/v2\/media\/335582"}],"wp:attachment":[{"href":"https:\/\/baldumarket.lt\/lt\/wp-json\/wp\/v2\/media?parent=335541"}],"wp:term":[{"taxonomy":"product_brand","embeddable":true,"href":"https:\/\/baldumarket.lt\/lt\/wp-json\/wp\/v2\/product_brand?post=335541"},{"taxonomy":"product_cat","embeddable":true,"href":"https:\/\/baldumarket.lt\/lt\/wp-json\/wp\/v2\/product_cat?post=335541"},{"taxonomy":"product_tag","embeddable":true,"href":"https:\/\/baldumarket.lt\/lt\/wp-json\/wp\/v2\/product_tag?post=335541"}],"curies":[{"name":"wp","href":"https:\/\/api.w.org\/{rel}","templated":true}]}}