{"id":335539,"date":"2026-03-07T18:38:45","date_gmt":"2026-03-07T15:38:45","guid":{"rendered":"https:\/\/baldumarket.lt\/?post_type=product&#038;p=335539"},"modified":"2026-03-26T18:06:57","modified_gmt":"2026-03-26T15:06:57","slug":"rust","status":"publish","type":"product","link":"https:\/\/baldumarket.lt\/lt\/product\/rust\/","title":{"rendered":"Bald\u0173 sienel\u0117 RUST"},"content":{"rendered":"<p>Plotis\/Auk\u0161tis\/Gylis: 270\/45\/45 cm<br \/>\nModernaus charakterio ir dizaino RUST televizorius puikiai tiks bet kurioje svetain\u0117je, poilsio zonoje ir kitur. Baldai pagaminti i\u0161 tvirtos 16 mm storio laminuotos plok\u0161t\u0117s. D\u0117l eleganti\u0161kos formos ir modernios i\u0161vaizdos jie neu\u017ego\u0161 interjero, tod\u0117l puikiai tiks bet kurioje ma\u017eoje erdv\u0117je. RUST televizorius si\u016blomas \u012fvairi\u0173 spalv\u0173.<br \/>\nBaldai nauji, supakuoti \u012f surinkimo pakuotes su ai\u0161kiomis instrukcijomis ir priedais. Matmenys:<br \/>\n\u2013 plotis 270 cm \/ auk\u0161tis 45 cm \/ gylis 45 cm<br \/>\nPapildoma informacija:<\/p>\n<p>Galimos spalvos: Sonoma\/blizgi juoda, Sonoma\/blizgi balta, Sonoma\/tamsi Lefkas, Sonoma\/\u0161okolado, Sonoma\/Anderson pu\u0161is, Sonoma\/Wilton<br \/>\nKorpuso apdaila: matin\u0117<\/p>\n<p>Priekin\u0117 apdaila: blizgi arba matin\u0117, priklausomai nuo pasirinktos spalvos varianto<br \/>\nPlastikin\u0117s kojel\u0117s u\u017etikrina stabilum\u0105 ir ilgaam\u017ei\u0161kum\u0105<br \/>\nPagaminta i\u0161: laminuotos med\u017eio dro\u017eli\u0173 plok\u0161t\u0117s<br \/>\nTipas: pastatoma \/ montuojama ant sienos lentyna<br \/>\nBlizgus priekis, baltos ir juodos spalvos<\/p>\n<p>Stilius: modernus<\/p>","protected":false},"excerpt":{"rendered":"<p>Plotis\/Auk\u0161tis\/Gylis: 270\/45\/45 cm. RUST televizorius, pasi\u017eymintis moderniu charakteriu ir dizainu, puikiai tiks bet kurioje svetain\u0117je, poilsio zonoje ir kitur. Baldai pagaminti i\u0161 tvirtos 16 mm storio laminuotos plok\u0161t\u0117s. D\u0117l eleganti\u0161kos formos ir modernios i\u0161vaizdos jie neu\u017ego\u0161 interjero, tod\u0117l puikiai papildys [\u2026]<\/p>","protected":false},"featured_media":335572,"comment_status":"open","ping_status":"closed","template":"","meta":[],"product_brand":[],"product_cat":[9879,9880,9885,1175],"product_tag":[],"class_list":{"0":"post-335539","1":"product","2":"type-product","3":"status-publish","4":"has-post-thumbnail","6":"product_cat-krajan","7":"product_cat-classic-furniture-krajan","8":"product_cat-rtv-krajan","9":"product_cat-tv-stands","11":"first","12":"instock","13":"shipping-taxable","14":"purchasable","15":"product-type-variable","16":"wvs-archive-product-wrapper"},"_links":{"self":[{"href":"https:\/\/baldumarket.lt\/lt\/wp-json\/wp\/v2\/product\/335539","targetHints":{"allow":["GET"]}}],"collection":[{"href":"https:\/\/baldumarket.lt\/lt\/wp-json\/wp\/v2\/product"}],"about":[{"href":"https:\/\/baldumarket.lt\/lt\/wp-json\/wp\/v2\/types\/product"}],"replies":[{"embeddable":true,"href":"https:\/\/baldumarket.lt\/lt\/wp-json\/wp\/v2\/comments?post=335539"}],"wp:featuredmedia":[{"embeddable":true,"href":"https:\/\/baldumarket.lt\/lt\/wp-json\/wp\/v2\/media\/335572"}],"wp:attachment":[{"href":"https:\/\/baldumarket.lt\/lt\/wp-json\/wp\/v2\/media?parent=335539"}],"wp:term":[{"taxonomy":"product_brand","embeddable":true,"href":"https:\/\/baldumarket.lt\/lt\/wp-json\/wp\/v2\/product_brand?post=335539"},{"taxonomy":"product_cat","embeddable":true,"href":"https:\/\/baldumarket.lt\/lt\/wp-json\/wp\/v2\/product_cat?post=335539"},{"taxonomy":"product_tag","embeddable":true,"href":"https:\/\/baldumarket.lt\/lt\/wp-json\/wp\/v2\/product_tag?post=335539"}],"curies":[{"name":"wp","href":"https:\/\/api.w.org\/{rel}","templated":true}]}}