{"id":335537,"date":"2026-03-07T18:38:42","date_gmt":"2026-03-07T15:38:42","guid":{"rendered":"https:\/\/baldumarket.lt\/?post_type=product&#038;p=335537"},"modified":"2026-03-26T18:06:57","modified_gmt":"2026-03-26T15:06:57","slug":"sanremo","status":"publish","type":"product","link":"https:\/\/baldumarket.lt\/lt\/product\/sanremo\/","title":{"rendered":"Bald\u0173 sienel\u0117 SANREMO"},"content":{"rendered":"<p>Plotis\/Auk\u0161tis\/Gylis: 337\/200\/53 cm<br \/>\nSANREMO komplektas \u2013 tai i\u0161skirtinai patrauklus, universalus, didelis ir modernus sieninis baldas. Puikiai suprojektuotas, labai patogus ir prakti\u0161kas naudoti. Pagamintas i\u0161 auk\u0161tos kokyb\u0117s laminuotos plok\u0161t\u0117s, jis tarnaus ilgus metus. Jis puikiai tinka svetain\u0117ms ir poilsio kambariams. Baldai yra erdv\u016bs ir si\u016blomi \u012fvairi\u0173 spalv\u0173.<\/p>\n<p>Matmenys:<br \/>\n\u2013 Plotis 337 cm \/ Auk\u0161tis 200 cm \/ Gylis 53 cm<br \/>\nPapildoma informacija:<br \/>\n\u2013 16 mm storio laminuota plok\u0161t\u0117, 22 mm vir\u0161us<\/p>\n<p>\u2013 Vitrinose standarti\u0161kai \u012frengtos laminuotos lentos lentynos,<\/p>\n<p>\u2013 Plastikin\u0117s rankenos u\u017etikrina patvarum\u0105 ir patogum\u0105,<\/p>\n<p>\u2013 Plat\u016bs MDF \u0161oniniai b\u0117geliai suteikia baldams dar didesn\u012f stabilum\u0105.<\/p>\n<p>\u2013 Televizoriaus ni\u0161a, plotis 110,5 cm<\/p>\n<p>\u2013 Baldai nauji, supakuoti \u012f savaranki\u0161kai surinkamas pakuotes, su ai\u0161kiomis instrukcijomis ir priedais.<\/p>\n<p>\u2013 Vizualizacijoje parodyta sienin\u0117 spintel\u0117 yra \u0161okolado spalvos.<\/p>","protected":false},"excerpt":{"rendered":"<p><strong><span dir=\"auto\"><span class=\"\" dir=\"auto\">Matmenys:<\/span><\/span><\/strong><\/p>\n<p><span dir=\"auto\">\u2013 plotis 337 cm \/ auk\u0161tis 200 cm \/ gylis 53 cm<\/span><\/p>","protected":false},"featured_media":335571,"comment_status":"open","ping_status":"closed","template":"","meta":[],"product_brand":[],"product_cat":[9879,9880,2008],"product_tag":[],"class_list":{"0":"post-335537","1":"product","2":"type-product","3":"status-publish","4":"has-post-thumbnail","6":"product_cat-krajan","7":"product_cat-classic-furniture-krajan","8":"product_cat-wall-units","10":"first","11":"instock","12":"shipping-taxable","13":"purchasable","14":"product-type-variable","15":"wvs-archive-product-wrapper"},"_links":{"self":[{"href":"https:\/\/baldumarket.lt\/lt\/wp-json\/wp\/v2\/product\/335537","targetHints":{"allow":["GET"]}}],"collection":[{"href":"https:\/\/baldumarket.lt\/lt\/wp-json\/wp\/v2\/product"}],"about":[{"href":"https:\/\/baldumarket.lt\/lt\/wp-json\/wp\/v2\/types\/product"}],"replies":[{"embeddable":true,"href":"https:\/\/baldumarket.lt\/lt\/wp-json\/wp\/v2\/comments?post=335537"}],"wp:featuredmedia":[{"embeddable":true,"href":"https:\/\/baldumarket.lt\/lt\/wp-json\/wp\/v2\/media\/335571"}],"wp:attachment":[{"href":"https:\/\/baldumarket.lt\/lt\/wp-json\/wp\/v2\/media?parent=335537"}],"wp:term":[{"taxonomy":"product_brand","embeddable":true,"href":"https:\/\/baldumarket.lt\/lt\/wp-json\/wp\/v2\/product_brand?post=335537"},{"taxonomy":"product_cat","embeddable":true,"href":"https:\/\/baldumarket.lt\/lt\/wp-json\/wp\/v2\/product_cat?post=335537"},{"taxonomy":"product_tag","embeddable":true,"href":"https:\/\/baldumarket.lt\/lt\/wp-json\/wp\/v2\/product_tag?post=335537"}],"curies":[{"name":"wp","href":"https:\/\/api.w.org\/{rel}","templated":true}]}}