{"id":33553,"date":"2025-11-14T23:09:47","date_gmt":"2025-11-14T20:09:47","guid":{"rendered":"https:\/\/baldumarket.lt\/product\/elioss\/"},"modified":"2026-03-24T16:24:26","modified_gmt":"2026-03-24T13:24:26","slug":"elioss","status":"publish","type":"product","link":"https:\/\/baldumarket.lt\/lt\/product\/elioss\/","title":{"rendered":"Elioss"},"content":{"rendered":"<p>Pristatome presti\u017ein\u0117je \u201eClassic\u201c kolekcijoje esan\u010di\u0105 sof\u0105, kurioje harmoningai dera modernus dizainas ir i\u0161skirtinis funkcionalumas. Rinkit\u0117s i\u0161 \u201eSola\u201c, \u201eTabbris\u201c ir \u201eRoyal\u201c audini\u0173, kurie der\u0117s prie j\u016bs\u0173 interjero. \u201eSola\u201c si\u016blo subtilum\u0105 ir subtilum\u0105, \u201eTabbris\u201c \u017eavi savo tekst\u016bra, o \u201eRoyal\u201c suteikia j\u016bs\u0173 interjerui elegancijos. S\u0117dyn\u0117 ir atlo\u0161as, u\u017epildyti T2540 poliuretano putomis, garantuoja komfort\u0105 ir atram\u0105, idealiai tinka tiek kasdieniam poilsiui, tiek ilgesniam atsipalaidavimui. Juodos, 2,5 cm auk\u0161\u010dio kojel\u0117s subtiliai pakelia sof\u0105 nuo grind\u0173, pabr\u0117\u017edamos jos modern\u0173 charakter\u012f. Sofa, apr\u016bpinta miegojimo funkcija, tampa prakti\u0161ku sprendimu, suteikian\u010diu papildomos erdv\u0117s poilsiui. \u0160i sofa \u2013 tai modernaus stiliaus kvintesencija, derinanti estetik\u0105 su auk\u0161\u010diausiu komforto lygiu.<\/p>","protected":false},"excerpt":{"rendered":"<p>Pristatome sof\u0105, kurioje harmoningai dera modernus dizainas ir i\u0161skirtinis funkcionalumas, kuri\u0105 galima \u012fsigyti presti\u017ein\u0117je \u201eClassic\u201c kolekcijoje. Rinkit\u0117s i\u0161 \u201eSola\u201c, \u201eTabbris\u201c ir \u201eRoyal\u201c audini\u0173, kurie der\u0117s prie j\u016bs\u0173 interjero. \u201eSola\u201c si\u016blo subtilum\u0105 ir subtilum\u0105, \u201eTabbris\u201c \u017eavi savo tekst\u016bra, o \u201eRoyal\u201c suteikia j\u016bs\u0173 interjerui elegancijos. S\u0117dyn\u0117 ir atlo\u0161as, aptraukti T2540 [\u2026]<\/p>","protected":false},"featured_media":33554,"comment_status":"open","ping_status":"open","template":"","meta":[],"product_brand":[],"product_cat":[2012,9170,560],"product_tag":[],"class_list":{"0":"post-33553","1":"product","2":"type-product","3":"status-publish","4":"has-post-thumbnail","6":"product_cat-eltap","7":"product_cat-sofy-i-kanapy-eltap","8":"product_cat-sofas-and-couches","10":"first","11":"instock","12":"purchasable","13":"product-type-variable","14":"wvs-archive-product-wrapper"},"_links":{"self":[{"href":"https:\/\/baldumarket.lt\/lt\/wp-json\/wp\/v2\/product\/33553","targetHints":{"allow":["GET"]}}],"collection":[{"href":"https:\/\/baldumarket.lt\/lt\/wp-json\/wp\/v2\/product"}],"about":[{"href":"https:\/\/baldumarket.lt\/lt\/wp-json\/wp\/v2\/types\/product"}],"replies":[{"embeddable":true,"href":"https:\/\/baldumarket.lt\/lt\/wp-json\/wp\/v2\/comments?post=33553"}],"wp:featuredmedia":[{"embeddable":true,"href":"https:\/\/baldumarket.lt\/lt\/wp-json\/wp\/v2\/media\/33554"}],"wp:attachment":[{"href":"https:\/\/baldumarket.lt\/lt\/wp-json\/wp\/v2\/media?parent=33553"}],"wp:term":[{"taxonomy":"product_brand","embeddable":true,"href":"https:\/\/baldumarket.lt\/lt\/wp-json\/wp\/v2\/product_brand?post=33553"},{"taxonomy":"product_cat","embeddable":true,"href":"https:\/\/baldumarket.lt\/lt\/wp-json\/wp\/v2\/product_cat?post=33553"},{"taxonomy":"product_tag","embeddable":true,"href":"https:\/\/baldumarket.lt\/lt\/wp-json\/wp\/v2\/product_tag?post=33553"}],"curies":[{"name":"wp","href":"https:\/\/api.w.org\/{rel}","templated":true}]}}