{"id":335525,"date":"2026-03-07T18:37:44","date_gmt":"2026-03-07T15:37:44","guid":{"rendered":"https:\/\/baldumarket.lt\/?post_type=product&#038;p=335525"},"modified":"2026-03-26T18:06:57","modified_gmt":"2026-03-26T15:06:57","slug":"sava-spinta-s-4","status":"publish","type":"product","link":"https:\/\/baldumarket.lt\/lt\/product\/sava-spinta-s-4\/","title":{"rendered":"SAVA Spinta S-4"},"content":{"rendered":"<p>SAVA spinta \u2013 puikus pasirinkimas j\u016bs\u0173 miegamajam. Pagaminta i\u0161 auk\u0161tos kokyb\u0117s laminuotos plok\u0161t\u0117s, tvirta konstrukcija garantuoja ilgaam\u017ei\u0161kum\u0105 ir tarnaus jums ilgus metus. D\u0117l matmen\u0173 spinta suteikia ne\u012ftik\u0117tinai daug vietos daiktams susid\u0117ti.<\/p>\n<p>Plotis\/Auk\u0161tis\/Gylis: 135\/200\/53,5 cm<\/p>","protected":false},"excerpt":{"rendered":"<p>SAVA spinta \u2013 puikus pasirinkimas j\u016bs\u0173 miegamajam. Pagaminta i\u0161 auk\u0161tos kokyb\u0117s laminuotos plok\u0161t\u0117s, tvirta konstrukcija garantuoja ilgaam\u017ei\u0161kum\u0105 ir tarnaus jums ilgus metus. Jos matmenys suteikia ne\u012ftik\u0117tinai daug vietos daiktams susid\u0117ti. Plotis \/ Auk\u0161tis \/ Gylis: 135 \/ 200 \/ 53,5 cm<\/p>","protected":false},"featured_media":335558,"comment_status":"open","ping_status":"closed","template":"","meta":[],"product_brand":[],"product_cat":[9883,9879,1177],"product_tag":[],"class_list":{"0":"post-335525","1":"product","2":"type-product","3":"status-publish","4":"has-post-thumbnail","6":"product_cat-bedrooms-krajan","7":"product_cat-krajan","8":"product_cat-wardrobes","10":"first","11":"instock","12":"shipping-taxable","13":"purchasable","14":"product-type-variable","15":"wvs-archive-product-wrapper"},"_links":{"self":[{"href":"https:\/\/baldumarket.lt\/lt\/wp-json\/wp\/v2\/product\/335525","targetHints":{"allow":["GET"]}}],"collection":[{"href":"https:\/\/baldumarket.lt\/lt\/wp-json\/wp\/v2\/product"}],"about":[{"href":"https:\/\/baldumarket.lt\/lt\/wp-json\/wp\/v2\/types\/product"}],"replies":[{"embeddable":true,"href":"https:\/\/baldumarket.lt\/lt\/wp-json\/wp\/v2\/comments?post=335525"}],"wp:featuredmedia":[{"embeddable":true,"href":"https:\/\/baldumarket.lt\/lt\/wp-json\/wp\/v2\/media\/335558"}],"wp:attachment":[{"href":"https:\/\/baldumarket.lt\/lt\/wp-json\/wp\/v2\/media?parent=335525"}],"wp:term":[{"taxonomy":"product_brand","embeddable":true,"href":"https:\/\/baldumarket.lt\/lt\/wp-json\/wp\/v2\/product_brand?post=335525"},{"taxonomy":"product_cat","embeddable":true,"href":"https:\/\/baldumarket.lt\/lt\/wp-json\/wp\/v2\/product_cat?post=335525"},{"taxonomy":"product_tag","embeddable":true,"href":"https:\/\/baldumarket.lt\/lt\/wp-json\/wp\/v2\/product_tag?post=335525"}],"curies":[{"name":"wp","href":"https:\/\/api.w.org\/{rel}","templated":true}]}}