{"id":335523,"date":"2026-03-07T18:37:39","date_gmt":"2026-03-07T15:37:39","guid":{"rendered":"https:\/\/baldumarket.lt\/?post_type=product&#038;p=335523"},"modified":"2026-03-26T18:06:57","modified_gmt":"2026-03-26T15:06:57","slug":"sonata","status":"publish","type":"product","link":"https:\/\/baldumarket.lt\/lt\/product\/sonata\/","title":{"rendered":"Bald\u0173 sienel\u0117 SONATA"},"content":{"rendered":"<p>Plotis\/Auk\u0161tis\/Gylis: 300\/202\/50 cm<br \/>\nSONATA komplektas pasi\u017eymi moderniu ir eleganti\u0161ku dizainu, tvirtumu ir funkcionalumu. Pagamintas i\u0161 auk\u0161tos kokyb\u0117s laminuotos plok\u0161t\u0117s, jis tarnaus ilgus metus, o paprasta konstrukcija u\u017etikrina patog\u0173 naudojim\u0105 net ir reikliausiems klientams. Baldai puikiai tinka svetain\u0117ms ir poilsio kambariams. Baldai yra erdv\u016bs ir si\u016blomi \u012fvairi\u0173 spalv\u0173.<br \/>\nMatmenys:<br \/>\n\u2013 plotis 300 cm \/ auk\u0161tis 202 cm \/ gylis 50 cm<br \/>\nPapildoma informacija:<br \/>\n\u2013 16 mm storio laminuota plok\u0161t\u0117, 22 mm stalvir\u0161iai<\/p>\n<p>\u2013 vitrinose standarti\u0161kai yra laminuotos plok\u0161t\u0117s lentynos,<\/p>\n<p>\u2013 plastikin\u0117s rankenos u\u017etikrina patvarum\u0105 ir naudojimo patogum\u0105,<\/p>\n<p>\u2013 Televizoriaus ni\u0161a, plotis 120 cm<\/p>\n<p>\u2013 Baldai nauji, supakuoti \u012f savaranki\u0161kai surinkamas pakuotes, su ai\u0161kiomis instrukcijomis ir priedais.<\/p>\n<p>\u2013 Vizualizacijoje parodyta sienin\u0117 spintel\u0117 yra \u0161okolado spalvos.<\/p>","protected":false},"excerpt":{"rendered":"<p><strong><span dir=\"auto\">Matmenys:<\/span><\/strong><\/p>\n<p><span dir=\"auto\">\u2013 plotis 300 cm \/ auk\u0161tis 202 cm \/ gylis 50 cm<\/span><\/p>","protected":false},"featured_media":335557,"comment_status":"open","ping_status":"closed","template":"","meta":[],"product_brand":[],"product_cat":[9879,9880,2008],"product_tag":[],"class_list":{"0":"post-335523","1":"product","2":"type-product","3":"status-publish","4":"has-post-thumbnail","6":"product_cat-krajan","7":"product_cat-classic-furniture-krajan","8":"product_cat-wall-units","10":"first","11":"instock","12":"shipping-taxable","13":"purchasable","14":"product-type-variable","15":"wvs-archive-product-wrapper"},"_links":{"self":[{"href":"https:\/\/baldumarket.lt\/lt\/wp-json\/wp\/v2\/product\/335523","targetHints":{"allow":["GET"]}}],"collection":[{"href":"https:\/\/baldumarket.lt\/lt\/wp-json\/wp\/v2\/product"}],"about":[{"href":"https:\/\/baldumarket.lt\/lt\/wp-json\/wp\/v2\/types\/product"}],"replies":[{"embeddable":true,"href":"https:\/\/baldumarket.lt\/lt\/wp-json\/wp\/v2\/comments?post=335523"}],"wp:featuredmedia":[{"embeddable":true,"href":"https:\/\/baldumarket.lt\/lt\/wp-json\/wp\/v2\/media\/335557"}],"wp:attachment":[{"href":"https:\/\/baldumarket.lt\/lt\/wp-json\/wp\/v2\/media?parent=335523"}],"wp:term":[{"taxonomy":"product_brand","embeddable":true,"href":"https:\/\/baldumarket.lt\/lt\/wp-json\/wp\/v2\/product_brand?post=335523"},{"taxonomy":"product_cat","embeddable":true,"href":"https:\/\/baldumarket.lt\/lt\/wp-json\/wp\/v2\/product_cat?post=335523"},{"taxonomy":"product_tag","embeddable":true,"href":"https:\/\/baldumarket.lt\/lt\/wp-json\/wp\/v2\/product_tag?post=335523"}],"curies":[{"name":"wp","href":"https:\/\/api.w.org\/{rel}","templated":true}]}}