{"id":335493,"date":"2026-03-07T18:34:53","date_gmt":"2026-03-07T15:34:53","guid":{"rendered":"https:\/\/baldumarket.lt\/?post_type=product&#038;p=335493"},"modified":"2026-03-26T18:06:57","modified_gmt":"2026-03-26T15:06:57","slug":"stalas-kest-1a","status":"publish","type":"product","link":"https:\/\/baldumarket.lt\/lt\/product\/stalas-kest-1a\/","title":{"rendered":"Stalas KEVIN KEST-1A"},"content":{"rendered":"<p>\u2013 KEST-1A stalas \u2013 (160\/78\/90 cm)<br \/>\n\u2013 sistema i\u0161 vizualizacijos, pagaminta \u0161iomis spalvomis: \u0105\u017euolas \u201eLancelot\u201c \/ uosis \u201ePortland\u201c<\/p>","protected":false},"excerpt":{"rendered":"<p>\u2013 KEST-1A stalas \u2013 (160\/78\/90 cm) \u2013 sistema i\u0161 vizualizacijos, pagaminta i\u0161 \u0161i\u0173 spalv\u0173: \u0105\u017euolo Lancelot\/uosio Portland<\/p>","protected":false},"featured_media":335517,"comment_status":"open","ping_status":"closed","template":"","meta":[],"product_brand":[],"product_cat":[9936,9879,1934],"product_tag":[],"class_list":{"0":"post-335493","1":"product","2":"type-product","3":"status-publish","4":"has-post-thumbnail","6":"product_cat-furniture-system-kevin","7":"product_cat-krajan","8":"product_cat-tables","10":"first","11":"instock","12":"shipping-taxable","13":"purchasable","14":"product-type-variable","15":"wvs-archive-product-wrapper"},"_links":{"self":[{"href":"https:\/\/baldumarket.lt\/lt\/wp-json\/wp\/v2\/product\/335493","targetHints":{"allow":["GET"]}}],"collection":[{"href":"https:\/\/baldumarket.lt\/lt\/wp-json\/wp\/v2\/product"}],"about":[{"href":"https:\/\/baldumarket.lt\/lt\/wp-json\/wp\/v2\/types\/product"}],"replies":[{"embeddable":true,"href":"https:\/\/baldumarket.lt\/lt\/wp-json\/wp\/v2\/comments?post=335493"}],"wp:featuredmedia":[{"embeddable":true,"href":"https:\/\/baldumarket.lt\/lt\/wp-json\/wp\/v2\/media\/335517"}],"wp:attachment":[{"href":"https:\/\/baldumarket.lt\/lt\/wp-json\/wp\/v2\/media?parent=335493"}],"wp:term":[{"taxonomy":"product_brand","embeddable":true,"href":"https:\/\/baldumarket.lt\/lt\/wp-json\/wp\/v2\/product_brand?post=335493"},{"taxonomy":"product_cat","embeddable":true,"href":"https:\/\/baldumarket.lt\/lt\/wp-json\/wp\/v2\/product_cat?post=335493"},{"taxonomy":"product_tag","embeddable":true,"href":"https:\/\/baldumarket.lt\/lt\/wp-json\/wp\/v2\/product_tag?post=335493"}],"curies":[{"name":"wp","href":"https:\/\/api.w.org\/{rel}","templated":true}]}}