{"id":335441,"date":"2026-03-07T18:30:38","date_gmt":"2026-03-07T15:30:38","guid":{"rendered":"https:\/\/baldumarket.lt\/?post_type=product&#038;p=335441"},"modified":"2026-03-26T18:06:57","modified_gmt":"2026-03-26T15:06:57","slug":"sistema-capri","status":"publish","type":"product","link":"https:\/\/baldumarket.lt\/lt\/product\/sistema-capri\/","title":{"rendered":"Sistema CAPRI"},"content":{"rendered":"<p>CAPRI moduliniai baldai \u2013 tai keli\u0173 moduli\u0173 komplektas, kuris d\u0117l savo lankstumo pad\u0117s jums puikiai sutvarkyti bet koki\u0105 erdv\u0119, net ir pa\u010di\u0105 sud\u0117tingiausi\u0105 bei ne\u012fpras\u010diausi\u0105. \u0160ie moduliniai baldai puikiai tinka miegamiesiems ir svetain\u0117ms, taip pat jaunimo kambariams. Sistemos leid\u017eia \u012frengti kambarius vienu stiliumi, o tai labai supaprastina vis\u0105 interjero k\u016brimo proces\u0105. Pasirinkdami elementus i\u0161 konkretaus komplekto, galite b\u016bti tikri, kad viskas sukurs darni\u0105 visum\u0105. Matmenys:<br \/>\n\u2013 plotis XX cm \/ auk\u0161tis XX cm \/ gylis XX cm<br \/>\n\u2013 RTV-CD-2 ni\u0161a \u2013 (156\/47\/43,5 cm)<\/p>\n<p>\u2013 CK-2 komoda \u2013 (156\/92\/43,5 cm)<\/p>\n<p>\u2013 CK-3 komoda \u2013 (201\/92\/43,5 cm)<\/p>\n<p>\u2013 CW-1 vitrina \u2013 (66\/201\/43,5 cm)<\/p>\n<p>\u2013 CW-2 vitrina \u2013 (110\/201\/43,5 cm)<\/p>\n<p>\u2013 CR-1 knyg\u0173 lentyna \u2013 (66\/201\/43,5 cm)<\/p>\n<p>\u2013 CR-4 knyg\u0173 lentyna \u2013 (110\/161\/43,5 cm)<\/p>\n<p>\u2013 CP-4 prie sienos montuojama spintel\u0117 \u2013 (124,5\/40\/23 cm)<\/p>\n<p>\u2013 CL veidrodis \u2013 (133\/92 cm)<\/p>\n<p>\u2013 C\u0141-1 kavos staliukas \u2013 (140\/58\/65 cm)<\/p>\n<p>\u2013 CS-1A stalas \u2013 (160\/78\/90 cm)<\/p>\n<p>\u2013 CS-1B i\u0161traukiamas stalas \u2013 (160\/210\/78\/90 cm)<\/p>\n<p>\u2013 CS-2A stalas \u2013 (180\/78\/90 cm)<\/p>\n<p>\u2013 CS-2B i\u0161traukiamas stalas \u2013 (180\/230\/78\/90 cm)<\/p>\n<p>Galimos spalvos:<\/p>\n<p>\u2013 Velingtonas<\/p>\n<p>\u2013 Amatininkas<\/p>\n<p>\u2013 Sirachas<br \/>\nLED ap\u0161vietimas:<br \/>\nBald\u0173 su LED ap\u0161vietimu atveju ap\u0161vietimas taikomas:<br \/>\n\u2013 CW-1 vitrina<\/p>\n<p>\u2013 CW-2 vitrina<br \/>\n\u2013 vitrinose standarti\u0161kai yra laminuotos plok\u0161t\u0117s lentynos,<\/p>\n<p>\u2013 stiklin\u0117s lentynos + LED ap\u0161vietimas u\u017e papildom\u0105 mokest\u012f,<\/p>\n<p>Papildoma informacija:<br \/>\n\u2013 sistema pagaminta i\u0161 auk\u0161tos kokyb\u0117s laminuotos plok\u0161t\u0117s,<\/p>\n<p>\u2013 kra\u0161tai apdailinti ABS fanera,<\/p>\n<p>\u2013 22 mm storio \u0161onin\u0117s juostel\u0117s,<\/p>\n<p>\u2013 22 mm storio stalvir\u0161iai,<br \/>\n\u2013 Baldai nauji, supakuoti \u012f savaranki\u0161kai surinkamas pakuotes, su ai\u0161kiomis instrukcijomis ir priedais.<\/p>\n<p>\u2013 Vizualizacijoje parodyta sistema yra \u0161ios spalvos: syrach.<\/p>","protected":false},"excerpt":{"rendered":"<p>CAPRI moduliniai baldai \u2013 tai keli\u0173 moduli\u0173 komplektas, kuris d\u0117l savo lankstumo pad\u0117s jums puikiai sutvarkyti bet koki\u0105 erdv\u0119, net ir pa\u010di\u0105 sud\u0117tingiausi\u0105 bei ne\u012fpras\u010diausi\u0105. \u0160ie moduliniai baldai puikiai tinka miegamiesiems ir svetain\u0117ms, taip pat jaunimo kambariams. Sistemos leid\u017eia \u012frengti kambarius vienu stiliumi, o tai labai [\u2026]<\/p>","protected":false},"featured_media":335483,"comment_status":"open","ping_status":"closed","template":"","meta":[],"product_brand":[],"product_cat":[9928,9879],"product_tag":[],"class_list":{"0":"post-335441","1":"product","2":"type-product","3":"status-publish","4":"has-post-thumbnail","6":"product_cat-furniture-system-capri","7":"product_cat-krajan","9":"first","10":"instock","11":"shipping-taxable","12":"product-type-variable","13":"wvs-archive-product-wrapper"},"_links":{"self":[{"href":"https:\/\/baldumarket.lt\/lt\/wp-json\/wp\/v2\/product\/335441","targetHints":{"allow":["GET"]}}],"collection":[{"href":"https:\/\/baldumarket.lt\/lt\/wp-json\/wp\/v2\/product"}],"about":[{"href":"https:\/\/baldumarket.lt\/lt\/wp-json\/wp\/v2\/types\/product"}],"replies":[{"embeddable":true,"href":"https:\/\/baldumarket.lt\/lt\/wp-json\/wp\/v2\/comments?post=335441"}],"wp:featuredmedia":[{"embeddable":true,"href":"https:\/\/baldumarket.lt\/lt\/wp-json\/wp\/v2\/media\/335483"}],"wp:attachment":[{"href":"https:\/\/baldumarket.lt\/lt\/wp-json\/wp\/v2\/media?parent=335441"}],"wp:term":[{"taxonomy":"product_brand","embeddable":true,"href":"https:\/\/baldumarket.lt\/lt\/wp-json\/wp\/v2\/product_brand?post=335441"},{"taxonomy":"product_cat","embeddable":true,"href":"https:\/\/baldumarket.lt\/lt\/wp-json\/wp\/v2\/product_cat?post=335441"},{"taxonomy":"product_tag","embeddable":true,"href":"https:\/\/baldumarket.lt\/lt\/wp-json\/wp\/v2\/product_tag?post=335441"}],"curies":[{"name":"wp","href":"https:\/\/api.w.org\/{rel}","templated":true}]}}