{"id":335439,"date":"2026-03-07T18:30:33","date_gmt":"2026-03-07T15:30:33","guid":{"rendered":"https:\/\/baldumarket.lt\/?post_type=product&#038;p=335439"},"modified":"2026-03-26T18:06:57","modified_gmt":"2026-03-26T15:06:57","slug":"sistema-eden","status":"publish","type":"product","link":"https:\/\/baldumarket.lt\/lt\/product\/sistema-eden\/","title":{"rendered":"Sistema EDEN"},"content":{"rendered":"<p>EDEN \u2013 stilinga, moderni ir itin prakti\u0161ka bald\u0173 sistema, puikiai tinkanti bet kuriai svetainei, valgomajam ar miegamajam.<\/p>\n<p>EDEN sistema leid\u017eia sukurti unikali\u0105 erdv\u0119 d\u0117ka plataus gamini\u0173 asortimento, leid\u017eian\u010dio susikurti bet kok\u012f j\u016bs\u0173 poreikius atitinkant\u012f i\u0161d\u0117stym\u0105. Sistema vizualizuojama spalva: kaln\u0173 uosis \/ portlandmed\u017eio uosis.<br \/>\nMatmenys:<br \/>\n\u2013 Plotis XX cm \/ Auk\u0161tis XX cm \/ Gylis XX cm<br \/>\n\u2013 Televizoriaus pried\u0117lis ED-1 \u2013 (161,4\/37\/47 cm)<\/p>\n<p>\u2013 Televizoriaus pried\u0117lis ED-2 \u2013 (158\/50\/47 cm)<\/p>\n<p>\u2013 Komoda EDK-1 \u2013 (172\/83\/47 cm)<\/p>\n<p>\u2013 Komoda EDK-2 \u2013 (222\/83\/47 cm)<\/p>\n<p>\u2013 Vitrina EDW-1 \u2013 (116,4\/187,4\/47 cm)<\/p>\n<p>\u2013 Vitrina EDW-2 \u2013 (116\/187,4\/47 cm)<\/p>\n<p>\u2013 Vitrina EDW-3 \u2013 (116\/187,4\/47 cm)<\/p>\n<p>\u2013 Vitrina EDW-4 \u2013 (116\/187,4\/47 cm)<\/p>\n<p>\u2013 ED\u0141-1 kavos staliukas \u2013 (115\/45,3\/65 cm)<\/p>\n<p>\u2013 EDL-1 veidrodis \u2013 (180\/82 cm)<\/p>\n<p>\u2013 EDP-1 lentyna \u2013 (150\/90\/32 cm)<\/p>\n<p>\u2013 EDP-2 lentyna \u2013 (150\/90\/32 cm)<\/p>\n<p>\u2013 EDP-3 lentyna \u2013 (150\/34\/24 cm)<br \/>\n\u2013 EDST-1A stalas \u2013 (160\/78\/90 cm)<\/p>\n<p>\u2013 EDST-2A stalas \u2013 (180\/78\/90cm)<\/p>\n<p>\u2013 EDST-1B stalas \u2013 (160\/210\/78\/90 cm)<\/p>\n<p>\u2013 EDST-2B stalas \u2013 (180\/230\/78\/90 cm)<br \/>\nGalimos spalvos:<\/p>\n<p>\u2013 Velingtonas\/Portlandas A\u0161as<\/p>\n<p>\u2013 Pelen\u0173 kalnas \/ Portlando uosis<\/p>\n<p>\u2013 Lancelot \u0105\u017euolas \/ Portlando uosis<\/p>\n<p>LED ap\u0161vietimas:<br \/>\nBald\u0173 variante su LED ap\u0161vietimu ap\u0161vietimas taikomas \u0161iems elementams:<br \/>\n\u2013 EDW-1 vitrina<\/p>\n<p>\u2013 EDW-2 vitrina<\/p>\n<p>\u2013 EDW-3 vitrina<\/p>\n<p>\u2013 EDW-4 vitrina<br \/>\n\u2013 Vitrinos standarti\u0161kai komplektuojamos su laminuotomis lentynomis,<\/p>\n<p>\u2013 Stiklin\u0117s lentynos + LED ap\u0161vietimas \u2013 u\u017e papildom\u0105 mokest\u012f,<\/p>\n<p>Papildoma informacija:<br \/>\n\u2013 Sistema pagaminta i\u0161 auk\u0161tos kokyb\u0117s laminuotos plok\u0161t\u0117s,<\/p>\n<p>\u2013 ABS faneruotos briaunos,<\/p>\n<p>\u2013 28 mm storio stalvir\u0161iai ir juostel\u0117s,<br \/>\n\u2013 Baldai nauji, supakuoti \u012f savaranki\u0161kai surinkamas pakuotes, su ai\u0161kiomis instrukcijomis ir priedais.<\/p>\n<p>\u2013 Vizualizacijoje parodyta sistema yra \u0161ios spalvos: kaln\u0173 pelen\u0173 \/ portlando pelen\u0173<\/p>","protected":false},"excerpt":{"rendered":"<p>EDEN \u2013 tai stilinga, moderni ir itin prakti\u0161ka bald\u0173 sistema, puikiai tinkanti bet kuriai svetainei, valgomajam ar miegamajam. EDEN sistema leid\u017eia sukurti unikali\u0105 erdv\u0119 d\u0117l plataus gamini\u0173 asortimento, leid\u017eian\u010dio susikurti bet kok\u012f i\u0161d\u0117stym\u0105 pagal j\u016bs\u0173 poreikius. Sistema vizualizuota [\u2026]<\/p>","protected":false},"featured_media":335481,"comment_status":"open","ping_status":"closed","template":"","meta":[],"product_brand":[],"product_cat":[9929,9879],"product_tag":[],"class_list":{"0":"post-335439","1":"product","2":"type-product","3":"status-publish","4":"has-post-thumbnail","6":"product_cat-furniture-system-eden","7":"product_cat-krajan","9":"first","10":"instock","11":"shipping-taxable","12":"product-type-variable","13":"wvs-archive-product-wrapper"},"_links":{"self":[{"href":"https:\/\/baldumarket.lt\/lt\/wp-json\/wp\/v2\/product\/335439","targetHints":{"allow":["GET"]}}],"collection":[{"href":"https:\/\/baldumarket.lt\/lt\/wp-json\/wp\/v2\/product"}],"about":[{"href":"https:\/\/baldumarket.lt\/lt\/wp-json\/wp\/v2\/types\/product"}],"replies":[{"embeddable":true,"href":"https:\/\/baldumarket.lt\/lt\/wp-json\/wp\/v2\/comments?post=335439"}],"wp:featuredmedia":[{"embeddable":true,"href":"https:\/\/baldumarket.lt\/lt\/wp-json\/wp\/v2\/media\/335481"}],"wp:attachment":[{"href":"https:\/\/baldumarket.lt\/lt\/wp-json\/wp\/v2\/media?parent=335439"}],"wp:term":[{"taxonomy":"product_brand","embeddable":true,"href":"https:\/\/baldumarket.lt\/lt\/wp-json\/wp\/v2\/product_brand?post=335439"},{"taxonomy":"product_cat","embeddable":true,"href":"https:\/\/baldumarket.lt\/lt\/wp-json\/wp\/v2\/product_cat?post=335439"},{"taxonomy":"product_tag","embeddable":true,"href":"https:\/\/baldumarket.lt\/lt\/wp-json\/wp\/v2\/product_tag?post=335439"}],"curies":[{"name":"wp","href":"https:\/\/api.w.org\/{rel}","templated":true}]}}