{"id":335429,"date":"2026-03-07T18:29:46","date_gmt":"2026-03-07T15:29:46","guid":{"rendered":"https:\/\/baldumarket.lt\/?post_type=product&#038;p=335429"},"modified":"2026-03-26T18:06:57","modified_gmt":"2026-03-26T15:06:57","slug":"sistema-fenix","status":"publish","type":"product","link":"https:\/\/baldumarket.lt\/lt\/product\/sistema-fenix\/","title":{"rendered":"Sistema FENIX"},"content":{"rendered":"<p>FENIX moduliniai baldai \u2013 tai keli\u0173 moduli\u0173 komplektas, kuris d\u0117l savo lankstumo pad\u0117s jums puikiai sutvarkyti bet koki\u0105 erdv\u0119, net ir pa\u010di\u0105 sud\u0117tingiausi\u0105 bei ne\u012fpras\u010diausi\u0105. Moduliniai baldai puikiai tinka miegamiesiems ir svetain\u0117ms, taip pat jaunimo kambariams. Sistemos leid\u017eia \u012frengti kambarius vienu stiliumi, o tai labai supaprastina vis\u0105 interjero k\u016brimo proces\u0105. Pasirinkdami elementus i\u0161 konkretaus komplekto, galite b\u016bti tikri, kad viskas sukurs darni\u0105 visum\u0105. Matmenys:<br \/>\n\u2013 Plotis XX cm \/ Auk\u0161tis XX cm \/ Gylis XX cm<br \/>\n\u2013 FE\u0141-1 kavos staliukas \u2013 (110\/45\/65 cm)<\/p>\n<p>\u2013 FE\u0141-3 kavos staliukas \u2013 (126\/42\/67 cm)<\/p>\n<p>\u2013 FED-1 televizoriaus stovas \u2013 (150\/48\/47 cm)<\/p>\n<p>\u2013 FEK-1 komoda \u2013 (160\/84\/47 cm)<\/p>\n<p>\u2013 FEK-2 komoda \u2013 (200\/84\/47 cm)<\/p>\n<p>\u2013 FEW-1 Vitrina \u2013 (100\/150\/42 cm)<\/p>\n<p>\u2013 FEW-2 Vitrina \u2013 (100\/150\/42 cm)<\/p>\n<p>\u2013 FER-1 lentyna \u2013 (100\/150\/42 cm)<\/p>\n<p>\u2013 FEP-1 lentyna \u2013 (110\/20 cm)<\/p>\n<p>\u2013 FEL-1 Veidrodis \u2013 (180\/80 cm)<br \/>\n\u2013 FEST-1A stalas \u2013 (160\/78\/90 cm)<\/p>\n<p>\u2013 FEST-2A stalas \u2013 (180\/78\/90 cm)<br \/>\nGalimos spalvos:<\/p>\n<p>\u2013 Portlando uosis \/ Artisan Ash<\/p>\n<p>\u2013 Portlando uosis \/ kaln\u0173 uosis<\/p>\n<p>\u2013 Tamsusis Lefkasas \/ Kaln\u0173 uosis<br \/>\nLED ap\u0161vietimas:<br \/>\nBald\u0173 variante su LED ap\u0161vietimu ap\u0161vietimas taikomas \u0161iems elementams:<br \/>\n\u2013 FEW-1 Vitrina<\/p>\n<p>\u2013 FEW-2 Vitrina<br \/>\n\u2013 Vitrinose standarti\u0161kai \u012frengtos laminuotos lentos lentynos,<\/p>\n<p>\u2013 Vitrinose u\u017e papildom\u0105 mokest\u012f galima \u012fsigyti stiklines lentynas + LED ap\u0161vietim\u0105,<\/p>\n<p>Papildoma informacija:<br \/>\n\u2013 Sistema pagaminta i\u0161 auk\u0161tos kokyb\u0117s laminuotos plok\u0161t\u0117s,<\/p>\n<p>\u2013 ABS faneruotos briaunos,<\/p>\n<p>\u2013 28 mm storio stalvir\u0161iai,<br \/>\n\u2013 Baldai nauji, supakuoti \u012f savaranki\u0161kai surinkamas pakuotes, su ai\u0161kiomis instrukcijomis ir priedais.<\/p>\n<p>\u2013 spalvota vizualizacijos sistema: Portland Ash\/Artisan<\/p>","protected":false},"excerpt":{"rendered":"<p>FENIX moduliniai baldai \u2013 tai keli\u0173 moduli\u0173 komplektas, kuris d\u0117l savo lankstumo pad\u0117s jums puikiai sutvarkyti bet koki\u0105 erdv\u0119, net ir pa\u010di\u0105 sud\u0117tingiausi\u0105 bei ne\u012fpras\u010diausi\u0105. Moduliniai baldai puikiai tinka miegamiesiems ir svetain\u0117ms, taip pat jaunimo kambariams. Sistemos leid\u017eia \u012frengti kambarius vienu stiliumi, o tai labai [\u2026]<\/p>","protected":false},"featured_media":335472,"comment_status":"open","ping_status":"closed","template":"","meta":[],"product_brand":[],"product_cat":[9932,9879],"product_tag":[],"class_list":{"0":"post-335429","1":"product","2":"type-product","3":"status-publish","4":"has-post-thumbnail","6":"product_cat-furniture-system-phoenix","7":"product_cat-krajan","9":"first","10":"instock","11":"shipping-taxable","12":"product-type-variable","13":"wvs-archive-product-wrapper"},"_links":{"self":[{"href":"https:\/\/baldumarket.lt\/lt\/wp-json\/wp\/v2\/product\/335429","targetHints":{"allow":["GET"]}}],"collection":[{"href":"https:\/\/baldumarket.lt\/lt\/wp-json\/wp\/v2\/product"}],"about":[{"href":"https:\/\/baldumarket.lt\/lt\/wp-json\/wp\/v2\/types\/product"}],"replies":[{"embeddable":true,"href":"https:\/\/baldumarket.lt\/lt\/wp-json\/wp\/v2\/comments?post=335429"}],"wp:featuredmedia":[{"embeddable":true,"href":"https:\/\/baldumarket.lt\/lt\/wp-json\/wp\/v2\/media\/335472"}],"wp:attachment":[{"href":"https:\/\/baldumarket.lt\/lt\/wp-json\/wp\/v2\/media?parent=335429"}],"wp:term":[{"taxonomy":"product_brand","embeddable":true,"href":"https:\/\/baldumarket.lt\/lt\/wp-json\/wp\/v2\/product_brand?post=335429"},{"taxonomy":"product_cat","embeddable":true,"href":"https:\/\/baldumarket.lt\/lt\/wp-json\/wp\/v2\/product_cat?post=335429"},{"taxonomy":"product_tag","embeddable":true,"href":"https:\/\/baldumarket.lt\/lt\/wp-json\/wp\/v2\/product_tag?post=335429"}],"curies":[{"name":"wp","href":"https:\/\/api.w.org\/{rel}","templated":true}]}}