{"id":335419,"date":"2026-03-07T18:28:56","date_gmt":"2026-03-07T15:28:56","guid":{"rendered":"https:\/\/baldumarket.lt\/?post_type=product&#038;p=335419"},"modified":"2026-03-26T18:06:57","modified_gmt":"2026-03-26T15:06:57","slug":"sistema-izis","status":"publish","type":"product","link":"https:\/\/baldumarket.lt\/lt\/product\/sistema-izis\/","title":{"rendered":"ISIS sistema"},"content":{"rendered":"<p>IZIS moduliniai baldai \u2013 tai keli\u0173 moduli\u0173 komplektas, kuris d\u0117l savo lankstumo pad\u0117s jums puikiai sutvarkyti bet koki\u0105 erdv\u0119, net ir pa\u010di\u0105 sud\u0117tingiausi\u0105 bei ne\u012fpras\u010diausi\u0105. Moduliniai baldai puikiai tinka miegamiesiems ir svetain\u0117ms, taip pat jaunimo kambariams. Sistemos leid\u017eia \u012frengti kambarius vienu stiliumi, o tai labai supaprastina vis\u0105 interjero k\u016brimo proces\u0105. Pasirink\u0119 elementus i\u0161 konkretaus komplekto, galite b\u016bti tikri, kad viskas sukurs darni\u0105 visum\u0105. Matmenys:<br \/>\n\u2013 Plotis XX cm \/ Auk\u0161tis XX cm \/ Gylis XX cm<br \/>\n\u2013 Komoda IK-1 \u2013 (207\/83\/46cm)<\/p>\n<p>\u2013 IW-1 vitrina \u2013 (117\/161\/46 cm)<\/p>\n<p>\u2013 I\u0141-1 kavos staliukas \u2013 (80\/45\/80cm)<\/p>\n<p>\u2013 IST-1A stalas \u2013 (160\/78\/90cm)<\/p>\n<p>\u2013 IST-2A stalas \u2013 (180\/78\/90 cm)<\/p>\n<p>\u2013 ISK stalas \u2013 (130\/78\/130 cm)<\/p>\n<p>\u2013 IST-1B i\u0161tiesiamas stalas \u2013 (160\/210\/78\/90cm)<\/p>\n<p>\u2013 I\u0161tiesiamas stalas IST-2B \u2013 (180\/230\/78\/90cm)<\/p>\n<p>\u2013 TV-RTV-1 ni\u0161a \u2013 (135\/38\/46 cm)<\/p>\n<p>\u2013 IL veidrodis (60\/60) \u2013 3 vnt.<br \/>\nLED ap\u0161vietimas:<br \/>\nBald\u0173 variante su LED ap\u0161vietimu ap\u0161vietimas taikomas \u0161iems elementams:<br \/>\n\u2013 IW-1 vitrina<\/p>\n<p>\u2013 vitrinose standarti\u0161kai yra laminuotos plok\u0161t\u0117s lentynos,<\/p>\n<p>\u2013 stiklin\u0117s lentynos + LED ap\u0161vietimas u\u017e papildom\u0105 mokest\u012f,<\/p>\n<p>Papildoma informacija:<br \/>\n\u2013 sistema pagaminta i\u0161 auk\u0161tos kokyb\u0117s laminuotos plok\u0161t\u0117s,<\/p>\n<p>\u2013 kra\u0161tai apdailinti ABS fanera,<\/p>\n<p>\u2013 stalvir\u0161i\u0173 storis yra 22 mm,<br \/>\n\u2013 baldai yra nauji, supakuoti \u012f savaranki\u0161kai surinkamas pakuotes, su ai\u0161kiomis instrukcijomis ir priedais.<\/p>\n<p>\u2013 sistema galima \u012fsigyti \u0161i\u0173 spalv\u0173:<\/p>","protected":false},"excerpt":{"rendered":"<p>IZIS moduliniai baldai \u2013 tai keli\u0173 moduli\u0173 komplektas, kuris d\u0117l savo lankstumo pad\u0117s jums puikiai sutvarkyti bet koki\u0105 erdv\u0119, net ir pa\u010di\u0105 sud\u0117tingiausi\u0105 bei ne\u012fpras\u010diausi\u0105. Moduliniai baldai puikiai tinka miegamiesiems ir svetain\u0117ms, taip pat jaunimo kambariams. Sistemos leid\u017eia \u012frengti kambarius vienu stiliumi, o tai labai [\u2026]<\/p>","protected":false},"featured_media":335462,"comment_status":"open","ping_status":"closed","template":"","meta":[],"product_brand":[],"product_cat":[9934,9879],"product_tag":[],"class_list":{"0":"post-335419","1":"product","2":"type-product","3":"status-publish","4":"has-post-thumbnail","6":"product_cat-furniture-system-isis","7":"product_cat-krajan","9":"first","10":"instock","11":"shipping-taxable","12":"product-type-variable","13":"wvs-archive-product-wrapper"},"_links":{"self":[{"href":"https:\/\/baldumarket.lt\/lt\/wp-json\/wp\/v2\/product\/335419","targetHints":{"allow":["GET"]}}],"collection":[{"href":"https:\/\/baldumarket.lt\/lt\/wp-json\/wp\/v2\/product"}],"about":[{"href":"https:\/\/baldumarket.lt\/lt\/wp-json\/wp\/v2\/types\/product"}],"replies":[{"embeddable":true,"href":"https:\/\/baldumarket.lt\/lt\/wp-json\/wp\/v2\/comments?post=335419"}],"wp:featuredmedia":[{"embeddable":true,"href":"https:\/\/baldumarket.lt\/lt\/wp-json\/wp\/v2\/media\/335462"}],"wp:attachment":[{"href":"https:\/\/baldumarket.lt\/lt\/wp-json\/wp\/v2\/media?parent=335419"}],"wp:term":[{"taxonomy":"product_brand","embeddable":true,"href":"https:\/\/baldumarket.lt\/lt\/wp-json\/wp\/v2\/product_brand?post=335419"},{"taxonomy":"product_cat","embeddable":true,"href":"https:\/\/baldumarket.lt\/lt\/wp-json\/wp\/v2\/product_cat?post=335419"},{"taxonomy":"product_tag","embeddable":true,"href":"https:\/\/baldumarket.lt\/lt\/wp-json\/wp\/v2\/product_tag?post=335419"}],"curies":[{"name":"wp","href":"https:\/\/api.w.org\/{rel}","templated":true}]}}