{"id":335417,"date":"2026-03-07T18:28:52","date_gmt":"2026-03-07T15:28:52","guid":{"rendered":"https:\/\/baldumarket.lt\/?post_type=product&#038;p=335417"},"modified":"2026-03-26T18:06:57","modified_gmt":"2026-03-26T15:06:57","slug":"sistema-jork","status":"publish","type":"product","link":"https:\/\/baldumarket.lt\/lt\/product\/sistema-jork\/","title":{"rendered":"Sistema YORK"},"content":{"rendered":"<p>JORK moduliniai baldai \u2013 tai keli\u0173 moduli\u0173 komplektas, kuris d\u0117l savo lankstumo pad\u0117s jums puikiai sutvarkyti bet koki\u0105 erdv\u0119, net ir pa\u010di\u0105 sud\u0117tingiausi\u0105 bei ne\u012fpras\u010diausi\u0105. Moduliniai baldai puikiai tinka miegamiesiems ir svetain\u0117ms, taip pat jaunimo kambariams. Sistemos leid\u017eia \u012frengti kambarius vienu stiliumi, o tai labai supaprastina vis\u0105 interjero k\u016brimo proces\u0105. Pasirinkdami elementus i\u0161 konkretaus komplekto, galite b\u016bti tikri, kad viskas sukurs darni\u0105 visum\u0105. Matmenys:<br \/>\n\u2013 plotis XX cm \/ auk\u0161tis XX cm \/ gylis XX cm<br \/>\n\u2013 JK-100 komoda \u2013 (100,5\/98\/47 cm)<\/p>\n<p>\u2013 JK-170 komoda \u2013 (170,5\/98\/47 cm)<\/p>\n<p>\u2013 JK-220 komoda \u2013 (220,5\/98\/47 cm)<\/p>\n<p>\u2013 JR-70 knyg\u0173 lentyna \u2013 (70,5\/205\/42,5 cm)<\/p>\n<p>\u2013 JR-120 knyg\u0173 lentyna \u2013 (120,5\/141\/42,5 cm)<\/p>\n<p>\u2013 JRS-70 knyg\u0173 lentyna \u2013 (70,5\/205\/42,5 cm)<\/p>\n<p>\u2013 JTV120 apatin\u0117 lentyna \u2013 (120,5\/43\/45 cm)<\/p>\n<p>\u2013 JTV170 apatin\u0117 lentyna \u2013 (170,5\/43\/45 cm)<\/p>\n<p>\u2013 JW-70 vitrina \u2013 (70,5\/205\/42,5 cm)<\/p>\n<p>\u2013 JW-120 vitrina \u2013 (120,5\/157\/42,5 cm)<\/p>\n<p>\u2013 J\u0141K-80 kavos staliukas \u2013 (80\/40\/80 cm)<\/p>\n<p>\u2013 JST-1A stalas \u2013 (160\/78\/90 cm)<\/p>\n<p>\u2013 JST-1B i\u0161traukiamas stalas \u2013 (160\/210\/78\/90 cm)<\/p>\n<p>\u2013 JST-2A stalas \u2013 (180\/78\/90 cm)<\/p>\n<p>\u2013 JST-2B i\u0161traukiamas stalas \u2013 (180\/230\/78\/90 cm)<br \/>\n\u2013 JB-170 stalas \u2013 (170\/76\/60 cm)<\/p>\n<p>\u2013 JB-130 stalas \u2013 (130\/76\/60 cm)<\/p>\n<p>\u2013 JSW-124 prie sienos montuojama spintel\u0117 \u2013 (124\/40\/23 cm)<br \/>\n\u2013 JL-1 veidrodis \u2013 (65\/65 cm) \u2013 3 vnt.<\/p>\n<p>\u2013 JL-2 veidrodis \u2013 (141\/71 cm)<br \/>\nGalimos spalvos:<\/p>\n<p>\u2013 Sonoma<\/p>\n<p>\u2013 Amatininkas<\/p>\n<p>\u2013 San Remo r\u016bdys<\/p>\n<p>\u2013 Velingtonas<\/p>\n<p>\u2013 Sirachas<\/p>\n<p>\u2013 Lanceloto \u0105\u017euolas<\/p>\n<p>\u2013 Kanjonas<br \/>\nLED ap\u0161vietimas:<br \/>\nBald\u0173 su LED ap\u0161vietimu atveju ap\u0161vietimas taikomas:<br \/>\n\u2013 JW-70 vitrina<\/p>\n<p>\u2013 JW-120 vitrina<br \/>\n\u2013 vitrinose standarti\u0161kai yra laminuotos plok\u0161t\u0117s lentynos,<\/p>\n<p>\u2013 stiklin\u0117s lentynos + LED ap\u0161vietimas u\u017e papildom\u0105 mokest\u012f,<\/p>\n<p>Papildoma informacija:<br \/>\n\u2013 sistema pagaminta i\u0161 auk\u0161tos kokyb\u0117s laminuotos plok\u0161t\u0117s,<\/p>\n<p>\u2013 kra\u0161tai apdailinti ABS fanera,<\/p>\n<p>\u2013 22 mm \u0161onin\u0117s juostel\u0117s,<\/p>\n<p>\u2013 22 mm storio stalvir\u0161iai,<br \/>\n\u2013 baldai yra nauji, supakuoti \u012f savaranki\u0161kai surinkamas pakuotes, su ai\u0161kiomis instrukcijomis ir priedais.<\/p>\n<p>\u2013 sistema su spalvota vizualizacija:<\/p>","protected":false},"excerpt":{"rendered":"<p>JORK moduliniai baldai \u2013 tai keli\u0173 moduli\u0173 komplektas, kuris d\u0117l savo lankstumo pad\u0117s puikiai sutvarkyti bet koki\u0105 erdv\u0119, net ir pa\u010di\u0105 sud\u0117tingiausi\u0105 bei ne\u012fpras\u010diausi\u0105. Moduliniai baldai puikiai tinka miegamiesiems ir svetain\u0117ms, taip pat jaunimo kambariams. Sistemos leid\u017eia \u012frengti kambarius vienu stiliumi, o tai labai [\u2026]<\/p>","protected":false},"featured_media":335461,"comment_status":"open","ping_status":"closed","template":"","meta":[],"product_brand":[],"product_cat":[9935,9879],"product_tag":[],"class_list":{"0":"post-335417","1":"product","2":"type-product","3":"status-publish","4":"has-post-thumbnail","6":"product_cat-furniture-system-york","7":"product_cat-krajan","9":"first","10":"instock","11":"shipping-taxable","12":"product-type-variable","13":"wvs-archive-product-wrapper"},"_links":{"self":[{"href":"https:\/\/baldumarket.lt\/lt\/wp-json\/wp\/v2\/product\/335417","targetHints":{"allow":["GET"]}}],"collection":[{"href":"https:\/\/baldumarket.lt\/lt\/wp-json\/wp\/v2\/product"}],"about":[{"href":"https:\/\/baldumarket.lt\/lt\/wp-json\/wp\/v2\/types\/product"}],"replies":[{"embeddable":true,"href":"https:\/\/baldumarket.lt\/lt\/wp-json\/wp\/v2\/comments?post=335417"}],"wp:featuredmedia":[{"embeddable":true,"href":"https:\/\/baldumarket.lt\/lt\/wp-json\/wp\/v2\/media\/335461"}],"wp:attachment":[{"href":"https:\/\/baldumarket.lt\/lt\/wp-json\/wp\/v2\/media?parent=335417"}],"wp:term":[{"taxonomy":"product_brand","embeddable":true,"href":"https:\/\/baldumarket.lt\/lt\/wp-json\/wp\/v2\/product_brand?post=335417"},{"taxonomy":"product_cat","embeddable":true,"href":"https:\/\/baldumarket.lt\/lt\/wp-json\/wp\/v2\/product_cat?post=335417"},{"taxonomy":"product_tag","embeddable":true,"href":"https:\/\/baldumarket.lt\/lt\/wp-json\/wp\/v2\/product_tag?post=335417"}],"curies":[{"name":"wp","href":"https:\/\/api.w.org\/{rel}","templated":true}]}}