{"id":335415,"date":"2026-03-07T18:28:48","date_gmt":"2026-03-07T15:28:48","guid":{"rendered":"https:\/\/baldumarket.lt\/?post_type=product&#038;p=335415"},"modified":"2026-03-26T18:06:57","modified_gmt":"2026-03-26T15:06:57","slug":"sistema-kewin","status":"publish","type":"product","link":"https:\/\/baldumarket.lt\/lt\/product\/sistema-kewin\/","title":{"rendered":"Sistema KEWIN"},"content":{"rendered":"<p>\u201eKewin\u201c \u2013 stilinga, moderni ir itin prakti\u0161ka bald\u0173 sistema, puikiai tinkanti bet kuriai svetainei, valgomajam ar miegamajam.<\/p>\n<p>KEWIN sistema leid\u017eia sukurti unikali\u0105 erdv\u0119 d\u0117l plataus gamini\u0173 asortimento, leid\u017eian\u010dio susikurti bet kok\u012f j\u016bs\u0173 poreikius atitinkant\u012f i\u0161d\u0117stym\u0105. Vizualizacijos sistema gaminama \u0161i\u0173 spalv\u0173: \u0105\u017euolo \u201eLancelot\u201c \/ uosio \u201ePortland\u201c.<\/p>\n<p>Matmenys:<br \/>\n\u2013 Plotis XX cm \/ Auk\u0161tis XX cm \/ Gylis XX cm<br \/>\n\u2013 KED-1 bazinis \u012frenginys \u2013 (163,6\/50\/45 cm)<\/p>\n<p>\u2013 KED-2 bazinis \u012frenginys \u2013 (163,6\/50\/45 cm)<\/p>\n<p>\u2013 KED-3 bazinis \u012frenginys \u2013 (163,6\/61\/45 cm)<\/p>\n<p>\u2013 KEK-1 komoda \u2013 (160\/83\/45 cm)<\/p>\n<p>\u2013 KEK-2 komoda \u2013 (220\/83\/45 cm)<\/p>\n<p>\u2013 KEW-1 Vitrina \u2013 (125\/195\/43 cm)<\/p>\n<p>\u2013 KEW-2 Vitrina \u2013 (125\/195\/43 cm)<\/p>\n<p>\u2013 KEW-3 Vitrina \u2013 (125\/195\/43 cm)<\/p>\n<p>\u2013 KE\u0141-1 suolas \u2013 (126\/43\/67 cm)<\/p>\n<p>\u2013 KEL-1 veidrodis \u2013 (180\/80 cm)<\/p>\n<p>\u2013 KEP-1 lentyna \u2013 (150\/90\/30 cm)<br \/>\n\u2013 KEST-1A stalas \u2013 (160\/78\/90 cm)<\/p>\n<p>\u2013 KEST-2A stalas \u2013 (180\/78\/90 cm)<br \/>\nGalimos spalvos:<\/p>\n<p>\u2013 Tamsusis Lefkasas \/ Portlando pelenai<\/p>\n<p>\u2013 Lancelot \u0105\u017euolas \/ Portlando uosis<\/p>\n<p>\u2013 Syrach\/Wilton<br \/>\nLED ap\u0161vietimas:<br \/>\nBald\u0173 su LED ap\u0161vietimu atveju ap\u0161vietimas taikomas:<br \/>\n\u2013 KEW-1 vitrina<\/p>\n<p>\u2013 KEW-2 vitrina<\/p>\n<p>\u2013 KEW-3 vitrina<br \/>\n\u2013 Vitrinose standarti\u0161kai \u012frengtos laminuotos lentos lentynos,<\/p>\n<p>\u2013 Stiklin\u0117s lentynos + LED ap\u0161vietimas \u2013 u\u017e papildom\u0105 mokest\u012f,<\/p>\n<p>Papildoma informacija:<br \/>\n\u2013 Sistema pagaminta i\u0161 auk\u0161tos kokyb\u0117s laminuotos plok\u0161t\u0117s,<\/p>\n<p>\u2013 ABS faneruotos briaunos,<\/p>\n<p>\u2013 28 mm storio stalvir\u0161iai,<br \/>\n\u2013 Baldai nauji, supakuoti \u012f savaranki\u0161kai surinkamas pakuotes, su ai\u0161kiomis instrukcijomis ir priedais.<\/p>\n<p>\u2013 Vizualizacijoje parodyta sistema yra \u0161i\u0173 spalv\u0173: Lancelot \u0105\u017euolas \/ Portland uosis<\/p>","protected":false},"excerpt":{"rendered":"<p>\u201eKewin\u201c \u2013 stilinga, moderni ir itin prakti\u0161ka bald\u0173 sistema, puikiai tinkanti bet kuriai svetainei, valgomajam ar miegamajam. KEWIN sistema leid\u017eia sukurti unikali\u0105 erdv\u0119 d\u0117l plataus gamini\u0173 asortimento, leid\u017eian\u010dio susikurti bet kok\u012f i\u0161d\u0117stym\u0105 pagal j\u016bs\u0173 poreikius. Sistema nuo vizualizacijos [\u2026]<\/p>","protected":false},"featured_media":335460,"comment_status":"open","ping_status":"closed","template":"","meta":[],"product_brand":[],"product_cat":[9879],"product_tag":[],"class_list":{"0":"post-335415","1":"product","2":"type-product","3":"status-publish","4":"has-post-thumbnail","6":"product_cat-krajan","8":"first","9":"instock","10":"shipping-taxable","11":"product-type-variable","12":"wvs-archive-product-wrapper"},"_links":{"self":[{"href":"https:\/\/baldumarket.lt\/lt\/wp-json\/wp\/v2\/product\/335415","targetHints":{"allow":["GET"]}}],"collection":[{"href":"https:\/\/baldumarket.lt\/lt\/wp-json\/wp\/v2\/product"}],"about":[{"href":"https:\/\/baldumarket.lt\/lt\/wp-json\/wp\/v2\/types\/product"}],"replies":[{"embeddable":true,"href":"https:\/\/baldumarket.lt\/lt\/wp-json\/wp\/v2\/comments?post=335415"}],"wp:featuredmedia":[{"embeddable":true,"href":"https:\/\/baldumarket.lt\/lt\/wp-json\/wp\/v2\/media\/335460"}],"wp:attachment":[{"href":"https:\/\/baldumarket.lt\/lt\/wp-json\/wp\/v2\/media?parent=335415"}],"wp:term":[{"taxonomy":"product_brand","embeddable":true,"href":"https:\/\/baldumarket.lt\/lt\/wp-json\/wp\/v2\/product_brand?post=335415"},{"taxonomy":"product_cat","embeddable":true,"href":"https:\/\/baldumarket.lt\/lt\/wp-json\/wp\/v2\/product_cat?post=335415"},{"taxonomy":"product_tag","embeddable":true,"href":"https:\/\/baldumarket.lt\/lt\/wp-json\/wp\/v2\/product_tag?post=335415"}],"curies":[{"name":"wp","href":"https:\/\/api.w.org\/{rel}","templated":true}]}}