{"id":335413,"date":"2026-03-07T18:28:44","date_gmt":"2026-03-07T15:28:44","guid":{"rendered":"https:\/\/baldumarket.lt\/?post_type=product&#038;p=335413"},"modified":"2026-03-26T18:06:57","modified_gmt":"2026-03-26T15:06:57","slug":"sistema-laura","status":"publish","type":"product","link":"https:\/\/baldumarket.lt\/lt\/product\/sistema-laura\/","title":{"rendered":"Sistema LAURA"},"content":{"rendered":"<p>LAURA moduliniai baldai \u2013 tai keli\u0173 moduli\u0173 komplektas, kuris d\u0117l savo lankstumo pad\u0117s jums puikiai sutvarkyti bet koki\u0105 erdv\u0119, net ir pa\u010di\u0105 sud\u0117tingiausi\u0105 bei ne\u012fpras\u010diausi\u0105. Moduliniai baldai puikiai tinka miegamiesiems ir svetain\u0117ms, taip pat jaunimo kambariams. Sistemos leid\u017eia \u012frengti kambarius vienu stiliumi, o tai labai supaprastina vis\u0105 interjero k\u016brimo proces\u0105. Pasirinkdami elementus i\u0161 konkretaus komplekto, galite b\u016bti tikri, kad viskas sukurs darni\u0105 visum\u0105. Matmenys:<br \/>\n\u2013 plotis XX cm \/ auk\u0161tis XX cm \/ gylis XX cm<br \/>\n\u2013 LAK-204 komoda \u2013 (204\/88,5\/45 cm)<\/p>\n<p>\u2013 LAW-124 vitrina \u2013 (124\/161\/45 cm)<\/p>\n<p>\u2013 LAST-1A stalas \u2013 (160\/78\/90 cm)<\/p>\n<p>\u2013 LAST-1B i\u0161traukiamas stalas \u2013 (160\/210\/78\/90 cm)<\/p>\n<p>\u2013 LAST-2A stalas \u2013 (180\/78\/90 cm)<\/p>\n<p>\u2013 LAST-2B i\u0161traukiamas stalas \u2013 (180\/230\/78\/90 cm)<\/p>\n<p>\u2013 LA veidrodis \u2013 (180\/80 cm)<br \/>\nGalimos spalvos:<\/p>\n<p>\u2013 sirachas<\/p>\n<p>\u2013 Viltonas<\/p>\n<p>\u2013 Velingtonas<\/p>\n<p>\u2013 kaln\u0173 pelenai<br \/>\nLED ap\u0161vietimas:<br \/>\nBald\u0173 su LED ap\u0161vietimu atveju ap\u0161vietimas taikomas \u0161iems elementams:<br \/>\n\u2013 vitrina LAW-124<br \/>\n\u2013 Vitrinose standarti\u0161kai \u012frengtos laminuotos lentos lentynos.<\/p>\n<p>\u2013 Stiklin\u0117s lentynos ir LED ap\u0161vietimas \u2013 u\u017e papildom\u0105 mokest\u012f.<\/p>\n<p>Papildoma informacija:<br \/>\n\u2013 Sistema pagaminta i\u0161 auk\u0161tos kokyb\u0117s laminuotos plok\u0161t\u0117s.<\/p>\n<p>\u2013 ABS apdailos kra\u0161tai.<\/p>\n<p>\u2013 22 mm \u0161onin\u0117s juostel\u0117s.<\/p>\n<p>\u2013 22 mm storio stalvir\u0161iai.<br \/>\n\u2013 Baldai nauji, supakuoti \u012f savaranki\u0161kai surinkamas pakuotes, su ai\u0161kiomis instrukcijomis ir priedais.<\/p>\n<p>\u2013 Vizualizacijoje parodyta sistema yra \u0161ios spalvos: Wilton\/Latte.<\/p>","protected":false},"excerpt":{"rendered":"<p>LAURA moduliniai baldai \u2013 tai keli\u0173 moduli\u0173 komplektas, kuris d\u0117l savo lankstumo pad\u0117s jums puikiai sutvarkyti bet koki\u0105 erdv\u0119, net ir pa\u010di\u0105 sud\u0117tingiausi\u0105 bei ne\u012fpras\u010diausi\u0105. Moduliniai baldai puikiai tinka miegamiesiems ir svetain\u0117ms, taip pat jaunimo kambariams. Sistemos leid\u017eia \u012frengti kambarius vienu stiliumi, o tai labai [\u2026]<\/p>","protected":false},"featured_media":335450,"comment_status":"open","ping_status":"closed","template":"","meta":[],"product_brand":[],"product_cat":[9937,9879],"product_tag":[],"class_list":{"0":"post-335413","1":"product","2":"type-product","3":"status-publish","4":"has-post-thumbnail","6":"product_cat-furniture-system-laura","7":"product_cat-krajan","9":"first","10":"instock","11":"shipping-taxable","12":"product-type-variable","13":"wvs-archive-product-wrapper"},"_links":{"self":[{"href":"https:\/\/baldumarket.lt\/lt\/wp-json\/wp\/v2\/product\/335413","targetHints":{"allow":["GET"]}}],"collection":[{"href":"https:\/\/baldumarket.lt\/lt\/wp-json\/wp\/v2\/product"}],"about":[{"href":"https:\/\/baldumarket.lt\/lt\/wp-json\/wp\/v2\/types\/product"}],"replies":[{"embeddable":true,"href":"https:\/\/baldumarket.lt\/lt\/wp-json\/wp\/v2\/comments?post=335413"}],"wp:featuredmedia":[{"embeddable":true,"href":"https:\/\/baldumarket.lt\/lt\/wp-json\/wp\/v2\/media\/335450"}],"wp:attachment":[{"href":"https:\/\/baldumarket.lt\/lt\/wp-json\/wp\/v2\/media?parent=335413"}],"wp:term":[{"taxonomy":"product_brand","embeddable":true,"href":"https:\/\/baldumarket.lt\/lt\/wp-json\/wp\/v2\/product_brand?post=335413"},{"taxonomy":"product_cat","embeddable":true,"href":"https:\/\/baldumarket.lt\/lt\/wp-json\/wp\/v2\/product_cat?post=335413"},{"taxonomy":"product_tag","embeddable":true,"href":"https:\/\/baldumarket.lt\/lt\/wp-json\/wp\/v2\/product_tag?post=335413"}],"curies":[{"name":"wp","href":"https:\/\/api.w.org\/{rel}","templated":true}]}}