{"id":335405,"date":"2026-03-07T18:28:07","date_gmt":"2026-03-07T15:28:07","guid":{"rendered":"https:\/\/baldumarket.lt\/?post_type=product&#038;p=335405"},"modified":"2026-03-26T18:06:57","modified_gmt":"2026-03-26T15:06:57","slug":"sistema-lemur","status":"publish","type":"product","link":"https:\/\/baldumarket.lt\/lt\/product\/sistema-lemur\/","title":{"rendered":"Sistema LEMUR"},"content":{"rendered":"<p>LEMUR \u2013 tai funkcionali ir eleganti\u0161ka modulin\u0117 bald\u0173 sistema biurams ir darbo kambariams, kuri suteiks j\u016bs\u0173 interjerui unikal\u0173 stili\u0173 ir leis jums efektyviai bei patogiai atlikti kasdienes u\u017eduotis. Jos dizainas leid\u017eia susikurti erdv\u0119 bet kokiu stiliumi. Kiekvienas komplekto elementas yra atskiras modulis, leid\u017eiantis baldus i\u0161d\u0117styti bet kokiu deriniu. Baldai yra erdv\u016bs ir si\u016blomi \u012fvairi\u0173 spalv\u0173. Galimos spalvos:<\/p>\n<p>\u2013 Sonoma<\/p>\n<p>\u2013 \u0160okoladas<\/p>\n<p>\u2013 Triufelis<br \/>\nPapildoma informacija:<\/p>\n<p>\u012e komplekt\u0105 \u012feina \u0161ie baldai (plotis\/auk\u0161tis\/gylis):<\/p>\n<p>\u2013 Vitrina 58\/200\/45 cm su dviem stal\u010diais ir lentyna,<\/p>\n<p>\u2013 Vidurin\u0117 lentyna 108\/200\/45 cm su daugybe skyri\u0173 knygoms ir segtuvams,<\/p>\n<p>\u2013 De\u0161in\u0117 lentyna 58\/200\/45 cm su vidin\u0117mis lentynomis,<\/p>\n<p>\u2013 Platus stalas 140\/81\/60 cm,<br \/>\n\u2013 Baldai pagaminti i\u0161 16 mm storio laminuotos plok\u0161t\u0117s,<\/p>\n<p>\u2013 Baldai yra nauji, supakuoti \u012f savaranki\u0161kai surinkamas pakuotes,<\/p>\n<p>\u2013 Pridedamos ai\u0161kios instrukcijos ir priedai.<\/p>","protected":false},"excerpt":{"rendered":"<p>LEMUR \u2013 tai funkcionali ir eleganti\u0161ka modulin\u0117 bald\u0173 sistema biurams ir darbo kambariams, kuri suteiks j\u016bs\u0173 interjerui unikal\u0173 stili\u0173 ir leis jums efektyviai bei patogiai atlikti kasdienes u\u017eduotis. Jos dizainas leid\u017eia jums susikurti erdv\u0119 bet kokiu stiliumi. Kiekvienas komplekto elementas yra atskiras modulis, leid\u017eiantis jums [\u2026]<\/p>","protected":false},"featured_media":335449,"comment_status":"open","ping_status":"closed","template":"","meta":[],"product_brand":[],"product_cat":[9962,9879],"product_tag":[],"class_list":{"0":"post-335405","1":"product","2":"type-product","3":"status-publish","4":"has-post-thumbnail","6":"product_cat-furniture-system-lemur-krajan","7":"product_cat-krajan","9":"first","10":"instock","11":"shipping-taxable","12":"product-type-variable","13":"wvs-archive-product-wrapper"},"_links":{"self":[{"href":"https:\/\/baldumarket.lt\/lt\/wp-json\/wp\/v2\/product\/335405","targetHints":{"allow":["GET"]}}],"collection":[{"href":"https:\/\/baldumarket.lt\/lt\/wp-json\/wp\/v2\/product"}],"about":[{"href":"https:\/\/baldumarket.lt\/lt\/wp-json\/wp\/v2\/types\/product"}],"replies":[{"embeddable":true,"href":"https:\/\/baldumarket.lt\/lt\/wp-json\/wp\/v2\/comments?post=335405"}],"wp:featuredmedia":[{"embeddable":true,"href":"https:\/\/baldumarket.lt\/lt\/wp-json\/wp\/v2\/media\/335449"}],"wp:attachment":[{"href":"https:\/\/baldumarket.lt\/lt\/wp-json\/wp\/v2\/media?parent=335405"}],"wp:term":[{"taxonomy":"product_brand","embeddable":true,"href":"https:\/\/baldumarket.lt\/lt\/wp-json\/wp\/v2\/product_brand?post=335405"},{"taxonomy":"product_cat","embeddable":true,"href":"https:\/\/baldumarket.lt\/lt\/wp-json\/wp\/v2\/product_cat?post=335405"},{"taxonomy":"product_tag","embeddable":true,"href":"https:\/\/baldumarket.lt\/lt\/wp-json\/wp\/v2\/product_tag?post=335405"}],"curies":[{"name":"wp","href":"https:\/\/api.w.org\/{rel}","templated":true}]}}