{"id":335390,"date":"2026-03-07T18:27:21","date_gmt":"2026-03-07T15:27:21","guid":{"rendered":"https:\/\/baldumarket.lt\/?post_type=product&#038;p=335390"},"modified":"2026-03-26T18:06:57","modified_gmt":"2026-03-26T15:06:57","slug":"sistema-panama","status":"publish","type":"product","link":"https:\/\/baldumarket.lt\/lt\/product\/sistema-panama\/","title":{"rendered":"Sistema PANAMA"},"content":{"rendered":"<p>PANAMA moduliniai baldai \u2013 tai keli\u0173 moduli\u0173 komplektas, kuris d\u0117l savo lankstumo pad\u0117s jums puikiai sutvarkyti bet koki\u0105 erdv\u0119, net ir pa\u010di\u0105 sud\u0117tingiausi\u0105 bei ne\u012fpras\u010diausi\u0105. Moduliniai baldai puikiai tinka miegamiesiems ir svetain\u0117ms, taip pat jaunimo kambariams. Sistemos leid\u017eia \u012frengti kambarius vienu stiliumi, o tai labai supaprastina vis\u0105 interjero k\u016brimo proces\u0105. Pasirinkdami elementus i\u0161 konkretaus komplekto, galite b\u016bti tikri, kad viskas sukurs darni\u0105 visum\u0105. Matmenys:<br \/>\n\u2013 plotis XX cm \/ auk\u0161tis XX cm \/ gylis XX cm<br \/>\n\u2013 Televizoriaus staliukas PND-1 (166\/44,5\/45 cm)<\/p>\n<p>\u2013 Televizoriaus staliukas PND-2 (151\/44,5\/45 cm)<br \/>\n\u2013 komoda PNK-1 (166\/85\/46 cm)<\/p>\n<p>\u2013 komoda PNK-2 (216\/85\/46 cm)<\/p>\n<p>\u2013 komoda PNK-3 (216\/85\/46 cm)<\/p>\n<p>\u2013 komoda PNK-4 (216\/85\/46 cm)<br \/>\n\u2013 vitrina PNW-1 (100\/147\/46 cm)<\/p>\n<p>\u2013 vitrina PNW-2 (100\/147\/46 cm)<\/p>\n<p>\u2013 vitrina PNW-3 (100\/185\/46 cm)<\/p>\n<p>\u2013 vitrina PNW-4 (115\/185\/46 cm)<br \/>\n\u2013 PNR-1 lentyn\u0173 blokas \u2013 (100\/147\/46 cm)<br \/>\n\u2013 PN\u0141-1 kavos staliukas \u2013 (120\/65\/42 cm)<br \/>\n\u2013 PNST-1A stalas \u2013 (160\/78\/90 cm)<\/p>\n<p>\u2013 PNST-2A stalas \u2013 (180\/78\/90 cm)<\/p>\n<p>\u2013 PNST-1B i\u0161traukiamas stalas \u2013 (160\/210\/78\/90 cm)<\/p>\n<p>\u2013 PNST-2B i\u0161traukiamas stalas \u2013 (180\/230\/78\/90 cm)<br \/>\nGalimos spalvos:<\/p>\n<p>\u2013 Trufas\/Wiltonas<\/p>\n<p>\u2013 Portlando uosis \/ amatininkas<\/p>\n<p>\u2013 Lefkas Dark\/Artisan<\/p>\n<p>\u2013 Lefkas Dark\/Anderson Pine<br \/>\nLED ap\u0161vietimas:<br \/>\nBald\u0173 su LED ap\u0161vietimu atveju ap\u0161vietimas taikomas \u0161iems elementams:<br \/>\n\u2013 PNW-1 vitrina \u2013 (100\/147\/46 cm)<\/p>\n<p>\u2013 PNW-2 vitrina \u2013 (100\/147\/46 cm)<\/p>\n<p>\u2013 PNW-3 vitrina \u2013 (100\/185\/46 cm)<\/p>\n<p>\u2013 PNW-4 vitrina \u2013 (115\/185\/46 cm)<br \/>\n\u2013 vitrinose standarti\u0161kai yra laminuotos plok\u0161t\u0117s lentynos,<\/p>\n<p>\u2013 stiklin\u0117s lentynos + LED ap\u0161vietimas u\u017e papildom\u0105 mokest\u012f,<\/p>\n<p>Papildoma informacija:<br \/>\n\u2013 sistema pagaminta i\u0161 auk\u0161tos kokyb\u0117s laminuotos plok\u0161t\u0117s,<\/p>\n<p>\u2013 kra\u0161tai apdailinti ABS fanera,<\/p>\n<p>\u2013 22 mm juostel\u0117s,<br \/>\n\u2013 baldai yra nauji, supakuoti \u012f savaranki\u0161kai surinkamas pakuotes, su ai\u0161kiomis instrukcijomis ir priedais.<\/p>\n<p>\u2013 vizualizacijoje parodyta sistema pagaminta i\u0161 Portland Ash\/Artisan spalvos.<\/p>","protected":false},"excerpt":{"rendered":"<p>PANAMA moduliniai baldai \u2013 tai keli\u0173 moduli\u0173 komplektas, kuris d\u0117l savo lankstumo pad\u0117s jums puikiai sutvarkyti bet koki\u0105 erdv\u0119, net ir pa\u010di\u0105 sud\u0117tingiausi\u0105 bei ne\u012fpras\u010diausi\u0105. Moduliniai baldai puikiai tinka miegamiesiems ir svetain\u0117ms, taip pat jaunimo kambariams. Sistemos leid\u017eia \u012frengti kambarius vienu stiliumi, o tai labai [\u2026]<\/p>","protected":false},"featured_media":335435,"comment_status":"open","ping_status":"closed","template":"","meta":[],"product_brand":[],"product_cat":[9943,9879],"product_tag":[],"class_list":{"0":"post-335390","1":"product","2":"type-product","3":"status-publish","4":"has-post-thumbnail","6":"product_cat-furniture-system-panama","7":"product_cat-krajan","9":"first","10":"instock","11":"shipping-taxable","12":"product-type-variable","13":"wvs-archive-product-wrapper"},"_links":{"self":[{"href":"https:\/\/baldumarket.lt\/lt\/wp-json\/wp\/v2\/product\/335390","targetHints":{"allow":["GET"]}}],"collection":[{"href":"https:\/\/baldumarket.lt\/lt\/wp-json\/wp\/v2\/product"}],"about":[{"href":"https:\/\/baldumarket.lt\/lt\/wp-json\/wp\/v2\/types\/product"}],"replies":[{"embeddable":true,"href":"https:\/\/baldumarket.lt\/lt\/wp-json\/wp\/v2\/comments?post=335390"}],"wp:featuredmedia":[{"embeddable":true,"href":"https:\/\/baldumarket.lt\/lt\/wp-json\/wp\/v2\/media\/335435"}],"wp:attachment":[{"href":"https:\/\/baldumarket.lt\/lt\/wp-json\/wp\/v2\/media?parent=335390"}],"wp:term":[{"taxonomy":"product_brand","embeddable":true,"href":"https:\/\/baldumarket.lt\/lt\/wp-json\/wp\/v2\/product_brand?post=335390"},{"taxonomy":"product_cat","embeddable":true,"href":"https:\/\/baldumarket.lt\/lt\/wp-json\/wp\/v2\/product_cat?post=335390"},{"taxonomy":"product_tag","embeddable":true,"href":"https:\/\/baldumarket.lt\/lt\/wp-json\/wp\/v2\/product_tag?post=335390"}],"curies":[{"name":"wp","href":"https:\/\/api.w.org\/{rel}","templated":true}]}}