{"id":335388,"date":"2026-03-07T18:27:17","date_gmt":"2026-03-07T15:27:17","guid":{"rendered":"https:\/\/baldumarket.lt\/?post_type=product&#038;p=335388"},"modified":"2026-03-26T18:06:57","modified_gmt":"2026-03-26T15:06:57","slug":"sistema-porto","status":"publish","type":"product","link":"https:\/\/baldumarket.lt\/lt\/product\/sistema-porto\/","title":{"rendered":"Sistema PORTO"},"content":{"rendered":"<p>PORTO moduliniai baldai \u2013 tai keli\u0173 moduli\u0173 komplektas, kuris d\u0117l savo universalumo pad\u0117s jums puikiai sutvarkyti bet koki\u0105 erdv\u0119, net ir pa\u010di\u0105 sud\u0117tingiausi\u0105 bei ne\u012fpras\u010diausi\u0105. \u0160ie moduliniai baldai puikiai tinka miegamiesiems ir svetain\u0117ms, taip pat paaugli\u0173 kambariams. \u0160ios sistemos leid\u017eia \u012frengti kambarius vienu stiliumi, o tai labai supaprastina vis\u0105 interjero k\u016brimo proces\u0105. Pasirink\u0119 elementus i\u0161 konkretaus komplekto, galite b\u016bti tikri, kad viskas sukurs darni\u0105 visum\u0105.<\/p>\n<p>Galimos spalvos:<\/p>\n<p>\u2013 tamsios lefkos<br \/>\nPapildoma informacija:<br \/>\n\u2013 sistema pagaminta i\u0161 auk\u0161tos kokyb\u0117s laminuotos plok\u0161t\u0117s,<\/p>\n<p>\u2013 vitrinose standarti\u0161kai yra laminuotos plok\u0161t\u0117s lentynos,<\/p>\n<p>\u2013 stiklin\u0117s lentynos + LED ap\u0161vietimas u\u017e papildom\u0105 mokest\u012f,<\/p>\n<p>\u2013 ABS apdailos kra\u0161tai,<\/p>\n<p>\u2013 22 mm storio stalvir\u0161iai,<br \/>\n\u2013 baldai yra nauji, supakuoti \u012f savaranki\u0161kai surinkamas pakuotes, su ai\u0161kiomis instrukcijomis ir priedais.<\/p>\n<p>\u2013 vizualizacijoje parodyta sistema yra \u0161okolado spalvos.<\/p>","protected":false},"excerpt":{"rendered":"<p>PORTO moduliniai baldai \u2013 tai keli\u0173 moduli\u0173 komplektas, kuris d\u0117l savo universalumo pad\u0117s jums puikiai sutvarkyti bet koki\u0105 erdv\u0119, net ir pa\u010di\u0105 sud\u0117tingiausi\u0105 bei ne\u012fpras\u010diausi\u0105. \u0160ie moduliniai baldai puikiai tinka miegamiesiems ir svetain\u0117ms, taip pat paaugli\u0173 kambariams. \u0160ios sistemos leid\u017eia \u012frengti kambarius vienu stiliumi, kuris [\u2026]<\/p>","protected":false},"featured_media":335434,"comment_status":"open","ping_status":"closed","template":"","meta":[],"product_brand":[],"product_cat":[9944,9879],"product_tag":[],"class_list":{"0":"post-335388","1":"product","2":"type-product","3":"status-publish","4":"has-post-thumbnail","6":"product_cat-furniture-system-porto","7":"product_cat-krajan","9":"first","10":"instock","11":"shipping-taxable","12":"product-type-variable","13":"wvs-archive-product-wrapper"},"_links":{"self":[{"href":"https:\/\/baldumarket.lt\/lt\/wp-json\/wp\/v2\/product\/335388","targetHints":{"allow":["GET"]}}],"collection":[{"href":"https:\/\/baldumarket.lt\/lt\/wp-json\/wp\/v2\/product"}],"about":[{"href":"https:\/\/baldumarket.lt\/lt\/wp-json\/wp\/v2\/types\/product"}],"replies":[{"embeddable":true,"href":"https:\/\/baldumarket.lt\/lt\/wp-json\/wp\/v2\/comments?post=335388"}],"wp:featuredmedia":[{"embeddable":true,"href":"https:\/\/baldumarket.lt\/lt\/wp-json\/wp\/v2\/media\/335434"}],"wp:attachment":[{"href":"https:\/\/baldumarket.lt\/lt\/wp-json\/wp\/v2\/media?parent=335388"}],"wp:term":[{"taxonomy":"product_brand","embeddable":true,"href":"https:\/\/baldumarket.lt\/lt\/wp-json\/wp\/v2\/product_brand?post=335388"},{"taxonomy":"product_cat","embeddable":true,"href":"https:\/\/baldumarket.lt\/lt\/wp-json\/wp\/v2\/product_cat?post=335388"},{"taxonomy":"product_tag","embeddable":true,"href":"https:\/\/baldumarket.lt\/lt\/wp-json\/wp\/v2\/product_tag?post=335388"}],"curies":[{"name":"wp","href":"https:\/\/api.w.org\/{rel}","templated":true}]}}