{"id":335380,"date":"2026-03-07T18:26:22","date_gmt":"2026-03-07T15:26:22","guid":{"rendered":"https:\/\/baldumarket.lt\/?post_type=product&#038;p=335380"},"modified":"2026-03-26T18:06:57","modified_gmt":"2026-03-26T15:06:57","slug":"sistema-smyk","status":"publish","type":"product","link":"https:\/\/baldumarket.lt\/lt\/product\/sistema-smyk\/","title":{"rendered":"Sistema SMYK"},"content":{"rendered":"<p>Moduliniai SMYK baldai, skirti jaunimui, yra prakti\u0161kas ir labai patogus interjero dizaino sprendimas. Jie leid\u017eia individualiai pasirinkti ir pritaikyti baldus prie norimos naudoti erdv\u0117s. Spalv\u0173 ir form\u0173 prieinamumas daro \u0161iuos baldus universalius ir nesenstan\u010dius. Matmenys:<br \/>\n\u2013 plotis XX cm \/ auk\u0161tis XX cm \/ gylis XX cm<br \/>\n\u2013 spinta SSZ\/100 \u2013 (100\/196\/53cm)<\/p>\n<p>\u2013 spinta SSZ\/57 \u2013 (57\/196\/53cm)<\/p>\n<p>\u2013 knyg\u0173 lentyna SR\/57 \u2013 (57\/196\/43 cm)<\/p>\n<p>\u2013 knyg\u0173 lentyna SR\/100 \u2013 (100\/196\/43 cm)<\/p>\n<p>\u2013 lova S\u0141\/98 \u2013 (98\/70\/206 cm) be \u010diu\u017einio<\/p>\n<p>\u2013 pakabinama lentyna SP-130- (130\/50\/28 cm)<\/p>\n<p>\u2013 pakabinama lentyna SP2-130- (130\/37\/28 cm)<\/p>\n<p>\u2013 naktinis staliukas SN\/57 \u2013 (57\/37\/39 cm)<\/p>\n<p>\u2013 komoda SK\/100 \u2013 (100\/81\/43 cm)<\/p>\n<p>\u2013 komoda SK \/140 \u2013 (140\/81\/43 cm)<\/p>\n<p>\u2013 SB stalas \/155 \u2013 (155\/78\/53 cm)<br \/>\nGalimos spalvos:<\/p>\n<p>\u2013 Sonoma<\/p>\n<p>\u2013 \u0160okoladas<\/p>\n<p>\u2013 Amatininkas<br \/>\nPapildoma informacija:<br \/>\n\u2013 Sistema pagaminta i\u0161 auk\u0161tos kokyb\u0117s laminuotos plok\u0161t\u0117s,<\/p>\n<p>\u2013 22 mm \u0161onin\u0117s juostel\u0117s,<br \/>\n\u2013 Baldai nauji, supakuoti \u012f savaranki\u0161kai surinkamas pakuotes, su ai\u0161kiomis instrukcijomis ir priedais.<\/p>\n<p>\u2013 Vizualizacijoje rodoma sistema yra \u0161i\u0173 spalv\u0173:<\/p>","protected":false},"excerpt":{"rendered":"<p>Moduliniai SMYK baldai, skirti jaunimui, yra prakti\u0161kas ir labai patogus interjero dizaino sprendimas. Jie leid\u017eia mums individualiai pasirinkti ir pritaikyti baldus prie norimos naudoti erdv\u0117s. Spalv\u0173 ir form\u0173 prieinamumas daro \u0161iuos baldus universalius ir nesenstan\u010dius. Matmenys: \u2013 plotis XX cm \/ auk\u0161tis XX cm \/ [\u2026]<\/p>","protected":false},"featured_media":335422,"comment_status":"open","ping_status":"closed","template":"","meta":[],"product_brand":[],"product_cat":[9958,9879],"product_tag":[],"class_list":{"0":"post-335380","1":"product","2":"type-product","3":"status-publish","4":"has-post-thumbnail","6":"product_cat-furniture-system-smyk-krajan","7":"product_cat-krajan","9":"first","10":"instock","11":"shipping-taxable","12":"product-type-variable","13":"wvs-archive-product-wrapper"},"_links":{"self":[{"href":"https:\/\/baldumarket.lt\/lt\/wp-json\/wp\/v2\/product\/335380","targetHints":{"allow":["GET"]}}],"collection":[{"href":"https:\/\/baldumarket.lt\/lt\/wp-json\/wp\/v2\/product"}],"about":[{"href":"https:\/\/baldumarket.lt\/lt\/wp-json\/wp\/v2\/types\/product"}],"replies":[{"embeddable":true,"href":"https:\/\/baldumarket.lt\/lt\/wp-json\/wp\/v2\/comments?post=335380"}],"wp:featuredmedia":[{"embeddable":true,"href":"https:\/\/baldumarket.lt\/lt\/wp-json\/wp\/v2\/media\/335422"}],"wp:attachment":[{"href":"https:\/\/baldumarket.lt\/lt\/wp-json\/wp\/v2\/media?parent=335380"}],"wp:term":[{"taxonomy":"product_brand","embeddable":true,"href":"https:\/\/baldumarket.lt\/lt\/wp-json\/wp\/v2\/product_brand?post=335380"},{"taxonomy":"product_cat","embeddable":true,"href":"https:\/\/baldumarket.lt\/lt\/wp-json\/wp\/v2\/product_cat?post=335380"},{"taxonomy":"product_tag","embeddable":true,"href":"https:\/\/baldumarket.lt\/lt\/wp-json\/wp\/v2\/product_tag?post=335380"}],"curies":[{"name":"wp","href":"https:\/\/api.w.org\/{rel}","templated":true}]}}