{"id":335378,"date":"2026-03-07T18:26:19","date_gmt":"2026-03-07T15:26:19","guid":{"rendered":"https:\/\/baldumarket.lt\/?post_type=product&#038;p=335378"},"modified":"2026-03-26T18:06:57","modified_gmt":"2026-03-26T15:06:57","slug":"sistema-tara","status":"publish","type":"product","link":"https:\/\/baldumarket.lt\/lt\/product\/sistema-tara\/","title":{"rendered":"Sistema TARA"},"content":{"rendered":"<p>TARA moduliniai baldai \u2013 tai keli\u0173 moduli\u0173 komplektas, kuris d\u0117l savo lankstumo pad\u0117s jums puikiai sutvarkyti bet koki\u0105 erdv\u0119, net ir pa\u010di\u0105 sud\u0117tingiausi\u0105 bei ne\u012fpras\u010diausi\u0105. Moduliniai baldai puikiai tinka miegamiesiems ir svetain\u0117ms, taip pat jaunimo kambariams. Sistemos leid\u017eia \u012frengti kambarius vienu stiliumi, o tai labai supaprastina vis\u0105 interjero k\u016brimo proces\u0105. Pasirink\u0119 elementus i\u0161 pateikto komplekto, galite b\u016bti tikri, kad viskas sukurs darni\u0105 visum\u0105. Galimos spalvos:<br \/>\n\u2013 Amatininkas\/Andersono pu\u0161is<br \/>\nLED ap\u0161vietimas:<br \/>\nBald\u0173 su LED ap\u0161vietimu atveju ap\u0161vietimas taikomas \u0161iems elementams:<br \/>\n\u2013 TA-2 vitrina<\/p>\n<p>\u2013 TA-3 vitrina<br \/>\n\u2013 Vitrinose standarti\u0161kai \u012frengtos laminuotos lentos lentynos,<\/p>\n<p>\u2013 Vitrinose u\u017e papildom\u0105 mokest\u012f galima \u012fsigyti stiklines lentynas + LED ap\u0161vietim\u0105,<\/p>\n<p>Papildoma informacija:<br \/>\n\u2013 Sistema pagaminta i\u0161 auk\u0161tos kokyb\u0117s laminuotos plok\u0161t\u0117s,<\/p>\n<p>\u2013 ABS faneruotos briaunos,<\/p>\n<p>\u2013 22 mm storio stalvir\u0161iai,<br \/>\n\u2013 Baldai nauji, supakuoti \u012f savaranki\u0161kai surinkamas pakuotes, su ai\u0161kiomis instrukcijomis ir priedais.<\/p>\n<p>\u2013 Vizualizacijoje rodoma sistema yra \u0161i\u0173 spalv\u0173:<\/p>","protected":false},"excerpt":{"rendered":"<p>TARA moduliniai baldai \u2013 tai keli\u0173 moduli\u0173 rinkinys, kuris d\u0117l savo lankstumo pad\u0117s puikiai sutvarkyti bet koki\u0105 erdv\u0119, net ir pa\u010di\u0105 sud\u0117tingiausi\u0105 bei ne\u012fpras\u010diausi\u0105. Moduliniai baldai puikiai tinka miegamiesiems ir svetain\u0117ms, taip pat jaunimo kambariams. Sistemos leid\u017eia \u012frengti kambarius vieningu stiliumi, [\u2026]<\/p>","protected":false},"featured_media":335421,"comment_status":"open","ping_status":"closed","template":"","meta":[],"product_brand":[],"product_cat":[9947,9879],"product_tag":[],"class_list":{"0":"post-335378","1":"product","2":"type-product","3":"status-publish","4":"has-post-thumbnail","6":"product_cat-furniture-system-tara","7":"product_cat-krajan","9":"first","10":"instock","11":"shipping-taxable","12":"product-type-variable","13":"wvs-archive-product-wrapper"},"_links":{"self":[{"href":"https:\/\/baldumarket.lt\/lt\/wp-json\/wp\/v2\/product\/335378","targetHints":{"allow":["GET"]}}],"collection":[{"href":"https:\/\/baldumarket.lt\/lt\/wp-json\/wp\/v2\/product"}],"about":[{"href":"https:\/\/baldumarket.lt\/lt\/wp-json\/wp\/v2\/types\/product"}],"replies":[{"embeddable":true,"href":"https:\/\/baldumarket.lt\/lt\/wp-json\/wp\/v2\/comments?post=335378"}],"wp:featuredmedia":[{"embeddable":true,"href":"https:\/\/baldumarket.lt\/lt\/wp-json\/wp\/v2\/media\/335421"}],"wp:attachment":[{"href":"https:\/\/baldumarket.lt\/lt\/wp-json\/wp\/v2\/media?parent=335378"}],"wp:term":[{"taxonomy":"product_brand","embeddable":true,"href":"https:\/\/baldumarket.lt\/lt\/wp-json\/wp\/v2\/product_brand?post=335378"},{"taxonomy":"product_cat","embeddable":true,"href":"https:\/\/baldumarket.lt\/lt\/wp-json\/wp\/v2\/product_cat?post=335378"},{"taxonomy":"product_tag","embeddable":true,"href":"https:\/\/baldumarket.lt\/lt\/wp-json\/wp\/v2\/product_tag?post=335378"}],"curies":[{"name":"wp","href":"https:\/\/api.w.org\/{rel}","templated":true}]}}