{"id":335374,"date":"2026-03-07T18:26:11","date_gmt":"2026-03-07T15:26:11","guid":{"rendered":"https:\/\/baldumarket.lt\/?post_type=product&#038;p=335374"},"modified":"2026-03-26T18:06:57","modified_gmt":"2026-03-26T15:06:57","slug":"sistema-wiva","status":"publish","type":"product","link":"https:\/\/baldumarket.lt\/lt\/product\/sistema-wiva\/","title":{"rendered":"Sistema VIVA"},"content":{"rendered":"<p>\u201eWiva\u201c \u2013 stilinga, moderni ir itin prakti\u0161ka bald\u0173 sistema, puikiai tinkanti bet kuriai svetainei, valgomajam ar miegamajam.<\/p>\n<p>WIVA sistema leid\u017eia sukurti unikali\u0105 erdv\u0119 d\u0117l plataus gamini\u0173 asortimento, leid\u017eian\u010dio susikurti bet kok\u012f j\u016bs\u0173 poreikius atitinkant\u012f i\u0161d\u0117stym\u0105. Vizualizacijos sistema pagaminta i\u0161 Portland Ash\/Artisan spalvos.<br \/>\nMatmenys:<br \/>\n\u2013 Plotis XX cm \/ Auk\u0161tis XX cm \/ Gylis XX cm<br \/>\n\u2013 WID-1 stal\u010dius \u2013 (188,8\/51\/45 cm)<\/p>\n<p>\u2013 WID-2 stal\u010dius \u2013 (160\/51,2\/45 cm)<\/p>\n<p>\u2013 WIK-1 komoda \u2013 (188,8\/84,2\/45 cm)<\/p>\n<p>\u2013 WIK-2 komoda \u2013 (216\/84,2\/45 cm)<\/p>\n<p>\u2013 WIW-1 Vitrina \u2013 (116\/190,2\/42 cm)<\/p>\n<p>\u2013 WIW-2 Vitrina \u2013 (116\/190,2\/42 cm)<\/p>\n<p>\u2013 WIW-3 Vitrina \u2013 (116\/190,2\/42 cm)<\/p>\n<p>\u2013 WI\u0141-1 kavos staliukas \u2013 (120\/43\/65 cm)<\/p>\n<p>\u2013 Veidrodis WIL-1 \u2013 (180\/82 cm)<\/p>\n<p>\u2013 WIP-1 lentyna \u2013 (160\/58\/23,6 cm)<\/p>\n<p>\u2013 WIP-2 lentyna \u2013 (160\/36\/30 cm)<br \/>\n\u2013 WIST-1A stalas \u2013 (160\/78\/90 cm)<\/p>\n<p>\u2013 WIST-2A stalas \u2013 (180\/78\/90 cm)<\/p>\n<p>\u2013 WIST-1B stalas \u2013 (160\/210\/78\/90 cm)<\/p>\n<p>\u2013 WIST-2B stalas \u2013 (180\/230\/78\/90 cm)<br \/>\nGalimos spalvos:<\/p>\n<p>\u2013 Amatinink\u0173 \/ amatinink\u0173 \u0105\u017euolas<\/p>\n<p>\u2013 Sidabrinis \u0105\u017euolas\/Velingtonas<\/p>\n<p>\u2013 Sidabrinis \u0105\u017euolas \/ amatinink\u0173 \u0105\u017euolas<\/p>\n<p>\u2013 Kaln\u0173 uosis\/amatinis \u0105\u017euolas<\/p>\n<p>\u2013 Portlando uosis \/ amatininkas<br \/>\nLED ap\u0161vietimas:<br \/>\nBald\u0173 su LED ap\u0161vietimu variantams taikomas foninis ap\u0161vietimas. Komponentai:<br \/>\n\u2013 WIW-1 vitrina<\/p>\n<p>\u2013 WIW-2 vitrina<\/p>\n<p>\u2013 WIW-3 vitrina<br \/>\n\u2013 Vitrinose standarti\u0161kai \u012frengtos laminuotos lentos lentynos,<\/p>\n<p>\u2013 Stiklin\u0117s lentynos ir LED ap\u0161vietimas \u2013 u\u017e papildom\u0105 mokest\u012f.,<\/p>\n<p>Papildoma informacija:<br \/>\n\u2013 Sistema pagaminta i\u0161 auk\u0161tos kokyb\u0117s laminuotos plok\u0161t\u0117s,<\/p>\n<p>\u2013 ABS faneruotos briaunos,<\/p>\n<p>\u2013 28 mm storio stalvir\u0161iai ir \u0161onai,<br \/>\n\u2013 Baldai nauji, supakuoti \u012f savaranki\u0161kai surinkamas pakuotes, su ai\u0161kiomis instrukcijomis ir priedais.<\/p>\n<p>\u2013 Vizualizacijoje parodyta sistema yra Portland Ash \/ Artisan spalvos.<\/p>","protected":false},"excerpt":{"rendered":"<p>\u201eWiva\u201c \u2013 stilinga, moderni ir itin prakti\u0161ka bald\u0173 sistema, puikiai tinkanti bet kuriai svetainei, valgomajam ar miegamajam. WIVA sistema leid\u017eia sukurti unikali\u0105 erdv\u0119 d\u0117l plataus gamini\u0173 asortimento, leid\u017eian\u010dio susikurti bet kok\u012f i\u0161d\u0117stym\u0105 pagal j\u016bs\u0173 poreikius. Sistema nuo vizualizacijos [\u2026]<\/p>","protected":false},"featured_media":335411,"comment_status":"open","ping_status":"closed","template":"","meta":[],"product_brand":[],"product_cat":[9879],"product_tag":[],"class_list":{"0":"post-335374","1":"product","2":"type-product","3":"status-publish","4":"has-post-thumbnail","6":"product_cat-krajan","8":"first","9":"instock","10":"shipping-taxable","11":"product-type-variable","12":"wvs-archive-product-wrapper"},"_links":{"self":[{"href":"https:\/\/baldumarket.lt\/lt\/wp-json\/wp\/v2\/product\/335374","targetHints":{"allow":["GET"]}}],"collection":[{"href":"https:\/\/baldumarket.lt\/lt\/wp-json\/wp\/v2\/product"}],"about":[{"href":"https:\/\/baldumarket.lt\/lt\/wp-json\/wp\/v2\/types\/product"}],"replies":[{"embeddable":true,"href":"https:\/\/baldumarket.lt\/lt\/wp-json\/wp\/v2\/comments?post=335374"}],"wp:featuredmedia":[{"embeddable":true,"href":"https:\/\/baldumarket.lt\/lt\/wp-json\/wp\/v2\/media\/335411"}],"wp:attachment":[{"href":"https:\/\/baldumarket.lt\/lt\/wp-json\/wp\/v2\/media?parent=335374"}],"wp:term":[{"taxonomy":"product_brand","embeddable":true,"href":"https:\/\/baldumarket.lt\/lt\/wp-json\/wp\/v2\/product_brand?post=335374"},{"taxonomy":"product_cat","embeddable":true,"href":"https:\/\/baldumarket.lt\/lt\/wp-json\/wp\/v2\/product_cat?post=335374"},{"taxonomy":"product_tag","embeddable":true,"href":"https:\/\/baldumarket.lt\/lt\/wp-json\/wp\/v2\/product_tag?post=335374"}],"curies":[{"name":"wp","href":"https:\/\/api.w.org\/{rel}","templated":true}]}}