{"id":335357,"date":"2026-03-07T18:24:47","date_gmt":"2026-03-07T15:24:47","guid":{"rendered":"https:\/\/baldumarket.lt\/?post_type=product&#038;p=335357"},"modified":"2026-03-26T18:06:57","modified_gmt":"2026-03-26T15:06:57","slug":"tania-ii","status":"publish","type":"product","link":"https:\/\/baldumarket.lt\/lt\/product\/tania-ii\/","title":{"rendered":"Prie\u0161kambaris TANIA II"},"content":{"rendered":"<p>Plotis\/Auk\u0161tis\/Gylis: 90\/200\/53,5 cm<br \/>\nDviej\u0173 dur\u0173 spinta TANIA II \u2013 puikus pasirinkimas j\u016bs\u0173 persirengimo kambariui, svetainei ar miegamajam. Pagaminta i\u0161 auk\u0161tos kokyb\u0117s laminuotos plok\u0161t\u0117s, prakti\u0161ki du stal\u010diai ir drabu\u017ei\u0173 pakaba sutalpins daug daikt\u0173. Tvirta konstrukcija garantuoja ilgaam\u017ei\u0161kum\u0105, tod\u0117l spinta tarnaus jums ilgus metus.<br \/>\nMatmenys:<br \/>\n\u2013 plotis 90 cm \/ auk\u0161tis 200 cm \/ gylis 53,5 cm<br \/>\nPapildoma informacija:<br \/>\n\u2013 dur\u0173 skai\u010dius: 2<\/p>\n<p>\u2013 stal\u010di\u0173 skai\u010dius: 2<\/p>\n<p>\u2013 med\u017eiaga: 16 mm storio laminuota plok\u0161t\u0117<\/p>\n<p>\u2013 plastikin\u0117s rankenos u\u017etikrina patvarum\u0105 ir naudojimo patogum\u0105<\/p>\n<p>\u2013 baldai yra nauji, supakuoti \u012f savaranki\u0161kai surinkamas pakuotes, su ai\u0161kiomis instrukcijomis ir priedais.<\/p>\n<p>\u2013 Vizualizacijoje pavaizduota spinta yra \u0161ios spalvos: triufel\u0117<\/p>","protected":false},"excerpt":{"rendered":"<p>Plotis\/Auk\u0161tis\/Gylis: 90\/200\/53,5 cm. Dviej\u0173 dur\u0173 spinta TANIA II \u2013 puikus pasirinkimas j\u016bs\u0173 persirengimo kambariui, svetainei ar miegamajam. Pagaminta i\u0161 auk\u0161tos kokyb\u0117s laminuotos plok\u0161t\u0117s, prakti\u0161ki du stal\u010diai ir drabu\u017ei\u0173 pakaba sutalpins daug daikt\u0173. Tvirta konstrukcija garantuoja ilgaam\u017ei\u0161kum\u0105, tod\u0117l spinta tarnaus jums ilgus metus. Matmenys: \u2013 plotis [\u2026]<\/p>","protected":false},"featured_media":335396,"comment_status":"open","ping_status":"closed","template":"","meta":[],"product_brand":[],"product_cat":[9879,9884,1177],"product_tag":[],"class_list":{"0":"post-335357","1":"product","2":"type-product","3":"status-publish","4":"has-post-thumbnail","6":"product_cat-krajan","7":"product_cat-wardrobes-krajan","8":"product_cat-wardrobes","10":"first","11":"instock","12":"shipping-taxable","13":"purchasable","14":"product-type-variable","15":"wvs-archive-product-wrapper"},"_links":{"self":[{"href":"https:\/\/baldumarket.lt\/lt\/wp-json\/wp\/v2\/product\/335357","targetHints":{"allow":["GET"]}}],"collection":[{"href":"https:\/\/baldumarket.lt\/lt\/wp-json\/wp\/v2\/product"}],"about":[{"href":"https:\/\/baldumarket.lt\/lt\/wp-json\/wp\/v2\/types\/product"}],"replies":[{"embeddable":true,"href":"https:\/\/baldumarket.lt\/lt\/wp-json\/wp\/v2\/comments?post=335357"}],"wp:featuredmedia":[{"embeddable":true,"href":"https:\/\/baldumarket.lt\/lt\/wp-json\/wp\/v2\/media\/335396"}],"wp:attachment":[{"href":"https:\/\/baldumarket.lt\/lt\/wp-json\/wp\/v2\/media?parent=335357"}],"wp:term":[{"taxonomy":"product_brand","embeddable":true,"href":"https:\/\/baldumarket.lt\/lt\/wp-json\/wp\/v2\/product_brand?post=335357"},{"taxonomy":"product_cat","embeddable":true,"href":"https:\/\/baldumarket.lt\/lt\/wp-json\/wp\/v2\/product_cat?post=335357"},{"taxonomy":"product_tag","embeddable":true,"href":"https:\/\/baldumarket.lt\/lt\/wp-json\/wp\/v2\/product_tag?post=335357"}],"curies":[{"name":"wp","href":"https:\/\/api.w.org\/{rel}","templated":true}]}}