{"id":335285,"date":"2026-03-07T18:19:30","date_gmt":"2026-03-07T15:19:30","guid":{"rendered":"https:\/\/baldumarket.lt\/?post_type=product&#038;p=335285"},"modified":"2026-03-26T18:06:57","modified_gmt":"2026-03-26T15:06:57","slug":"tunis-spindesys","status":"publish","type":"product","link":"https:\/\/baldumarket.lt\/lt\/product\/tunis-spindesys\/","title":{"rendered":"Prie\u0161kambaris TUNIS GLOSS"},"content":{"rendered":"<p>Informacija:<br \/>\nPlotis\/Auk\u0161tis\/Gylis: 315\/201\/45 cm<br \/>\nSpalva nuotraukoje: mazguotas \u0105\u017euolas \/ blizgi balta<\/p>\n<p>Baldai pristatomi plok\u0161\u010diose pakuot\u0117se, kurias galima surinkti savaranki\u0161kai.<\/p>\n<p>Naujas produktas, originalioje pakuot\u0117je!<\/p>\n<p>Pagaminta i\u0161 laminuotos med\u017eio dro\u017eli\u0173 plok\u0161t\u0117s.<\/p>\n<p>Priekin\u0117s dalys: med\u017eio dro\u017eli\u0173 plok\u0161t\u0117s + lygus priekis + \u0161onin\u0117 panel\u0117.<\/p>","protected":false},"excerpt":{"rendered":"<p>Informacija: Plotis\/Auk\u0161tis\/Gylis: 315\/201\/45 cm Spalva nuotraukoje: mazguotas \u0105\u017euolas\/blizgi balta Baldai pristatomi plok\u0161\u010diose pakuot\u0117se, kad b\u016bt\u0173 galima surinkti patiems. Naujas gaminys, originalioje pakuot\u0117je! Pagaminta i\u0161 laminuotos med\u017eio dro\u017eli\u0173 plok\u0161t\u0117s. Fasadas: med\u017eio dro\u017eli\u0173 plok\u0161t\u0117 + lygus priekis + \u0161onin\u0117 plok\u0161t\u0117.<\/p>","protected":false},"featured_media":335325,"comment_status":"open","ping_status":"closed","template":"","meta":[],"product_brand":[],"product_cat":[9879,1177],"product_tag":[],"class_list":{"0":"post-335285","1":"product","2":"type-product","3":"status-publish","4":"has-post-thumbnail","6":"product_cat-krajan","7":"product_cat-wardrobes","9":"first","10":"instock","11":"shipping-taxable","12":"purchasable","13":"product-type-variable","14":"wvs-archive-product-wrapper"},"_links":{"self":[{"href":"https:\/\/baldumarket.lt\/lt\/wp-json\/wp\/v2\/product\/335285","targetHints":{"allow":["GET"]}}],"collection":[{"href":"https:\/\/baldumarket.lt\/lt\/wp-json\/wp\/v2\/product"}],"about":[{"href":"https:\/\/baldumarket.lt\/lt\/wp-json\/wp\/v2\/types\/product"}],"replies":[{"embeddable":true,"href":"https:\/\/baldumarket.lt\/lt\/wp-json\/wp\/v2\/comments?post=335285"}],"wp:featuredmedia":[{"embeddable":true,"href":"https:\/\/baldumarket.lt\/lt\/wp-json\/wp\/v2\/media\/335325"}],"wp:attachment":[{"href":"https:\/\/baldumarket.lt\/lt\/wp-json\/wp\/v2\/media?parent=335285"}],"wp:term":[{"taxonomy":"product_brand","embeddable":true,"href":"https:\/\/baldumarket.lt\/lt\/wp-json\/wp\/v2\/product_brand?post=335285"},{"taxonomy":"product_cat","embeddable":true,"href":"https:\/\/baldumarket.lt\/lt\/wp-json\/wp\/v2\/product_cat?post=335285"},{"taxonomy":"product_tag","embeddable":true,"href":"https:\/\/baldumarket.lt\/lt\/wp-json\/wp\/v2\/product_tag?post=335285"}],"curies":[{"name":"wp","href":"https:\/\/api.w.org\/{rel}","templated":true}]}}