{"id":335283,"date":"2026-03-07T18:19:26","date_gmt":"2026-03-07T15:19:26","guid":{"rendered":"https:\/\/baldumarket.lt\/?post_type=product&#038;p=335283"},"modified":"2026-03-26T18:06:57","modified_gmt":"2026-03-26T15:06:57","slug":"tytus","status":"publish","type":"product","link":"https:\/\/baldumarket.lt\/lt\/product\/tytus\/","title":{"rendered":"Bald\u0173 sienel\u0117 TYTUS"},"content":{"rendered":"<p>Plotis\/Auk\u0161tis\/Gylis: 310\/196\/53 cm<\/p>\n<p>TYTUS jaunimo baldai puikiai papildys bet kur\u012f paauglio ar vaiko kambar\u012f. Unikalus dizainas suteiks stiliaus ir pabr\u0117\u0161 jaunatvi\u0161k\u0105 kambario charakter\u012f. Tai puikus sprendimas visiems, kurie vertina funkcionalum\u0105 savo vaik\u0173 erdv\u0117je. Kiekvienas komplekto elementas yra atskiras modulis, leid\u017eiantis baldus i\u0161d\u0117styti bet kokiu deriniu. Baldai yra erdv\u016bs ir si\u016blomi \u012fvairi\u0173 spalv\u0173. Matmenys:<br \/>\n\u2013 plotis 310 cm \/ auk\u0161tis 196 cm \/ gylis 53 cm<br \/>\nPapildoma informacija:<br \/>\n\u012e komplekt\u0105 \u012feina \u0161ie baldai (plotis\/auk\u0161tis\/gylis):<\/p>\n<p>\u2013 90 x 196 cm \/ 53 cm dyd\u017eio spinta su erdviu stal\u010diumi ir drabu\u017ei\u0173 pakaba,<\/p>\n<p>\u2013 stalas 130 x 81 cm \/ 53 cm su i\u0161traukiama lentyna klaviat\u016brai ir praplatinimu vir\u0161 stalo,<\/p>\n<p>\u2013 lentyn\u0173 blokas 80 x 196 cm su lentynomis,<\/p>\n<p>\u2013 baldai pagaminti i\u0161 16 mm storio laminuotos plok\u0161t\u0117s,<\/p>\n<p>\u2013 auk\u0161tos kokyb\u0117s plastikin\u0117s rankenos u\u017etikrina patvarum\u0105 ir naudojimo patogum\u0105.<\/p>\n<p>\u2013 baldai yra nauji, supakuoti \u012f savaranki\u0161kai surinkamas pakuotes,<\/p>\n<p>\u2013 pridedamos ai\u0161kios instrukcijos ir priedai.<\/p>","protected":false},"excerpt":{"rendered":"<p>Plotis\/Auk\u0161tis\/Gylis: 310\/196\/53 cm. TYTUS jaunimo baldai puikiai papildys bet kur\u012f paauglio ar vaiko kambar\u012f. Unikalus dizainas suteiks jam stiliaus ir pabr\u0117\u0161 jaunatvi\u0161k\u0105 kambario charakter\u012f. Tai puikus sprendimas visiems, kurie vertina funkcionalum\u0105 savo vaik\u0173 erdv\u0117je. Kiekvienas komplekto elementas yra atskiras modulis, leid\u017eiantis i\u0161d\u0117styti [\u2026]<\/p>","protected":false},"featured_media":335316,"comment_status":"open","ping_status":"closed","template":"","meta":[],"product_brand":[],"product_cat":[9881,9879,2008],"product_tag":[],"class_list":{"0":"post-335283","1":"product","2":"type-product","3":"status-publish","4":"has-post-thumbnail","6":"product_cat-furniture-for-young-people-krajan","7":"product_cat-krajan","8":"product_cat-wall-units","10":"first","11":"instock","12":"shipping-taxable","13":"purchasable","14":"product-type-variable","15":"wvs-archive-product-wrapper"},"_links":{"self":[{"href":"https:\/\/baldumarket.lt\/lt\/wp-json\/wp\/v2\/product\/335283","targetHints":{"allow":["GET"]}}],"collection":[{"href":"https:\/\/baldumarket.lt\/lt\/wp-json\/wp\/v2\/product"}],"about":[{"href":"https:\/\/baldumarket.lt\/lt\/wp-json\/wp\/v2\/types\/product"}],"replies":[{"embeddable":true,"href":"https:\/\/baldumarket.lt\/lt\/wp-json\/wp\/v2\/comments?post=335283"}],"wp:featuredmedia":[{"embeddable":true,"href":"https:\/\/baldumarket.lt\/lt\/wp-json\/wp\/v2\/media\/335316"}],"wp:attachment":[{"href":"https:\/\/baldumarket.lt\/lt\/wp-json\/wp\/v2\/media?parent=335283"}],"wp:term":[{"taxonomy":"product_brand","embeddable":true,"href":"https:\/\/baldumarket.lt\/lt\/wp-json\/wp\/v2\/product_brand?post=335283"},{"taxonomy":"product_cat","embeddable":true,"href":"https:\/\/baldumarket.lt\/lt\/wp-json\/wp\/v2\/product_cat?post=335283"},{"taxonomy":"product_tag","embeddable":true,"href":"https:\/\/baldumarket.lt\/lt\/wp-json\/wp\/v2\/product_tag?post=335283"}],"curies":[{"name":"wp","href":"https:\/\/api.w.org\/{rel}","templated":true}]}}