{"id":335229,"date":"2026-03-07T18:15:23","date_gmt":"2026-03-07T15:15:23","guid":{"rendered":"https:\/\/baldumarket.lt\/?post_type=product&#038;p=335229"},"modified":"2026-04-07T16:02:23","modified_gmt":"2026-04-07T13:02:23","slug":"venesa","status":"publish","type":"product","link":"https:\/\/baldumarket.lt\/lt\/product\/venesa\/","title":{"rendered":"VENESA"},"content":{"rendered":"<p>\u0160\u012f miegamojo bald\u0173 komplekt\u0105 sudaro lova, drabu\u017ei\u0173 spinta, komoda ir naktiniai staleliai. Juos taip pat galima \u012fsigyti atskirai, tod\u0117l galite susikurti savo miegamojo bald\u0173 komplekt\u0105, pritaikyt\u0105 j\u016bs\u0173 individualiems poreikiams. Jie yra patog\u016bs ir erdv\u016bs d\u0117l gerai apgalvot\u0173 daikt\u0173 laikymo funkcij\u0173. D\u0117l auk\u0161\u010diausios kokyb\u0117s gamybos jais gal\u0117site d\u017eiaugtis ilgus metus. Komplekt\u0105 sudaro:<br \/>\n\u2013 Dviej\u0173 dur\u0173 stumdoma spinta su veidrod\u017eiu \u2013 1 vnt.<\/p>\n<p>\u2013 lova su kop\u0117\u010di\u0173 r\u0117mu \u2013 1 vnt. (\u010diu\u017einys ne\u012fskai\u010diuotas)<\/p>\n<p>\u2013 komoda \u2013 1 vnt.<\/p>\n<p>\u2013 naktinis staliukas \u2013 2 vnt.<\/p>\n<p>\u2013 veidrodis \u2013 1 vnt.<br \/>\nMatmenys:<\/p>\n<p>plotis cm \/ auk\u0161tis cm \/ gylis cm<\/p>\n<p>\u2013 spintos matmenys: 200 x 211 x 62<\/p>\n<p>\u2013 lova: 171 x 65 x 205<\/p>\n<p>\u2013 naktinis staliukas: 52 x 41 x 36,5<\/p>\n<p>\u2013 komoda: 112 x 82 x 42,5<\/p>\n<p>\u2013 veidrodis: plotis 100 cm, auk\u0161tis 60 cm<\/p>\n<p>Papildoma informacija:<br \/>\n\u2013 lova: miegamojo plotas 160 x 200 cm (\u010diu\u017einys ne\u012fskai\u010diuotas)<\/p>\n<p>\u2013 baldai yra nauji, supakuoti \u012f savaranki\u0161kai surinkamas pakuotes, su ai\u0161kiomis instrukcijomis ir priedais.<\/p>\n<p>\u2013 Vizualizacijoje matomas miegamasis apdailintas Willton\/Congo spalva.<\/p>","protected":false},"excerpt":{"rendered":"<p>\u0160\u012f miegamojo bald\u0173 komplekt\u0105 sudaro lova, drabu\u017ei\u0173 spinta, komoda ir naktiniai staleliai. Juos taip pat galima \u012fsigyti atskirai, tod\u0117l galite susikurti savo miegamojo bald\u0173 komplekt\u0105, pritaikyt\u0105 j\u016bs\u0173 individualiems poreikiams. Jie yra patog\u016bs ir erdv\u016bs d\u0117l gerai suprojektuot\u0173 daikt\u0173 laikymo funkcij\u0173. D\u0117l auk\u0161\u010diausios kokyb\u0117s gamybos, galite jais d\u017eiaugtis [\u2026]<\/p>","protected":false},"featured_media":335276,"comment_status":"open","ping_status":"closed","template":"","meta":[],"product_brand":[],"product_cat":[9883,9879,9134],"product_tag":[],"class_list":{"0":"post-335229","1":"product","2":"type-product","3":"status-publish","4":"has-post-thumbnail","6":"product_cat-bedrooms-krajan","7":"product_cat-krajan","8":"product_cat-bedroom-sets","10":"first","11":"instock","12":"shipping-taxable","13":"product-type-variable","14":"wvs-archive-product-wrapper"},"_links":{"self":[{"href":"https:\/\/baldumarket.lt\/lt\/wp-json\/wp\/v2\/product\/335229","targetHints":{"allow":["GET"]}}],"collection":[{"href":"https:\/\/baldumarket.lt\/lt\/wp-json\/wp\/v2\/product"}],"about":[{"href":"https:\/\/baldumarket.lt\/lt\/wp-json\/wp\/v2\/types\/product"}],"replies":[{"embeddable":true,"href":"https:\/\/baldumarket.lt\/lt\/wp-json\/wp\/v2\/comments?post=335229"}],"wp:featuredmedia":[{"embeddable":true,"href":"https:\/\/baldumarket.lt\/lt\/wp-json\/wp\/v2\/media\/335276"}],"wp:attachment":[{"href":"https:\/\/baldumarket.lt\/lt\/wp-json\/wp\/v2\/media?parent=335229"}],"wp:term":[{"taxonomy":"product_brand","embeddable":true,"href":"https:\/\/baldumarket.lt\/lt\/wp-json\/wp\/v2\/product_brand?post=335229"},{"taxonomy":"product_cat","embeddable":true,"href":"https:\/\/baldumarket.lt\/lt\/wp-json\/wp\/v2\/product_cat?post=335229"},{"taxonomy":"product_tag","embeddable":true,"href":"https:\/\/baldumarket.lt\/lt\/wp-json\/wp\/v2\/product_tag?post=335229"}],"curies":[{"name":"wp","href":"https:\/\/api.w.org\/{rel}","templated":true}]}}