{"id":335215,"date":"2026-03-07T18:14:19","date_gmt":"2026-03-07T15:14:19","guid":{"rendered":"https:\/\/baldumarket.lt\/?post_type=product&#038;p=335215"},"modified":"2026-03-26T18:06:57","modified_gmt":"2026-03-26T15:06:57","slug":"venesa-spinta-v-5","status":"publish","type":"product","link":"https:\/\/baldumarket.lt\/lt\/product\/venesa-spinta-v-5\/","title":{"rendered":"VENESA spinta V-5"},"content":{"rendered":"<p>Plotis\/Auk\u0161tis\/Gylis: 200\/211\/62 cm<br \/>\nVENESA \u2013 moderni ir erdvi stumdoma spinta su veidrod\u017eiais. \u0160i spinta puikiai tiks eleganti\u0161kame miegamajame, prie\u0161kambaryje ar net paauglio kambaryje. Ji pagaminta i\u0161 auk\u0161tos kokyb\u0117s laminuotos plok\u0161t\u0117s. Dideli veidrod\u017eiai \u2013 puikus apdailos akcentas, ne tik papildantis \u012fvaizd\u012f, bet ir vizualiai padidinantis bei pa\u0161viesinantis kambar\u012f. Spintos viduje yra prakti\u0161kos lentynos ir pakabos daiktams. Spinta yra \u012fvairi\u0173 spalv\u0173.<\/p>","protected":false},"excerpt":{"rendered":"<p>Plotis\/Auk\u0161tis\/Gylis: 200\/211\/62 cm. VENESA \u2013 tai moderni ir erdvi stumdoma spinta su veidrod\u017eiais. \u0160i spinta puikiai tiks eleganti\u0161kame miegamajame, prie\u0161kambaryje ar net paauglio kambaryje. Ji pagaminta i\u0161 auk\u0161tos kokyb\u0117s laminuotos plok\u0161t\u0117s. Dideli veidrod\u017eiai \u2013 puikus akcentas, ne tik papildantis \u012fvaizd\u012f, bet ir vizualiai padidinantis bei pary\u0161kinantis [\u2026]<\/p>","protected":false},"featured_media":335257,"comment_status":"open","ping_status":"closed","template":"","meta":[],"product_brand":[],"product_cat":[9883,9879,1177],"product_tag":[],"class_list":{"0":"post-335215","1":"product","2":"type-product","3":"status-publish","4":"has-post-thumbnail","6":"product_cat-bedrooms-krajan","7":"product_cat-krajan","8":"product_cat-wardrobes","10":"first","11":"instock","12":"shipping-taxable","13":"purchasable","14":"product-type-variable","15":"wvs-archive-product-wrapper"},"_links":{"self":[{"href":"https:\/\/baldumarket.lt\/lt\/wp-json\/wp\/v2\/product\/335215","targetHints":{"allow":["GET"]}}],"collection":[{"href":"https:\/\/baldumarket.lt\/lt\/wp-json\/wp\/v2\/product"}],"about":[{"href":"https:\/\/baldumarket.lt\/lt\/wp-json\/wp\/v2\/types\/product"}],"replies":[{"embeddable":true,"href":"https:\/\/baldumarket.lt\/lt\/wp-json\/wp\/v2\/comments?post=335215"}],"wp:featuredmedia":[{"embeddable":true,"href":"https:\/\/baldumarket.lt\/lt\/wp-json\/wp\/v2\/media\/335257"}],"wp:attachment":[{"href":"https:\/\/baldumarket.lt\/lt\/wp-json\/wp\/v2\/media?parent=335215"}],"wp:term":[{"taxonomy":"product_brand","embeddable":true,"href":"https:\/\/baldumarket.lt\/lt\/wp-json\/wp\/v2\/product_brand?post=335215"},{"taxonomy":"product_cat","embeddable":true,"href":"https:\/\/baldumarket.lt\/lt\/wp-json\/wp\/v2\/product_cat?post=335215"},{"taxonomy":"product_tag","embeddable":true,"href":"https:\/\/baldumarket.lt\/lt\/wp-json\/wp\/v2\/product_tag?post=335215"}],"curies":[{"name":"wp","href":"https:\/\/api.w.org\/{rel}","templated":true}]}}