{"id":335208,"date":"2026-03-07T18:13:38","date_gmt":"2026-03-07T15:13:38","guid":{"rendered":"https:\/\/baldumarket.lt\/?post_type=product&#038;p=335208"},"modified":"2026-03-26T18:06:57","modified_gmt":"2026-03-26T15:06:57","slug":"venus","status":"publish","type":"product","link":"https:\/\/baldumarket.lt\/lt\/product\/venus\/","title":{"rendered":"Prie\u0161kambaris VENUS"},"content":{"rendered":"<p>Plotis\/Auk\u0161tis\/Gylis: 200\/212\/65 cm<br \/>\n\u0160i moderni ir erdvi VENUS spinta pasi\u017eymi labai madingu ir eleganti\u0161ku dizainu, su dviem stumdomomis durimis. Unikalus jos charakteris suteiks \u017eavesio bet kuriam kambariui. Pagaminta i\u0161 auk\u0161\u010diausios kokyb\u0117s med\u017eiag\u0173, ji patenkins net ir i\u0161rankiausi\u0173 klient\u0173 l\u016bkes\u010dius. Stumdomose duryse sumontuotos aliuminio rankenos, kad jas b\u016bt\u0173 lengva atidaryti ir u\u017edaryti. Spintos korpusas pagamintas i\u0161 matin\u0117s laminuotos plok\u0161t\u0117s; matin\u0117je priekin\u0117je dalyje yra juodo stiklo ir veidrod\u017eio intarpai.<\/p>\n<p>Matmenys:<br \/>\n\u2013 plotis 200 cm \/ auk\u0161tis 212 cm \/ gylis 65 cm<br \/>\nPapildoma informacija:<br \/>\n\u2013 viduje yra pakabinimo b\u0117gelis ir lentynos,<\/p>\n<p>\u2013 aliuminio rankenos,<\/p>\n<p>\u2013 baldai yra nauji, supakuoti \u012f savaranki\u0161kai surinkamas pakuotes, su ai\u0161kiomis instrukcijomis ir priedais.<\/p>\n<p>\u2013 vizualizacijoje pavaizduota spinta yra \u0161i\u0173 spalv\u0173: Sonoma\/Wilton + juodas stiklas ir veidrod\u017eio \u012fd\u0117klai<\/p>","protected":false},"excerpt":{"rendered":"<p>Plotis\/Auk\u0161tis\/Gylis: 200\/212\/65 cm \u0160i moderni ir erdvi VENUS spinta pasi\u017eymi labai madingu ir eleganti\u0161ku dizainu, su dviem stumdomomis durimis. Jos unikalus charakteris suteiks \u017eavesio bet kuriam kambariui. Pagaminta i\u0161 auk\u0161\u010diausios kokyb\u0117s med\u017eiag\u0173, ji patenkins net ir i\u0161rankiausi\u0173 klient\u0173 l\u016bkes\u010dius. Stumdomose duryse sumontuotos aliuminio rankenos, kad b\u016bt\u0173 lengva [\u2026]<\/p>","protected":false},"featured_media":335255,"comment_status":"open","ping_status":"closed","template":"","meta":[],"product_brand":[],"product_cat":[9879,9884,1177],"product_tag":[],"class_list":{"0":"post-335208","1":"product","2":"type-product","3":"status-publish","4":"has-post-thumbnail","6":"product_cat-krajan","7":"product_cat-wardrobes-krajan","8":"product_cat-wardrobes","10":"first","11":"instock","12":"shipping-taxable","13":"purchasable","14":"product-type-variable","15":"wvs-archive-product-wrapper"},"_links":{"self":[{"href":"https:\/\/baldumarket.lt\/lt\/wp-json\/wp\/v2\/product\/335208","targetHints":{"allow":["GET"]}}],"collection":[{"href":"https:\/\/baldumarket.lt\/lt\/wp-json\/wp\/v2\/product"}],"about":[{"href":"https:\/\/baldumarket.lt\/lt\/wp-json\/wp\/v2\/types\/product"}],"replies":[{"embeddable":true,"href":"https:\/\/baldumarket.lt\/lt\/wp-json\/wp\/v2\/comments?post=335208"}],"wp:featuredmedia":[{"embeddable":true,"href":"https:\/\/baldumarket.lt\/lt\/wp-json\/wp\/v2\/media\/335255"}],"wp:attachment":[{"href":"https:\/\/baldumarket.lt\/lt\/wp-json\/wp\/v2\/media?parent=335208"}],"wp:term":[{"taxonomy":"product_brand","embeddable":true,"href":"https:\/\/baldumarket.lt\/lt\/wp-json\/wp\/v2\/product_brand?post=335208"},{"taxonomy":"product_cat","embeddable":true,"href":"https:\/\/baldumarket.lt\/lt\/wp-json\/wp\/v2\/product_cat?post=335208"},{"taxonomy":"product_tag","embeddable":true,"href":"https:\/\/baldumarket.lt\/lt\/wp-json\/wp\/v2\/product_tag?post=335208"}],"curies":[{"name":"wp","href":"https:\/\/api.w.org\/{rel}","templated":true}]}}