{"id":335204,"date":"2026-03-07T18:13:30","date_gmt":"2026-03-07T15:13:30","guid":{"rendered":"https:\/\/baldumarket.lt\/?post_type=product&#038;p=335204"},"modified":"2026-03-26T18:06:57","modified_gmt":"2026-03-26T15:06:57","slug":"venus-spindesys","status":"publish","type":"product","link":"https:\/\/baldumarket.lt\/lt\/product\/venus-spindesys\/","title":{"rendered":"Prie\u0161kambaris VENUS GLOSS"},"content":{"rendered":"<p>Informacija:<br \/>\nPlotis\/Auk\u0161tis\/Gylis: 242\/200\/45 cm<br \/>\nKairiosios lentynos plotis: 66 cm<\/p>\n<p>Prie sienos tvirtinamos komodos plotis: 116 cm<\/p>\n<p>Palt\u0173 kabyklos plotis: 60 cm<\/p>\n<p>Veidrodin\u0117 lenta: 116 x 88 cm<br \/>\nSpalva nuotraukoje: Sonoma\/blizgi balta<\/p>\n<p>Baldai pristatomi plok\u0161\u010diose pakuot\u0117se, kurias galima surinkti savaranki\u0161kai.<\/p>\n<p>Naujas produktas, originalioje pakuot\u0117je!<\/p>\n<p>Pagaminta i\u0161 laminuotos med\u017eio dro\u017eli\u0173 plok\u0161t\u0117s.<\/p>\n<p>Priekin\u0117s dalys: lenta + lygus priekis + \u0161onin\u0117 panel\u0117.<\/p>","protected":false},"excerpt":{"rendered":"<p>Informacija: Plotis\/Auk\u0161tis\/Gylis: 242\/200\/45 cm Kair\u0117je pus\u0117je esan\u010dios lentynos plotis: 66 cm Prie sienos tvirtinamos komodos plotis: 116 cm Palt\u0173 kabyklos plotis: 60 cm Veidrodinis lenta: 116 x 88 cm Spalva nuotraukoje: Sonoma\/blizgi balta Baldai pristatomi plok\u0161\u010diose pakuot\u0117se, kad b\u016bt\u0173 galima surinkti patiems. Naujas gaminys, originalioje pakuot\u0117je! Pagaminta i\u0161 laminuotos med\u017eio dro\u017eli\u0173 plok\u0161t\u0117s. Fasadai: plok\u0161t\u0117 + lygus fasadas + [\u2026]<\/p>","protected":false},"featured_media":335245,"comment_status":"open","ping_status":"closed","template":"","meta":[],"product_brand":[],"product_cat":[9879,1177],"product_tag":[],"class_list":{"0":"post-335204","1":"product","2":"type-product","3":"status-publish","4":"has-post-thumbnail","6":"product_cat-krajan","7":"product_cat-wardrobes","9":"first","10":"instock","11":"shipping-taxable","12":"purchasable","13":"product-type-variable","14":"wvs-archive-product-wrapper"},"_links":{"self":[{"href":"https:\/\/baldumarket.lt\/lt\/wp-json\/wp\/v2\/product\/335204","targetHints":{"allow":["GET"]}}],"collection":[{"href":"https:\/\/baldumarket.lt\/lt\/wp-json\/wp\/v2\/product"}],"about":[{"href":"https:\/\/baldumarket.lt\/lt\/wp-json\/wp\/v2\/types\/product"}],"replies":[{"embeddable":true,"href":"https:\/\/baldumarket.lt\/lt\/wp-json\/wp\/v2\/comments?post=335204"}],"wp:featuredmedia":[{"embeddable":true,"href":"https:\/\/baldumarket.lt\/lt\/wp-json\/wp\/v2\/media\/335245"}],"wp:attachment":[{"href":"https:\/\/baldumarket.lt\/lt\/wp-json\/wp\/v2\/media?parent=335204"}],"wp:term":[{"taxonomy":"product_brand","embeddable":true,"href":"https:\/\/baldumarket.lt\/lt\/wp-json\/wp\/v2\/product_brand?post=335204"},{"taxonomy":"product_cat","embeddable":true,"href":"https:\/\/baldumarket.lt\/lt\/wp-json\/wp\/v2\/product_cat?post=335204"},{"taxonomy":"product_tag","embeddable":true,"href":"https:\/\/baldumarket.lt\/lt\/wp-json\/wp\/v2\/product_tag?post=335204"}],"curies":[{"name":"wp","href":"https:\/\/api.w.org\/{rel}","templated":true}]}}