{"id":335202,"date":"2026-03-07T18:13:24","date_gmt":"2026-03-07T15:13:24","guid":{"rendered":"https:\/\/baldumarket.lt\/?post_type=product&#038;p=335202"},"modified":"2026-03-26T18:06:57","modified_gmt":"2026-03-26T15:06:57","slug":"viki","status":"publish","type":"product","link":"https:\/\/baldumarket.lt\/lt\/product\/viki\/","title":{"rendered":"Prie\u0161kambaris VIKI"},"content":{"rendered":"<p>Plotis\/Auk\u0161tis\/Gylis: 204\/212\/65 cm<br \/>\nVIKI \u2013 moderni ir erdvi stumdoma spinta su veidrod\u017eiais. \u0160i spinta puikiai atrodys eleganti\u0161kame miegamajame, prie\u0161kambaryje ar net paauglio kambaryje. Ji pagaminta i\u0161 auk\u0161tos kokyb\u0117s laminuotos plok\u0161t\u0117s. Didelis veidrodis \u2013 puikus akcentas, ne tik papildantis stili\u0173, bet ir vizualiai padidinantis bei pa\u0161viesinantis kambar\u012f. Spintos viduje yra prakti\u0161kos lentynos ir pakaba daiktams. Galima rinktis i\u0161 \u012fvairi\u0173 spalv\u0173.<\/p>\n<p>Matmenys:<br \/>\n\u2013 Plotis 204 cm \/ Auk\u0161tis 212 cm \/ Gylis 65 cm<br \/>\nPapildoma informacija:<br \/>\n\u2013 Naudota auk\u0161\u010diausios kokyb\u0117s stumdoma sistema; \u201eSuperior Laguna\u201c sistema<\/p>\n<p>\u2013 Rankenos: aliuminio \u0161oniniai profiliai<\/p>\n<p>\u2013 Baldai nauji, supakuoti \u012f savaranki\u0161kai surinkamas pakuotes, su ai\u0161kiomis instrukcijomis ir priedais.<\/p>\n<p>\u2013 Vizualizacijoje pavaizduota spinta yra bordo spalvos<\/p>","protected":false},"excerpt":{"rendered":"<p>Plotis\/Auk\u0161tis\/Gylis: 204\/212\/65 cm. VIKI \u2013 tai moderni ir erdvi stumdoma spinta su veidrod\u017eiais. \u0160i spinta puikiai atrodys eleganti\u0161kame miegamajame, prie\u0161kambaryje ar net paauglio kambaryje. Ji pagaminta i\u0161 auk\u0161tos kokyb\u0117s laminuotos plok\u0161t\u0117s. Didelis veidrodis \u2013 tobulas akcentas, ne tik papildantis stili\u0173, bet ir vizualiai padidinantis bei [\u2026]<\/p>","protected":false},"featured_media":335244,"comment_status":"open","ping_status":"closed","template":"","meta":[],"product_brand":[],"product_cat":[9879,9884,1177],"product_tag":[],"class_list":{"0":"post-335202","1":"product","2":"type-product","3":"status-publish","4":"has-post-thumbnail","6":"product_cat-krajan","7":"product_cat-wardrobes-krajan","8":"product_cat-wardrobes","10":"first","11":"instock","12":"shipping-taxable","13":"purchasable","14":"product-type-variable","15":"wvs-archive-product-wrapper"},"_links":{"self":[{"href":"https:\/\/baldumarket.lt\/lt\/wp-json\/wp\/v2\/product\/335202","targetHints":{"allow":["GET"]}}],"collection":[{"href":"https:\/\/baldumarket.lt\/lt\/wp-json\/wp\/v2\/product"}],"about":[{"href":"https:\/\/baldumarket.lt\/lt\/wp-json\/wp\/v2\/types\/product"}],"replies":[{"embeddable":true,"href":"https:\/\/baldumarket.lt\/lt\/wp-json\/wp\/v2\/comments?post=335202"}],"wp:featuredmedia":[{"embeddable":true,"href":"https:\/\/baldumarket.lt\/lt\/wp-json\/wp\/v2\/media\/335244"}],"wp:attachment":[{"href":"https:\/\/baldumarket.lt\/lt\/wp-json\/wp\/v2\/media?parent=335202"}],"wp:term":[{"taxonomy":"product_brand","embeddable":true,"href":"https:\/\/baldumarket.lt\/lt\/wp-json\/wp\/v2\/product_brand?post=335202"},{"taxonomy":"product_cat","embeddable":true,"href":"https:\/\/baldumarket.lt\/lt\/wp-json\/wp\/v2\/product_cat?post=335202"},{"taxonomy":"product_tag","embeddable":true,"href":"https:\/\/baldumarket.lt\/lt\/wp-json\/wp\/v2\/product_tag?post=335202"}],"curies":[{"name":"wp","href":"https:\/\/api.w.org\/{rel}","templated":true}]}}