{"id":335188,"date":"2026-03-07T18:12:05","date_gmt":"2026-03-07T15:12:05","guid":{"rendered":"https:\/\/baldumarket.lt\/?post_type=product&#038;p=335188"},"modified":"2026-03-26T18:06:57","modified_gmt":"2026-03-26T15:06:57","slug":"wiktoria","status":"publish","type":"product","link":"https:\/\/baldumarket.lt\/lt\/product\/wiktoria\/","title":{"rendered":"Prie\u0161kambaris WIKTORIA"},"content":{"rendered":"<p>Informacija:<br \/>\nPlotis\/Auk\u0161tis\/Gylis: 170\/200\/40 cm<br \/>\nSpintos plotis: 60 cm<\/p>\n<p>Vidurin\u0117 lentyna su veidrod\u017eiu: 50 cm<\/p>\n<p>Veidrodis: 126 \u00d7 50 cm<\/p>\n<p>Lentyna su pakaba: 60 cm<br \/>\nSpalva nuotraukoje: Sonoma<\/p>\n<p>Baldai pristatomi plok\u0161\u010diose pakuot\u0117se, kurias galima surinkti savaranki\u0161kai.<\/p>\n<p>Naujas produktas, originalioje pakuot\u0117je!<\/p>\n<p>Pagaminta i\u0161 laminuotos med\u017eio dro\u017eli\u0173 plok\u0161t\u0117s.<\/p>\n<p>Fasadas: lenta + lygus fasadas + Milano juostel\u0117.<\/p>","protected":false},"excerpt":{"rendered":"<p>Informacija: Plotis\/Auk\u0161tis\/Gylis: 170\/200\/40 cm Spintos plotis: 60 cm Vidurin\u0117 lentyna su veidrod\u017eiu: 50 cm Veidrodis: 126\u00d750 cm Lentyna su pakaba: 60 cm Nuotraukoje matoma spalva: Sonoma Baldai pristatomi plok\u0161\u010diose pakuot\u0117se, kad b\u016bt\u0173 galima surinkti patiems. Naujas gaminys, originalioje pakuot\u0117je! Pagaminta i\u0161 laminuotos med\u017eio dro\u017eli\u0173 plok\u0161t\u0117s. Fasadas: plok\u0161t\u0117 + lygus fasadas + Milano juostel\u0117.<\/p>","protected":false},"featured_media":335232,"comment_status":"open","ping_status":"closed","template":"","meta":[],"product_brand":[],"product_cat":[9879,9884,1177],"product_tag":[],"class_list":{"0":"post-335188","1":"product","2":"type-product","3":"status-publish","4":"has-post-thumbnail","6":"product_cat-krajan","7":"product_cat-wardrobes-krajan","8":"product_cat-wardrobes","10":"first","11":"instock","12":"shipping-taxable","13":"purchasable","14":"product-type-variable","15":"wvs-archive-product-wrapper"},"_links":{"self":[{"href":"https:\/\/baldumarket.lt\/lt\/wp-json\/wp\/v2\/product\/335188","targetHints":{"allow":["GET"]}}],"collection":[{"href":"https:\/\/baldumarket.lt\/lt\/wp-json\/wp\/v2\/product"}],"about":[{"href":"https:\/\/baldumarket.lt\/lt\/wp-json\/wp\/v2\/types\/product"}],"replies":[{"embeddable":true,"href":"https:\/\/baldumarket.lt\/lt\/wp-json\/wp\/v2\/comments?post=335188"}],"wp:featuredmedia":[{"embeddable":true,"href":"https:\/\/baldumarket.lt\/lt\/wp-json\/wp\/v2\/media\/335232"}],"wp:attachment":[{"href":"https:\/\/baldumarket.lt\/lt\/wp-json\/wp\/v2\/media?parent=335188"}],"wp:term":[{"taxonomy":"product_brand","embeddable":true,"href":"https:\/\/baldumarket.lt\/lt\/wp-json\/wp\/v2\/product_brand?post=335188"},{"taxonomy":"product_cat","embeddable":true,"href":"https:\/\/baldumarket.lt\/lt\/wp-json\/wp\/v2\/product_cat?post=335188"},{"taxonomy":"product_tag","embeddable":true,"href":"https:\/\/baldumarket.lt\/lt\/wp-json\/wp\/v2\/product_tag?post=335188"}],"curies":[{"name":"wp","href":"https:\/\/api.w.org\/{rel}","templated":true}]}}