{"id":335186,"date":"2026-03-07T18:11:59","date_gmt":"2026-03-07T15:11:59","guid":{"rendered":"https:\/\/baldumarket.lt\/?post_type=product&#038;p=335186"},"modified":"2026-03-26T18:06:57","modified_gmt":"2026-03-26T15:06:57","slug":"vitrina-ajax-ajw-1","status":"publish","type":"product","link":"https:\/\/baldumarket.lt\/lt\/product\/vitrina-ajax-ajw-1\/","title":{"rendered":"Vitrina AJAX AJW-1"},"content":{"rendered":"<p>Plotis\/Auk\u0161tis\/Gylis: 88,2\/191,5\/39 cm<\/p>\n<p>\u2013 Vitrinose standarti\u0161kai \u012frengtos laminuotos lentos lentynos.<\/p>\n<p>\u2013 Stiklin\u0117s lentynos ir LED ap\u0161vietimas \u2013 u\u017e papildom\u0105 mokest\u012f.<\/p>","protected":false},"excerpt":{"rendered":"<p>Plotis \/ Auk\u0161tis \/ Gylis: 88,2 \/ 191,5 \/ 39 cm \u2013 Vitrinose standarti\u0161kai \u012frengtos laminuotos lentos lentynos. \u2013 Stiklin\u0117s lentynos ir LED ap\u0161vietimas galimi u\u017e papildom\u0105 mokest\u012f.<\/p>","protected":false},"featured_media":335226,"comment_status":"open","ping_status":"closed","template":"","meta":[],"product_brand":[],"product_cat":[9927,9879,2006],"product_tag":[],"class_list":{"0":"post-335186","1":"product","2":"type-product","3":"status-publish","4":"has-post-thumbnail","6":"product_cat-furniture-system-ajax","7":"product_cat-krajan","8":"product_cat-vitrines","10":"first","11":"instock","12":"shipping-taxable","13":"purchasable","14":"product-type-variable","15":"wvs-archive-product-wrapper"},"_links":{"self":[{"href":"https:\/\/baldumarket.lt\/lt\/wp-json\/wp\/v2\/product\/335186","targetHints":{"allow":["GET"]}}],"collection":[{"href":"https:\/\/baldumarket.lt\/lt\/wp-json\/wp\/v2\/product"}],"about":[{"href":"https:\/\/baldumarket.lt\/lt\/wp-json\/wp\/v2\/types\/product"}],"replies":[{"embeddable":true,"href":"https:\/\/baldumarket.lt\/lt\/wp-json\/wp\/v2\/comments?post=335186"}],"wp:featuredmedia":[{"embeddable":true,"href":"https:\/\/baldumarket.lt\/lt\/wp-json\/wp\/v2\/media\/335226"}],"wp:attachment":[{"href":"https:\/\/baldumarket.lt\/lt\/wp-json\/wp\/v2\/media?parent=335186"}],"wp:term":[{"taxonomy":"product_brand","embeddable":true,"href":"https:\/\/baldumarket.lt\/lt\/wp-json\/wp\/v2\/product_brand?post=335186"},{"taxonomy":"product_cat","embeddable":true,"href":"https:\/\/baldumarket.lt\/lt\/wp-json\/wp\/v2\/product_cat?post=335186"},{"taxonomy":"product_tag","embeddable":true,"href":"https:\/\/baldumarket.lt\/lt\/wp-json\/wp\/v2\/product_tag?post=335186"}],"curies":[{"name":"wp","href":"https:\/\/api.w.org\/{rel}","templated":true}]}}