{"id":335178,"date":"2026-03-07T18:11:14","date_gmt":"2026-03-07T15:11:14","guid":{"rendered":"https:\/\/baldumarket.lt\/?post_type=product&#038;p=335178"},"modified":"2026-03-26T18:06:57","modified_gmt":"2026-03-26T15:06:57","slug":"vitrina-edw-1","status":"publish","type":"product","link":"https:\/\/baldumarket.lt\/lt\/product\/vitrina-edw-1\/","title":{"rendered":"Vitrina EDEN EDW-1"},"content":{"rendered":"<p>\u2013 EDW-1 vitrina<br \/>\n\u2013 vizualizacijos sistema prieinama kaln\u0173 uosio \/ portlando uosio medienos r\u016b\u0161yje<br \/>\n\u2013 vitrinose standarti\u0161kai yra laminuotos plok\u0161t\u0117s lentynos,<\/p>\n<p>\u2013 stiklin\u0117s lentynos ir LED ap\u0161vietimas galimi pagal pageidavim\u0105 u\u017e papildom\u0105 mokest\u012f,<\/p>","protected":false},"excerpt":{"rendered":"<p>\u2013 EDW-1 vitrina \u2013 vizualizacijos sistema si\u016bloma i\u0161 kaln\u0173 uosio\/portlando uosio medienos \u2013 vitrinose standartin\u0117s laminuotos plok\u0161t\u0117s lentynos, \u2013 stiklin\u0117s lentynos ir LED ap\u0161vietimas galimi pagal pageidavim\u0105 u\u017e papildom\u0105 mokest\u012f,<\/p>","protected":false},"featured_media":335213,"comment_status":"open","ping_status":"closed","template":"","meta":[],"product_brand":[],"product_cat":[9929,9879,2006],"product_tag":[],"class_list":{"0":"post-335178","1":"product","2":"type-product","3":"status-publish","4":"has-post-thumbnail","6":"product_cat-furniture-system-eden","7":"product_cat-krajan","8":"product_cat-vitrines","10":"first","11":"instock","12":"shipping-taxable","13":"purchasable","14":"product-type-variable","15":"wvs-archive-product-wrapper"},"_links":{"self":[{"href":"https:\/\/baldumarket.lt\/lt\/wp-json\/wp\/v2\/product\/335178","targetHints":{"allow":["GET"]}}],"collection":[{"href":"https:\/\/baldumarket.lt\/lt\/wp-json\/wp\/v2\/product"}],"about":[{"href":"https:\/\/baldumarket.lt\/lt\/wp-json\/wp\/v2\/types\/product"}],"replies":[{"embeddable":true,"href":"https:\/\/baldumarket.lt\/lt\/wp-json\/wp\/v2\/comments?post=335178"}],"wp:featuredmedia":[{"embeddable":true,"href":"https:\/\/baldumarket.lt\/lt\/wp-json\/wp\/v2\/media\/335213"}],"wp:attachment":[{"href":"https:\/\/baldumarket.lt\/lt\/wp-json\/wp\/v2\/media?parent=335178"}],"wp:term":[{"taxonomy":"product_brand","embeddable":true,"href":"https:\/\/baldumarket.lt\/lt\/wp-json\/wp\/v2\/product_brand?post=335178"},{"taxonomy":"product_cat","embeddable":true,"href":"https:\/\/baldumarket.lt\/lt\/wp-json\/wp\/v2\/product_cat?post=335178"},{"taxonomy":"product_tag","embeddable":true,"href":"https:\/\/baldumarket.lt\/lt\/wp-json\/wp\/v2\/product_tag?post=335178"}],"curies":[{"name":"wp","href":"https:\/\/api.w.org\/{rel}","templated":true}]}}