{"id":335162,"date":"2026-03-07T18:10:14","date_gmt":"2026-03-07T15:10:14","guid":{"rendered":"https:\/\/baldumarket.lt\/?post_type=product&#038;p=335162"},"modified":"2026-03-26T18:06:57","modified_gmt":"2026-03-26T15:06:57","slug":"vitrina-kew-1","status":"publish","type":"product","link":"https:\/\/baldumarket.lt\/lt\/product\/vitrina-kew-1\/","title":{"rendered":"Vitrina KEVIN KEW-1"},"content":{"rendered":"<p>\u2013 KEW-1 Vitrina \u2013 (125\/195\/43 cm) \u2013 sistema su vizualizacija, pagaminta i\u0161 Lancelot \u0105\u017euolo \/ Portland uosio medienos<\/p>","protected":false},"excerpt":{"rendered":"<p>\u2013 KEW-1 Vitrina \u2013 (125\/195\/43 cm) \u2013 sistema su vizualizacija, pagaminta i\u0161 Lancelot \u0105\u017euolo \/ Portland uosio medienos<\/p>","protected":false},"featured_media":335199,"comment_status":"open","ping_status":"closed","template":"","meta":[],"product_brand":[],"product_cat":[9936,9879,2006],"product_tag":[],"class_list":{"0":"post-335162","1":"product","2":"type-product","3":"status-publish","4":"has-post-thumbnail","6":"product_cat-furniture-system-kevin","7":"product_cat-krajan","8":"product_cat-vitrines","10":"first","11":"instock","12":"shipping-taxable","13":"purchasable","14":"product-type-variable","15":"wvs-archive-product-wrapper"},"_links":{"self":[{"href":"https:\/\/baldumarket.lt\/lt\/wp-json\/wp\/v2\/product\/335162","targetHints":{"allow":["GET"]}}],"collection":[{"href":"https:\/\/baldumarket.lt\/lt\/wp-json\/wp\/v2\/product"}],"about":[{"href":"https:\/\/baldumarket.lt\/lt\/wp-json\/wp\/v2\/types\/product"}],"replies":[{"embeddable":true,"href":"https:\/\/baldumarket.lt\/lt\/wp-json\/wp\/v2\/comments?post=335162"}],"wp:featuredmedia":[{"embeddable":true,"href":"https:\/\/baldumarket.lt\/lt\/wp-json\/wp\/v2\/media\/335199"}],"wp:attachment":[{"href":"https:\/\/baldumarket.lt\/lt\/wp-json\/wp\/v2\/media?parent=335162"}],"wp:term":[{"taxonomy":"product_brand","embeddable":true,"href":"https:\/\/baldumarket.lt\/lt\/wp-json\/wp\/v2\/product_brand?post=335162"},{"taxonomy":"product_cat","embeddable":true,"href":"https:\/\/baldumarket.lt\/lt\/wp-json\/wp\/v2\/product_cat?post=335162"},{"taxonomy":"product_tag","embeddable":true,"href":"https:\/\/baldumarket.lt\/lt\/wp-json\/wp\/v2\/product_tag?post=335162"}],"curies":[{"name":"wp","href":"https:\/\/api.w.org\/{rel}","templated":true}]}}