{"id":335152,"date":"2026-03-07T18:09:30","date_gmt":"2026-03-07T15:09:30","guid":{"rendered":"https:\/\/baldumarket.lt\/?post_type=product&#038;p=335152"},"modified":"2026-03-26T18:06:57","modified_gmt":"2026-03-26T15:06:57","slug":"vitrina-kew-3","status":"publish","type":"product","link":"https:\/\/baldumarket.lt\/lt\/product\/vitrina-kew-3\/","title":{"rendered":"Vitrina KEVIN KEW-3"},"content":{"rendered":"<p>\u2013 KEW-3 Vitrina \u2013 (125\/195\/43 cm)<br \/>\n\u2013 Vizualizacijos sistema Lancelot Oak\/Portland Ash medienos pramon\u0117je<br \/>\n\u2013 Vitrin\u0173 lentynos pagamintos i\u0161 laminuoto kartono \u2013 tai standartin\u0117 \u012franga<\/p>\n<p>\u2013 Stiklin\u0117s lentynos ir LED ap\u0161vietimas u\u017e papildom\u0105 mokest\u012f<\/p>","protected":false},"excerpt":{"rendered":"<p>\u2013 KEW-3 Vitrina \u2013 (125\/195\/43 cm) \u2013 Vizualizacijos sistema i\u0161 \u201eLancelot Oak\u201c \/ \u201ePortland Ash\u201c medienos \u2013 Vitrin\u0173 lentynos standartin\u0117s komplektacijos \u2013 Stiklin\u0117s lentynos ir LED ap\u0161vietimas u\u017e papildom\u0105 mokest\u012f<\/p>","protected":false},"featured_media":335197,"comment_status":"open","ping_status":"closed","template":"","meta":[],"product_brand":[],"product_cat":[9936,9879,2006],"product_tag":[],"class_list":{"0":"post-335152","1":"product","2":"type-product","3":"status-publish","4":"has-post-thumbnail","6":"product_cat-furniture-system-kevin","7":"product_cat-krajan","8":"product_cat-vitrines","10":"first","11":"instock","12":"shipping-taxable","13":"purchasable","14":"product-type-variable","15":"wvs-archive-product-wrapper"},"_links":{"self":[{"href":"https:\/\/baldumarket.lt\/lt\/wp-json\/wp\/v2\/product\/335152","targetHints":{"allow":["GET"]}}],"collection":[{"href":"https:\/\/baldumarket.lt\/lt\/wp-json\/wp\/v2\/product"}],"about":[{"href":"https:\/\/baldumarket.lt\/lt\/wp-json\/wp\/v2\/types\/product"}],"replies":[{"embeddable":true,"href":"https:\/\/baldumarket.lt\/lt\/wp-json\/wp\/v2\/comments?post=335152"}],"wp:featuredmedia":[{"embeddable":true,"href":"https:\/\/baldumarket.lt\/lt\/wp-json\/wp\/v2\/media\/335197"}],"wp:attachment":[{"href":"https:\/\/baldumarket.lt\/lt\/wp-json\/wp\/v2\/media?parent=335152"}],"wp:term":[{"taxonomy":"product_brand","embeddable":true,"href":"https:\/\/baldumarket.lt\/lt\/wp-json\/wp\/v2\/product_brand?post=335152"},{"taxonomy":"product_cat","embeddable":true,"href":"https:\/\/baldumarket.lt\/lt\/wp-json\/wp\/v2\/product_cat?post=335152"},{"taxonomy":"product_tag","embeddable":true,"href":"https:\/\/baldumarket.lt\/lt\/wp-json\/wp\/v2\/product_tag?post=335152"}],"curies":[{"name":"wp","href":"https:\/\/api.w.org\/{rel}","templated":true}]}}