{"id":335140,"date":"2026-03-07T18:08:48","date_gmt":"2026-03-07T15:08:48","guid":{"rendered":"https:\/\/baldumarket.lt\/?post_type=product&#038;p=335140"},"modified":"2026-03-26T18:06:57","modified_gmt":"2026-03-26T15:06:57","slug":"vitrina-rw-1","status":"publish","type":"product","link":"https:\/\/baldumarket.lt\/lt\/product\/vitrina-rw-1\/","title":{"rendered":"Vitrina ROBIN RW-1"},"content":{"rendered":"<p>\u2013 RW-1 Vitrina \u2013 (100\/144,2\/42 cm)<br \/>\n\u2013 Vizualizacijos sistema prieinama \u201eArtisan\u201c \/ \u201ePortland Ash\u201c.<br \/>\n\u2013 Standartin\u0117se vitrinose yra laminuotos plok\u0161t\u0117s lentynos.<\/p>\n<p>\u2013 Stiklin\u0117s lentynos ir LED ap\u0161vietimas galimi pagal pageidavim\u0105 u\u017e papildom\u0105 mokest\u012f.<\/p>","protected":false},"excerpt":{"rendered":"<p>\u2013 RW-1 Display Cabinet \u2013 (100\/144.2\/42cm) \u2013 The visualization system is available in Artisan\/Portland Ash. \u2013 The standard display cabinets feature laminated board shelves. \u2013 Glass shelves and LED lighting are available upon request for an additional charge.<\/p>","protected":false},"featured_media":335181,"comment_status":"open","ping_status":"closed","template":"","meta":[],"product_brand":[],"product_cat":[9945,9879,2006],"product_tag":[],"class_list":{"0":"post-335140","1":"product","2":"type-product","3":"status-publish","4":"has-post-thumbnail","6":"product_cat-furniture-system-robin","7":"product_cat-krajan","8":"product_cat-vitrines","10":"first","11":"instock","12":"shipping-taxable","13":"purchasable","14":"product-type-variable","15":"wvs-archive-product-wrapper"},"_links":{"self":[{"href":"https:\/\/baldumarket.lt\/lt\/wp-json\/wp\/v2\/product\/335140","targetHints":{"allow":["GET"]}}],"collection":[{"href":"https:\/\/baldumarket.lt\/lt\/wp-json\/wp\/v2\/product"}],"about":[{"href":"https:\/\/baldumarket.lt\/lt\/wp-json\/wp\/v2\/types\/product"}],"replies":[{"embeddable":true,"href":"https:\/\/baldumarket.lt\/lt\/wp-json\/wp\/v2\/comments?post=335140"}],"wp:featuredmedia":[{"embeddable":true,"href":"https:\/\/baldumarket.lt\/lt\/wp-json\/wp\/v2\/media\/335181"}],"wp:attachment":[{"href":"https:\/\/baldumarket.lt\/lt\/wp-json\/wp\/v2\/media?parent=335140"}],"wp:term":[{"taxonomy":"product_brand","embeddable":true,"href":"https:\/\/baldumarket.lt\/lt\/wp-json\/wp\/v2\/product_brand?post=335140"},{"taxonomy":"product_cat","embeddable":true,"href":"https:\/\/baldumarket.lt\/lt\/wp-json\/wp\/v2\/product_cat?post=335140"},{"taxonomy":"product_tag","embeddable":true,"href":"https:\/\/baldumarket.lt\/lt\/wp-json\/wp\/v2\/product_tag?post=335140"}],"curies":[{"name":"wp","href":"https:\/\/api.w.org\/{rel}","templated":true}]}}