{"id":335138,"date":"2026-03-07T18:08:46","date_gmt":"2026-03-07T15:08:46","guid":{"rendered":"https:\/\/baldumarket.lt\/?post_type=product&#038;p=335138"},"modified":"2026-03-26T18:06:57","modified_gmt":"2026-03-26T15:06:57","slug":"vitrina-wiw-1","status":"publish","type":"product","link":"https:\/\/baldumarket.lt\/lt\/product\/vitrina-wiw-1\/","title":{"rendered":"Vitrina WIVA WIW-1"},"content":{"rendered":"<p>\u2013 WIW-1 Vitrina \u2013 (116\/190,2\/42 cm)<br \/>\n\u2013 Vizualizacijos sistema tiekiama i\u0161 sidabrinio \u0105\u017euolo \/ dirbtinio \u0105\u017euolo.<br \/>\n\u2013 Spintel\u0117s standarti\u0161kai komplektuojamos su laminuotos plok\u0161t\u0117s lentynomis.<\/p>\n<p>\u2013 Stiklin\u0117s lentynos ir LED ap\u0161vietimas galimi pagal pageidavim\u0105 u\u017e papildom\u0105 mokest\u012f.<\/p>","protected":false},"excerpt":{"rendered":"<p>amatininkas\/dab amatas<br \/>\nd\u0105b srebrny\/wellington<br \/>\nd\u0105b srebrny\/d\u0105b craft<br \/>\njesion g\u00f3rski\/dab craft<br \/>\njesion portland\/artasan<\/p>","protected":false},"featured_media":335180,"comment_status":"open","ping_status":"closed","template":"","meta":[],"product_brand":[],"product_cat":[9949,9879,2006],"product_tag":[],"class_list":{"0":"post-335138","1":"product","2":"type-product","3":"status-publish","4":"has-post-thumbnail","6":"product_cat-furniture-system-wiva","7":"product_cat-krajan","8":"product_cat-vitrines","10":"first","11":"instock","12":"shipping-taxable","13":"purchasable","14":"product-type-variable","15":"wvs-archive-product-wrapper"},"_links":{"self":[{"href":"https:\/\/baldumarket.lt\/lt\/wp-json\/wp\/v2\/product\/335138","targetHints":{"allow":["GET"]}}],"collection":[{"href":"https:\/\/baldumarket.lt\/lt\/wp-json\/wp\/v2\/product"}],"about":[{"href":"https:\/\/baldumarket.lt\/lt\/wp-json\/wp\/v2\/types\/product"}],"replies":[{"embeddable":true,"href":"https:\/\/baldumarket.lt\/lt\/wp-json\/wp\/v2\/comments?post=335138"}],"wp:featuredmedia":[{"embeddable":true,"href":"https:\/\/baldumarket.lt\/lt\/wp-json\/wp\/v2\/media\/335180"}],"wp:attachment":[{"href":"https:\/\/baldumarket.lt\/lt\/wp-json\/wp\/v2\/media?parent=335138"}],"wp:term":[{"taxonomy":"product_brand","embeddable":true,"href":"https:\/\/baldumarket.lt\/lt\/wp-json\/wp\/v2\/product_brand?post=335138"},{"taxonomy":"product_cat","embeddable":true,"href":"https:\/\/baldumarket.lt\/lt\/wp-json\/wp\/v2\/product_cat?post=335138"},{"taxonomy":"product_tag","embeddable":true,"href":"https:\/\/baldumarket.lt\/lt\/wp-json\/wp\/v2\/product_tag?post=335138"}],"curies":[{"name":"wp","href":"https:\/\/api.w.org\/{rel}","templated":true}]}}